{"id":8343,"date":"2025-03-08T17:16:28","date_gmt":"2025-03-08T17:16:28","guid":{"rendered":"https:\/\/bigfunhobby.com\/butikk\/91194-birch-strips-15-x-4-x-914-mm-pack-25-pcs\/"},"modified":"2025-12-04T11:00:16","modified_gmt":"2025-12-04T09:00:16","slug":"91194-bjorklister-15-x-4-x-914-mm-forpackning-25-st","status":"publish","type":"product","link":"https:\/\/bigfunhobby.com\/sv\/butikk\/91194-birch-strips-15-x-4-x-914-mm-pack-25-pcs\/","title":{"rendered":"91194 BIRKSTRIPS 1,5 x 4 x 914 mm F\u00d6RPACKNING 25 ST"},"content":{"rendered":"<p>F\u00f6rpackningen inneh\u00e5ller bj\u00f6rklister med m\u00e5tten 1,5 x 4 x 914 mm och \u00e4r perfekt f\u00f6r modellbygge och andra hobbyaktiviteter. Med sin fina, h\u00f6gkvalitativa finish \u00e4r dessa bj\u00f6rklister ett utm\u00e4rkt val f\u00f6r b\u00e5de nyb\u00f6rjare och erfarna modellbyggare.<\/p>\n<p><b>Specifikationer:<\/b><br \/>\n- Varje f\u00f6rpackning inneh\u00e5ller 25 bj\u00f6rkremsor.<br \/>\n- Varje bj\u00f6rklist \u00e4r 914 mm l\u00e5ng.<br \/>\n- Listerna \u00e4r tillverkade av h\u00f6gkvalitativt, massivt tr\u00e4.<br \/>\n- De kan anv\u00e4ndas f\u00f6r m\u00e5nga \u00e4ndam\u00e5l inom modellbygge och andra hobbies.<\/p>\n<p>Bj\u00f6rklister \u00e4r idealiska f\u00f6r modellbyggare, eftersom de kan anv\u00e4ndas f\u00f6r att skapa ytterligare eller anpassade delar. I modelleringsprocesser f\u00f6r tr\u00e4fartyg kan de anv\u00e4ndas f\u00f6r \u00e5tg\u00e4rder som att bekl\u00e4da fartygets skrov eller l\u00e4gga till detaljer som golvlister och r\u00e4cken.<\/p>\n<p>Bj\u00f6rk \u00e4r k\u00e4nd f\u00f6r sin ljusa f\u00e4rg, som varierar fr\u00e5n vitt till gr\u00e4dde. Den \u00e4r d\u00e4rf\u00f6r mycket j\u00e4mn \u00f6ver hela stycket. Med tiden blir den n\u00e5got m\u00f6rkare. Tr\u00e4det har en rak \u00e5dring med en mycket fin struktur. Det g\u00f6r bj\u00f6rk till ett perfekt val f\u00f6r t\u00e4ljning, svarvning och alla typer av handarbete.<\/p>\n<p>Bj\u00f6rkremsorna kan hanteras och bearbetas med total l\u00e4tthet. De \u00e4r ett optimalt alternativ f\u00f6r att arbeta med h\u00e4nderna. Naturligtvis fungerar de utm\u00e4rkt n\u00e4r det g\u00e4ller limning och efterbehandling. Torkningen g\u00e5r snabbt och enkelt.<\/p>\n<p>Oavsett om du \u00e4r en erfaren modellbyggare eller nyb\u00f6rjare kommer du att tycka att de h\u00e4r bj\u00f6rkremsorna \u00e4r mycket anv\u00e4ndbara och enkla att anv\u00e4nda. V\u00e4nta inte, best\u00e4ll ditt paket med bj\u00f6rkremsor idag och ta din modellering till n\u00e4sta niv\u00e5!<\/p>","protected":false},"excerpt":{"rendered":"<p>F\u00f6rpackningen med bj\u00f6rklister f\u00f6r modellering \u00e4r en h\u00f6gkvalitativ produkt med m\u00e5nga anv\u00e4ndningsomr\u00e5den. Den \u00e4r perfekt f\u00f6r b\u00e5de nyb\u00f6rjare och erfarna modellbyggare.<\/p>","protected":false},"featured_media":8342,"comment_status":"open","ping_status":"closed","template":"","meta":[],"product_brand":[97],"product_cat":[73],"product_tag":[],"class_list":{"0":"post-8343","1":"product","2":"type-product","3":"status-publish","4":"has-post-thumbnail","6":"product_brand-artesania","7":"product_cat-trebyggesett-treverk","9":"first","10":"instock","11":"taxable","12":"shipping-taxable","13":"purchasable","14":"product-type-simple"},"_links":{"self":[{"href":"https:\/\/bigfunhobby.com\/sv\/wp-json\/wp\/v2\/product\/8343","targetHints":{"allow":["GET"]}}],"collection":[{"href":"https:\/\/bigfunhobby.com\/sv\/wp-json\/wp\/v2\/product"}],"about":[{"href":"https:\/\/bigfunhobby.com\/sv\/wp-json\/wp\/v2\/types\/product"}],"replies":[{"embeddable":true,"href":"https:\/\/bigfunhobby.com\/sv\/wp-json\/wp\/v2\/comments?post=8343"}],"wp:featuredmedia":[{"embeddable":true,"href":"https:\/\/bigfunhobby.com\/sv\/wp-json\/wp\/v2\/media\/8342"}],"wp:attachment":[{"href":"https:\/\/bigfunhobby.com\/sv\/wp-json\/wp\/v2\/media?parent=8343"}],"wp:term":[{"taxonomy":"product_brand","embeddable":true,"href":"https:\/\/bigfunhobby.com\/sv\/wp-json\/wp\/v2\/product_brand?post=8343"},{"taxonomy":"product_cat","embeddable":true,"href":"https:\/\/bigfunhobby.com\/sv\/wp-json\/wp\/v2\/product_cat?post=8343"},{"taxonomy":"product_tag","embeddable":true,"href":"https:\/\/bigfunhobby.com\/sv\/wp-json\/wp\/v2\/product_tag?post=8343"}],"curies":[{"name":"wp","href":"https:\/\/api.w.org\/{rel}","templated":true}]}}