{"id":8355,"date":"2025-03-08T17:16:34","date_gmt":"2025-03-08T17:16:34","guid":{"rendered":"https:\/\/bigfunhobby.com\/butikk\/91065-basswood-veneers-06x5x1000mm-pack-25-pcs\/"},"modified":"2025-12-04T11:00:39","modified_gmt":"2025-12-04T09:00:39","slug":"91065-basswood-veneers-06x5x1000mm-pack-25-pcs","status":"publish","type":"product","link":"https:\/\/bigfunhobby.com\/sv\/butikk\/91065-basswood-veneers-06x5x1000mm-pack-25-pcs\/","title":{"rendered":"91065 BASSWOOD-FENER 0,6x5x1000mm F\u00d6RPACKNING 25 ST"},"content":{"rendered":"<p>Dette er en pakke med 25 stk basswood-finer av massivt tre. Hvert stykke m\u00e5ler 0,6x5x1000mm &#8211; perfekt til b\u00e5de sm\u00e5 og store prosjekter. Veneeret er kjent for sin h\u00f8ye kvalitet, og passer til en rekke bruksomr\u00e5der. Enten du driver med modellbygging, fin snekring, h\u00e5ndverk eller skolearbeid, vil du sette pris p\u00e5 egenskapene til dette materialet.<\/p>\n<p><b>Specifikationer:<\/b><\/p>\n<ul>\n<li>Produktnavn: 91065 BASSWOOD VENEERS 0,6x5x1000mm PACK 25 PCS<\/li>\n<li>St\u00f8rrelse per veneer: 0,6x5x1000mm<\/li>\n<li>Antall i pakken: 25 stk<\/li>\n<\/ul>\n<p>Basswood er valgt til dette veneeret p\u00e5 grunn av sine mange positive egenskaper. Det har en lys farge, fra hvit til krem, noe som gir det et rent og pent utseende. Veneeret er sv\u00e6rt lett, og det har en medium-lav hardhet. Dette gj\u00f8r det lett \u00e5 jobbe med \u2013 perfekt for finere h\u00e5ndverksarbeid. <\/p>\n<p>Enten du skal bygge en skalamodell av et treskip eller en modelljernbane, vil dette veneeret v\u00e6re optimalt. Du kan for eksempel bruke det til \u00e5 lage nye eller tilpassede erstatningsdeler, eller kle inn deler som ikke er av tre for \u00e5 gi dem et trefinish. Basswood veneer er ogs\u00e5 ideelt for alle typer manuelt arbeid, da det er lett \u00e5 h\u00e5ndtere og arbeide med. Det er ogs\u00e5 utmerket i forhold til liming og etterbehandling, og t\u00f8rker raskt og enkelt.<\/p>\n<p>Gi prosjektene dine den finishen de fortjener med v\u00e5r Basswood veneer. Kj\u00f8p her og ta modellbyggingen din til neste niv\u00e5.<\/p>","protected":false},"excerpt":{"rendered":"<p>Basswood-finer av massivt tre, perfekt for modellbygging og h\u00e5ndverksarbeid. Lett i farge og enkel \u00e5 arbeide med.<\/p>","protected":false},"featured_media":8354,"comment_status":"open","ping_status":"closed","template":"","meta":[],"product_brand":[97],"product_cat":[73],"product_tag":[],"class_list":{"0":"post-8355","1":"product","2":"type-product","3":"status-publish","4":"has-post-thumbnail","6":"product_brand-artesania","7":"product_cat-trebyggesett-treverk","9":"first","10":"instock","11":"taxable","12":"shipping-taxable","13":"purchasable","14":"product-type-simple"},"_links":{"self":[{"href":"https:\/\/bigfunhobby.com\/sv\/wp-json\/wp\/v2\/product\/8355","targetHints":{"allow":["GET"]}}],"collection":[{"href":"https:\/\/bigfunhobby.com\/sv\/wp-json\/wp\/v2\/product"}],"about":[{"href":"https:\/\/bigfunhobby.com\/sv\/wp-json\/wp\/v2\/types\/product"}],"replies":[{"embeddable":true,"href":"https:\/\/bigfunhobby.com\/sv\/wp-json\/wp\/v2\/comments?post=8355"}],"wp:featuredmedia":[{"embeddable":true,"href":"https:\/\/bigfunhobby.com\/sv\/wp-json\/wp\/v2\/media\/8354"}],"wp:attachment":[{"href":"https:\/\/bigfunhobby.com\/sv\/wp-json\/wp\/v2\/media?parent=8355"}],"wp:term":[{"taxonomy":"product_brand","embeddable":true,"href":"https:\/\/bigfunhobby.com\/sv\/wp-json\/wp\/v2\/product_brand?post=8355"},{"taxonomy":"product_cat","embeddable":true,"href":"https:\/\/bigfunhobby.com\/sv\/wp-json\/wp\/v2\/product_cat?post=8355"},{"taxonomy":"product_tag","embeddable":true,"href":"https:\/\/bigfunhobby.com\/sv\/wp-json\/wp\/v2\/product_tag?post=8355"}],"curies":[{"name":"wp","href":"https:\/\/api.w.org\/{rel}","templated":true}]}}