{"id":8357,"date":"2025-03-08T17:16:35","date_gmt":"2025-03-08T17:16:35","guid":{"rendered":"https:\/\/bigfunhobby.com\/butikk\/91066-basswood-veneers-06x6x1000mm-pack-20-pcs\/"},"modified":"2025-12-04T11:00:39","modified_gmt":"2025-12-04T09:00:39","slug":"91066-basswood-veneers-06x6x1000mm-pack-20-pcs","status":"publish","type":"product","link":"https:\/\/bigfunhobby.com\/sv\/butikk\/91066-basswood-veneers-06x6x1000mm-pack-20-pcs\/","title":{"rendered":"91066 BASSWOOD-FENER 0,6x6x1000mm F\u00d6RPACKNING 20 ST"},"content":{"rendered":"<p>Dette er 91066 Basswood Finer, en pakke med 20 solide tresjikt i m\u00e5lene 0,6x6x1000mm. Dette er et h\u00f8ykvalitetsmateriale som er sv\u00e6rt verdsatt av b\u00e5de modellbyggere og h\u00e5ndverksentusiaster.<\/p>\n<p><strong>Specifikationer:<\/strong><\/p>\n<ul>\n<li>Solid basswood finer<\/li>\n<li>M\u00e5ler 0,6x6x1000mm per enhet<\/li>\n<li>Pakken inneholder 20 enheter<\/li>\n<\/ul>\n<p><strong>Material:<\/strong><\/p>\n<p>Basswood er kjent for sin lyse farge, fra hvit til krem. Det er et veldig lett og middels hardt tre. Dets fine tekstur, letthet i arbeid og h\u00e5ndtering, gj\u00f8r basswood til et ideelt valg for utskj\u00e6ring, dreining og all slags manuelt arbeid.<\/p>\n<p><strong>Anvendelser:<\/strong><\/p>\n<p>Med denne finer kan du gi utseende av tre til enhver del som ikke er det. For eksempel, for \u00e5 kle veggene p\u00e5 noe bygget med deler av brett, eller for \u00e5 kle et dekk p\u00e5 en skalamodell av et treskip og etterligne brettene som utgj\u00f8r det. Denne finer er perfekt for modellbyggeren, siden du kan lage nye eller tilpassede erstatningsdeler.<\/p>\n<p><strong>Historia:<\/strong><\/p>\n<p>Basswood har lenge v\u00e6rt h\u00f8yt verdsatt av modellbyggere og andre h\u00e5ndverksentusiaster p\u00e5 grunn av sin fine tekstur, og ikke minst dens enkelhet i arbeid og h\u00e5ndtering. Dette gj\u00f8r basswood til det optimale alternativet for manuelt arbeid.<\/p>\n<p>Uansett om du er en erfaren modellbygger eller en nybegynner, vil du sette pris p\u00e5 de mange anvendelsene til v\u00e5r Basswood Finer. Kj\u00f8p her og ta modellbyggingen din til et nytt niv\u00e5!<\/p>","protected":false},"excerpt":{"rendered":"<p>91066 Basswood Finer, solide tresjikt p\u00e5 0,6x6x1000mm, 20 stk i pakken. Ideelt for modellbygging, h\u00e5ndarbeid, og skoleprosjekter.<\/p>","protected":false},"featured_media":8356,"comment_status":"open","ping_status":"closed","template":"","meta":[],"product_brand":[97],"product_cat":[73],"product_tag":[],"class_list":{"0":"post-8357","1":"product","2":"type-product","3":"status-publish","4":"has-post-thumbnail","6":"product_brand-artesania","7":"product_cat-trebyggesett-treverk","9":"first","10":"instock","11":"taxable","12":"shipping-taxable","13":"purchasable","14":"product-type-simple"},"_links":{"self":[{"href":"https:\/\/bigfunhobby.com\/sv\/wp-json\/wp\/v2\/product\/8357","targetHints":{"allow":["GET"]}}],"collection":[{"href":"https:\/\/bigfunhobby.com\/sv\/wp-json\/wp\/v2\/product"}],"about":[{"href":"https:\/\/bigfunhobby.com\/sv\/wp-json\/wp\/v2\/types\/product"}],"replies":[{"embeddable":true,"href":"https:\/\/bigfunhobby.com\/sv\/wp-json\/wp\/v2\/comments?post=8357"}],"wp:featuredmedia":[{"embeddable":true,"href":"https:\/\/bigfunhobby.com\/sv\/wp-json\/wp\/v2\/media\/8356"}],"wp:attachment":[{"href":"https:\/\/bigfunhobby.com\/sv\/wp-json\/wp\/v2\/media?parent=8357"}],"wp:term":[{"taxonomy":"product_brand","embeddable":true,"href":"https:\/\/bigfunhobby.com\/sv\/wp-json\/wp\/v2\/product_brand?post=8357"},{"taxonomy":"product_cat","embeddable":true,"href":"https:\/\/bigfunhobby.com\/sv\/wp-json\/wp\/v2\/product_cat?post=8357"},{"taxonomy":"product_tag","embeddable":true,"href":"https:\/\/bigfunhobby.com\/sv\/wp-json\/wp\/v2\/product_tag?post=8357"}],"curies":[{"name":"wp","href":"https:\/\/api.w.org\/{rel}","templated":true}]}}