{"id":8359,"date":"2025-03-08T17:16:36","date_gmt":"2025-03-08T17:16:36","guid":{"rendered":"https:\/\/bigfunhobby.com\/butikk\/91067-basswood-veneers-06x7x1000mm-pack-20-pcs\/"},"modified":"2025-12-04T11:00:39","modified_gmt":"2025-12-04T09:00:39","slug":"91067-faner-av-basswood-06x7x1000mm-forpackning-20-st","status":"publish","type":"product","link":"https:\/\/bigfunhobby.com\/sv\/butikk\/91067-basswood-veneers-06x7x1000mm-pack-20-pcs\/","title":{"rendered":"91067 BASSWOOD-FENER 0,6x7x1000mm F\u00d6RPACKNING 20 ST"},"content":{"rendered":"<p>Detta \u00e4r en upps\u00e4ttning med 20 h\u00f6gkvalitativa fan\u00e9rark av basswood med m\u00e5tten 0,6x7x1000 mm. Basswood \u00e4r k\u00e4nt f\u00f6r sin l\u00e4tthet, medell\u00e5ga h\u00e5rdhet och fina struktur, vilket g\u00f6r det till ett utm\u00e4rkt val f\u00f6r modellering och annat hantverk.<\/p>\n<p><b>Specifikationer:<\/b><\/p>\n<ul>\n<li>Antal: 20 st<\/li>\n<li>Dimensioner: 0,6x7x1000 mm<\/li>\n<li>Material: Basswood<\/li>\n<li>F\u00e4rg: Fr\u00e5n vitt till gr\u00e4dde<\/li>\n<\/ul>\n<p>Dessa fan\u00e9rark \u00e4r perfekta f\u00f6r b\u00e5de erfarna och nyb\u00f6rjare. Anv\u00e4nd dem f\u00f6r att skapa nya eller anpassade delar till dina byggsatser eller f\u00f6r att ge delar som inte \u00e4r av tr\u00e4 ett autentiskt tr\u00e4utseende. De \u00e4r ocks\u00e5 perfekta f\u00f6r att kl\u00e4 v\u00e4ggarna i n\u00e5got som byggts med br\u00e4dbitar, eller f\u00f6r att kl\u00e4 d\u00e4cket p\u00e5 en tr\u00e4fartygsmodell och efterlikna plankorna som den best\u00e5r av.<\/p>\n<p>Basswood har varit ett popul\u00e4rt material bland modellbyggare och hobbyentusiaster i m\u00e5nga \u00e5r. Det \u00e4r l\u00e4tt och enkelt att arbeta med, vilket g\u00f6r det till ett optimalt val f\u00f6r hantverk. Dessutom \u00e4r det perfekt f\u00f6r limning och ytbehandling och torkningen g\u00e5r snabbt och enkelt.<\/p>\n<p>Utforska de m\u00f6jligheter som fanerskivor av basswood ger dig i ditt modellbygge eller hantverksprojekt. Best\u00e4ll ditt set med fanerark av basswood idag och ta ditt byggande till n\u00e4sta niv\u00e5.<\/p>","protected":false},"excerpt":{"rendered":"<p>Detta \u00e4r en upps\u00e4ttning med 20 fanerark av basswood med m\u00e5tten 0,6x7x1000 mm, idealiska f\u00f6r modellbygge, modellering av tr\u00e4fartyg och hantverk. L\u00e4tt att arbeta med och ger ett autentiskt tr\u00e4utseende.<\/p>","protected":false},"featured_media":8358,"comment_status":"open","ping_status":"closed","template":"","meta":[],"product_brand":[97],"product_cat":[73],"product_tag":[],"class_list":{"0":"post-8359","1":"product","2":"type-product","3":"status-publish","4":"has-post-thumbnail","6":"product_brand-artesania","7":"product_cat-trebyggesett-treverk","9":"first","10":"instock","11":"taxable","12":"shipping-taxable","13":"purchasable","14":"product-type-simple"},"_links":{"self":[{"href":"https:\/\/bigfunhobby.com\/sv\/wp-json\/wp\/v2\/product\/8359","targetHints":{"allow":["GET"]}}],"collection":[{"href":"https:\/\/bigfunhobby.com\/sv\/wp-json\/wp\/v2\/product"}],"about":[{"href":"https:\/\/bigfunhobby.com\/sv\/wp-json\/wp\/v2\/types\/product"}],"replies":[{"embeddable":true,"href":"https:\/\/bigfunhobby.com\/sv\/wp-json\/wp\/v2\/comments?post=8359"}],"wp:featuredmedia":[{"embeddable":true,"href":"https:\/\/bigfunhobby.com\/sv\/wp-json\/wp\/v2\/media\/8358"}],"wp:attachment":[{"href":"https:\/\/bigfunhobby.com\/sv\/wp-json\/wp\/v2\/media?parent=8359"}],"wp:term":[{"taxonomy":"product_brand","embeddable":true,"href":"https:\/\/bigfunhobby.com\/sv\/wp-json\/wp\/v2\/product_brand?post=8359"},{"taxonomy":"product_cat","embeddable":true,"href":"https:\/\/bigfunhobby.com\/sv\/wp-json\/wp\/v2\/product_cat?post=8359"},{"taxonomy":"product_tag","embeddable":true,"href":"https:\/\/bigfunhobby.com\/sv\/wp-json\/wp\/v2\/product_tag?post=8359"}],"curies":[{"name":"wp","href":"https:\/\/api.w.org\/{rel}","templated":true}]}}