{"id":8363,"date":"2025-03-08T17:16:38","date_gmt":"2025-03-08T17:16:38","guid":{"rendered":"https:\/\/bigfunhobby.com\/butikk\/92065-american-walnut-veneers-06x5x1000mm-pack-25-pcs\/"},"modified":"2025-12-04T11:00:40","modified_gmt":"2025-12-04T09:00:40","slug":"92065-amerikansk-valnotsfaner-06x5x1000mm-forpackning-25-st","status":"publish","type":"product","link":"https:\/\/bigfunhobby.com\/sv\/butikk\/92065-american-walnut-veneers-06x5x1000mm-pack-25-pcs\/","title":{"rendered":"92065 AMERIKANSK VALN\u00d6TSFENER 0,6x5x1000mm F\u00d6RPACKNING 25 ST"},"content":{"rendered":"<p>Detta \u00e4r amerikansk valn\u00f6tsfaner som m\u00e4ter 0,6x5x1000 mm och \u00e4r perfekt f\u00f6r b\u00e5de modellering och hantverk. F\u00f6rpackningen inneh\u00e5ller 25 bitar, vilket ger dig stor flexibilitet att skapa skr\u00e4ddarsydda delar till dina projekt.<\/p>\n<p><strong>Specifikationer:<\/strong><\/p>\n<ul>\n<li>Produktnamn: 92065 AMERIKANSK VALN\u00d6TSFAN\u00c9R<\/li>\n<li>Dimensioner: 0,6x5x1000 mm<\/li>\n<li>Antal i f\u00f6rpackningen: 25 stycken<\/li>\n<li>Material: Amerikansk valn\u00f6t<\/li>\n<\/ul>\n<p>Valn\u00f6tsfan\u00e9ret \u00e4r tillverkat av massivt amerikanskt valn\u00f6tstr\u00e4, k\u00e4nt f\u00f6r sin h\u00f6ga kvalitet. Den bruna f\u00e4rgen med inslag av gr\u00e5tt och gult ger en naturlig och autentisk k\u00e4nsla till dina projekt. Det h\u00e4r starka och h\u00e5llbara materialet \u00e4r mycket sv\u00e5rt att repa eller skada, vilket g\u00f6r det till ett utm\u00e4rkt val f\u00f6r modellering och hantverk.<\/p>\n<p>Amerikansk valn\u00f6t \u00e4r s\u00e4rskilt uppskattad av modellbyggare och hobbyister f\u00f6r sin h\u00f6ga h\u00e5rdhet och fina struktur samt f\u00f6r att den \u00e4r l\u00e4tt att bearbeta och hantera. Det \u00e4r ett perfekt val f\u00f6r snideri, svarvning och alla typer av manuellt arbete. Dessutom fungerar den bra med lim och erbjuder en snabb och enkel torkningsprocess.<\/p>\n<p>Med detta valn\u00f6tsfaner kan du f\u00e5 alla delar som inte \u00e4r det att se ut som tr\u00e4. Du kan t.ex. anv\u00e4nda det f\u00f6r att kl\u00e4 v\u00e4ggarna i n\u00e5got som \u00e4r byggt med delar av br\u00e4dor eller f\u00f6r att kl\u00e4 ett d\u00e4ck i marin skala och efterlikna de br\u00e4dor som det best\u00e5r av.<\/p>\n<p>S\u00e5 oavsett om du arbetar med fartygsmodeller i tr\u00e4, byggsatser i tr\u00e4, plastmodeller, skalmodeller eller andra modelleringsprojekt \u00e4r den h\u00e4r produkten ett utm\u00e4rkt tillskott till din verktygsl\u00e5da.<\/p>\n<p>\u00c4r du redo att ta dina modelleringsprojekt till n\u00e4sta niv\u00e5? Best\u00e4ll ditt paket med faner av amerikansk valn\u00f6t nu!<\/p>","protected":false},"excerpt":{"rendered":"<p>Detta faner av amerikansk valn\u00f6t med m\u00e5tten 0,6x5x1000 mm \u00e4r perfekt f\u00f6r modellering och hantverk. Med 25 bitar i f\u00f6rpackningen kan du skapa skr\u00e4ddarsydda bitar f\u00f6r dina projekt.<\/p>","protected":false},"featured_media":8362,"comment_status":"open","ping_status":"closed","template":"","meta":[],"product_brand":[97],"product_cat":[73],"product_tag":[],"class_list":{"0":"post-8363","1":"product","2":"type-product","3":"status-publish","4":"has-post-thumbnail","6":"product_brand-artesania","7":"product_cat-trebyggesett-treverk","9":"first","10":"instock","11":"taxable","12":"shipping-taxable","13":"purchasable","14":"product-type-simple"},"_links":{"self":[{"href":"https:\/\/bigfunhobby.com\/sv\/wp-json\/wp\/v2\/product\/8363","targetHints":{"allow":["GET"]}}],"collection":[{"href":"https:\/\/bigfunhobby.com\/sv\/wp-json\/wp\/v2\/product"}],"about":[{"href":"https:\/\/bigfunhobby.com\/sv\/wp-json\/wp\/v2\/types\/product"}],"replies":[{"embeddable":true,"href":"https:\/\/bigfunhobby.com\/sv\/wp-json\/wp\/v2\/comments?post=8363"}],"wp:featuredmedia":[{"embeddable":true,"href":"https:\/\/bigfunhobby.com\/sv\/wp-json\/wp\/v2\/media\/8362"}],"wp:attachment":[{"href":"https:\/\/bigfunhobby.com\/sv\/wp-json\/wp\/v2\/media?parent=8363"}],"wp:term":[{"taxonomy":"product_brand","embeddable":true,"href":"https:\/\/bigfunhobby.com\/sv\/wp-json\/wp\/v2\/product_brand?post=8363"},{"taxonomy":"product_cat","embeddable":true,"href":"https:\/\/bigfunhobby.com\/sv\/wp-json\/wp\/v2\/product_cat?post=8363"},{"taxonomy":"product_tag","embeddable":true,"href":"https:\/\/bigfunhobby.com\/sv\/wp-json\/wp\/v2\/product_tag?post=8363"}],"curies":[{"name":"wp","href":"https:\/\/api.w.org\/{rel}","templated":true}]}}