{"id":8367,"date":"2025-03-08T17:16:40","date_gmt":"2025-03-08T17:16:40","guid":{"rendered":"https:\/\/bigfunhobby.com\/butikk\/92067-american-walnut-veneers-06x7x1000mm-pack-20-pcs\/"},"modified":"2025-12-04T11:00:40","modified_gmt":"2025-12-04T09:00:40","slug":"92067-amerikansk-valnotsfaner-06x7x1000mm-forpackning-20-st","status":"publish","type":"product","link":"https:\/\/bigfunhobby.com\/sv\/butikk\/92067-american-walnut-veneers-06x7x1000mm-pack-20-pcs\/","title":{"rendered":"92067 AMERIKANSK VALN\u00d6TSFENER 0,6x7x1000mm F\u00d6RPACKNING 20 ST"},"content":{"rendered":"<p>Uppt\u00e4ck den h\u00f6ga kvaliteten p\u00e5 v\u00e5ra amerikanska valn\u00f6tsfaner, en viktig resurs f\u00f6r alla som brinner f\u00f6r modellering och hantverk. Dessa faner levereras i en f\u00f6rpackning med 20 stycken, var och en med m\u00e5tten 0,6x7x1000 mm.<\/p>\n<p><b>Specifikationer:<\/b><\/p>\n<ul>\n<li>Massiv amerikansk valn\u00f6tsfan\u00e9r<\/li>\n<li>M\u00e4ter 0,6x7x1000 mm per enhet<\/li>\n<li>F\u00f6rpackning med 20 stycken<\/li>\n<li>H\u00f6g kvalitet, robust och h\u00e5llbar<\/li>\n<\/ul>\n<p><b>Material:<\/b><\/p>\n<p>Dessa valn\u00f6tsfan\u00e9r \u00e4r tillverkade av massiv amerikansk valn\u00f6t, k\u00e4nd f\u00f6r sin bruna f\u00e4rg med nyanser av gr\u00e5tt och gult. Valn\u00f6t \u00e4r ett av de b\u00e4sta tr\u00e4slagen i Europa, k\u00e4nt f\u00f6r sin h\u00f6ga h\u00e5rdhet, fina struktur och l\u00e4tta att arbeta med. Det g\u00f6r det till ett perfekt val f\u00f6r skeppsmodeller i tr\u00e4, byggsatser i tr\u00e4 och andra modellbyggen.<\/p>\n<p><b>Historia:<\/b><\/p>\n<p>Amerikansk valn\u00f6t har l\u00e4nge varit h\u00f6gt v\u00e4rderad bland modellbyggare och hantverkare f\u00f6r sin h\u00e5llbarhet och estetik. Detta har gjort den till ett popul\u00e4rt val f\u00f6r skal- och plastmodeller.<\/p>\n<p>Oavsett om du \u00e4r en erfaren modellbyggare eller nyb\u00f6rjare kan du med dessa faner av amerikansk valn\u00f6t skapa nya eller anpassa befintliga delar. Du kan f\u00e5 alla delar som saknar \u00e4kta tr\u00e4 att se ut som \u00e4kta tr\u00e4, t.ex. kl\u00e4 v\u00e4ggarna i en modellbyggnad eller imitera plankorna p\u00e5 ett tr\u00e4skepp.<\/p>\n<p>Dessa faner \u00e4r ocks\u00e5 l\u00e4tta att limma och torkar snabbt och enkelt. Det g\u00f6r dem till ett optimalt alternativ till manuellt arbete. Med dessa faner kan du ta dina modelleringsprojekt till n\u00e4sta niv\u00e5.<\/p>\n<p>V\u00e4nta inte, uppt\u00e4ck hur dessa faner av amerikansk valn\u00f6t kan f\u00f6rb\u00e4ttra dina modelleringsprojekt. <b>Boka nu!<\/b><\/p>","protected":false},"excerpt":{"rendered":"<p>Dessa lister av amerikansk valn\u00f6tsfan\u00e9r, i storleken 0,6x7x1000 mm, \u00e4r perfekta f\u00f6r modellbygge och hantverk. Med sin h\u00f6ga kvalitet och robusthet ger de dina modeller ett \u00e4kta utseende.<\/p>","protected":false},"featured_media":8366,"comment_status":"open","ping_status":"closed","template":"","meta":[],"product_brand":[97],"product_cat":[73],"product_tag":[],"class_list":{"0":"post-8367","1":"product","2":"type-product","3":"status-publish","4":"has-post-thumbnail","6":"product_brand-artesania","7":"product_cat-trebyggesett-treverk","9":"first","10":"instock","11":"taxable","12":"shipping-taxable","13":"purchasable","14":"product-type-simple"},"_links":{"self":[{"href":"https:\/\/bigfunhobby.com\/sv\/wp-json\/wp\/v2\/product\/8367","targetHints":{"allow":["GET"]}}],"collection":[{"href":"https:\/\/bigfunhobby.com\/sv\/wp-json\/wp\/v2\/product"}],"about":[{"href":"https:\/\/bigfunhobby.com\/sv\/wp-json\/wp\/v2\/types\/product"}],"replies":[{"embeddable":true,"href":"https:\/\/bigfunhobby.com\/sv\/wp-json\/wp\/v2\/comments?post=8367"}],"wp:featuredmedia":[{"embeddable":true,"href":"https:\/\/bigfunhobby.com\/sv\/wp-json\/wp\/v2\/media\/8366"}],"wp:attachment":[{"href":"https:\/\/bigfunhobby.com\/sv\/wp-json\/wp\/v2\/media?parent=8367"}],"wp:term":[{"taxonomy":"product_brand","embeddable":true,"href":"https:\/\/bigfunhobby.com\/sv\/wp-json\/wp\/v2\/product_brand?post=8367"},{"taxonomy":"product_cat","embeddable":true,"href":"https:\/\/bigfunhobby.com\/sv\/wp-json\/wp\/v2\/product_cat?post=8367"},{"taxonomy":"product_tag","embeddable":true,"href":"https:\/\/bigfunhobby.com\/sv\/wp-json\/wp\/v2\/product_tag?post=8367"}],"curies":[{"name":"wp","href":"https:\/\/api.w.org\/{rel}","templated":true}]}}