{"id":8369,"date":"2025-03-08T17:16:41","date_gmt":"2025-03-08T17:16:41","guid":{"rendered":"https:\/\/bigfunhobby.com\/butikk\/92068-american-walnut-veneers-06x8x1000mm-pack-20-pcs\/"},"modified":"2025-12-04T11:00:40","modified_gmt":"2025-12-04T09:00:40","slug":"92068-amerikansk-valnotsfaner-06x8x1000mm-forpackning-20-st","status":"publish","type":"product","link":"https:\/\/bigfunhobby.com\/sv\/butikk\/92068-american-walnut-veneers-06x8x1000mm-pack-20-pcs\/","title":{"rendered":"92068 AMERIKANSK VALN\u00d6TSFENER 0,6x8x1000mm F\u00d6RPACKNING 20 ST"},"content":{"rendered":"<p>V\u00e5rt massiva faner av amerikansk valn\u00f6t, som m\u00e4ter 0,6x8x1000 mm, \u00e4r perfekt f\u00f6r b\u00e5de modellbygge och m\u00e5nga andra hobbyprojekt. F\u00f6rpackningen inneh\u00e5ller 20 stycken. Det h\u00e4r \u00e4r ett material som \u00e4r k\u00e4nt f\u00f6r sin h\u00f6ga kvalitet och styrka, vilket g\u00f6r det mycket h\u00e5llbart och sv\u00e5rt att skada. Det \u00e4r mycket uppskattat bland modellbyggare och andra hobbyentusiaster f\u00f6r sin fina textur och enkla hantering.<\/p>\n<ul>\n<li>Produktnamn: 92068 Amerikansk valn\u00f6tsfan\u00e9r<\/li>\n<li>Dimensioner: 0,6x8x1000 mm<\/li>\n<li>Kvantitet: 20 stycken<\/li>\n<li>Material: Massivt tr\u00e4 av amerikansk valn\u00f6t<\/li>\n<\/ul>\n<p>Amerikansk valn\u00f6t anses vara ett av de b\u00e4sta tr\u00e4slagen i Europa. Det \u00e4r karakteristiskt brunt med gr\u00e5aktiga toner och vissa inslag av gult. Detta ger ett mycket attraktivt utseende f\u00f6r modelleringsprojekt och andra hantverksuppgifter.<\/p>\n<p>Med detta faner kan du ge en \u00e4kta tr\u00e4finish till alla delar som inte redan \u00e4r det. Du kan t.ex. anv\u00e4nda det f\u00f6r att kl\u00e4 v\u00e4ggarna i n\u00e5got du har byggt med br\u00e4dbitar, eller f\u00f6r att kl\u00e4 d\u00e4cket p\u00e5 ett modellfartyg och efterlikna de plankor som utg\u00f6r det. Det \u00e4r ocks\u00e5 ett perfekt val f\u00f6r tr\u00e4snideri, tr\u00e4svarvning och alla typer av manuellt arbete.<\/p>\n<p>Amerikansk valn\u00f6tsfaner torkar snabbt och enkelt och fungerar utm\u00e4rkt vid limning och efterbehandling. Med detta material kan du enkelt skapa nya eller skr\u00e4ddarsydda reservdelar till dina byggsatser och modellprojekt.<\/p>\n<p>Best\u00e4ll din f\u00f6rpackning med faner av amerikansk valn\u00f6t idag och ta dina hantverksprojekt till nya h\u00f6jder.<\/p>","protected":false},"excerpt":{"rendered":"<p>Denna f\u00f6rpackning inneh\u00e5ller 20 bitar h\u00f6gkvalitativ amerikansk valn\u00f6tsfan\u00e9r, med m\u00e5tten 0,6x8x1000 mm. Perfekt f\u00f6r modellering och andra hobbyprojekt.<\/p>","protected":false},"featured_media":8368,"comment_status":"open","ping_status":"closed","template":"","meta":[],"product_brand":[97],"product_cat":[73],"product_tag":[],"class_list":{"0":"post-8369","1":"product","2":"type-product","3":"status-publish","4":"has-post-thumbnail","6":"product_brand-artesania","7":"product_cat-trebyggesett-treverk","9":"first","10":"outofstock","11":"taxable","12":"shipping-taxable","13":"purchasable","14":"product-type-simple"},"_links":{"self":[{"href":"https:\/\/bigfunhobby.com\/sv\/wp-json\/wp\/v2\/product\/8369","targetHints":{"allow":["GET"]}}],"collection":[{"href":"https:\/\/bigfunhobby.com\/sv\/wp-json\/wp\/v2\/product"}],"about":[{"href":"https:\/\/bigfunhobby.com\/sv\/wp-json\/wp\/v2\/types\/product"}],"replies":[{"embeddable":true,"href":"https:\/\/bigfunhobby.com\/sv\/wp-json\/wp\/v2\/comments?post=8369"}],"wp:featuredmedia":[{"embeddable":true,"href":"https:\/\/bigfunhobby.com\/sv\/wp-json\/wp\/v2\/media\/8368"}],"wp:attachment":[{"href":"https:\/\/bigfunhobby.com\/sv\/wp-json\/wp\/v2\/media?parent=8369"}],"wp:term":[{"taxonomy":"product_brand","embeddable":true,"href":"https:\/\/bigfunhobby.com\/sv\/wp-json\/wp\/v2\/product_brand?post=8369"},{"taxonomy":"product_cat","embeddable":true,"href":"https:\/\/bigfunhobby.com\/sv\/wp-json\/wp\/v2\/product_cat?post=8369"},{"taxonomy":"product_tag","embeddable":true,"href":"https:\/\/bigfunhobby.com\/sv\/wp-json\/wp\/v2\/product_tag?post=8369"}],"curies":[{"name":"wp","href":"https:\/\/api.w.org\/{rel}","templated":true}]}}