{"id":8371,"date":"2025-03-08T17:16:42","date_gmt":"2025-03-08T17:16:42","guid":{"rendered":"https:\/\/bigfunhobby.com\/butikk\/93064-sapele-veneers-06x4x1000mm-pack-25-pcs\/"},"modified":"2025-12-04T11:00:40","modified_gmt":"2025-12-04T09:00:40","slug":"93064-sapelefaner-06x4x1000mm-forpackning-25-st","status":"publish","type":"product","link":"https:\/\/bigfunhobby.com\/sv\/butikk\/93064-sapele-veneers-06x4x1000mm-pack-25-pcs\/","title":{"rendered":"93064 SAPELE-FENER 0,6x4x1000mm F\u00d6RPACKNING 25 ST"},"content":{"rendered":"<p>SAPELE fanerark av massivt tr\u00e4 \u00e4r ett f\u00f6rstklassigt val f\u00f6r b\u00e5de nyb\u00f6rjare och erfarna modellerings- och hantverksentusiaster. Dessa fanerark m\u00e4ter 0,6x4x1000 mm och g\u00f6r att du kan skapa nya eller anpassa befintliga delar med ett autentiskt tr\u00e4utseende.<\/p>\n<p><b>Specifikationer:<\/b><\/p>\n<ul>\n<li>Produktnamn: 93064 SAPELE fan\u00e9rskivor<\/li>\n<li>Dimensioner: 0,6x4x1000 mm<\/li>\n<li>Antal: 25 st<\/li>\n<li>Material: Massivt Sapele-tr\u00e4<\/li>\n<\/ul>\n<p>Sapeltr\u00e4 \u00e4r m\u00f6rkbrunt med r\u00f6daktiga toner och gyllene toner i den l\u00e5ngstr\u00e4ckta \u00e5dringen, vilket ger det ett utseende som liknar mahogny. Det finns n\u00e4stan inga kvistar, vilket g\u00f6r det till ett mycket attraktivt material f\u00f6r modellering och andra hantverksprojekt.<\/p>\n<p>SAPELE fanerskivor \u00e4r idealiska f\u00f6r en m\u00e4ngd olika anv\u00e4ndningsomr\u00e5den. Oavsett om du arbetar med fartygsmodeller i tr\u00e4, byggsatser i tr\u00e4, plastmodeller eller skalmodeller kommer dessa skivor att ge ditt projekt en professionell finish. De \u00e4r ocks\u00e5 l\u00e4mpliga f\u00f6r skolarbete, hantverk och finsnickeri.<\/p>\n<p>Sapele \u00e4r ett medelh\u00e5rt tr\u00e4slag som \u00e4r l\u00e4tt att arbeta med och hantera. Det \u00e4r d\u00e4rf\u00f6r ett perfekt val f\u00f6r t\u00e4ljning, svarvning och alla typer av manuellt arbete. Dessutom \u00e4r det mycket l\u00e4tt att limma och torka efter anv\u00e4ndning, vilket g\u00f6r det till ett mycket anv\u00e4ndarv\u00e4nligt material.<\/p>\n<p>Uppt\u00e4ck vilken skillnad SAPELE fanerark kan g\u00f6ra f\u00f6r ditt n\u00e4sta modelleringsprojekt. K\u00f6p h\u00e4r och b\u00f6rja skapa vackra, autentiska tr\u00e4projekt redan idag.<\/p>","protected":false},"excerpt":{"rendered":"<p>SAPELE fanerark av massivt tr\u00e4, perfekt f\u00f6r modellering, hantverk och skolarbete. G\u00f6r det enkelt att ge alla projekt ett autentiskt tr\u00e4utseende.<\/p>","protected":false},"featured_media":8370,"comment_status":"open","ping_status":"closed","template":"","meta":[],"product_brand":[97],"product_cat":[73],"product_tag":[],"class_list":{"0":"post-8371","1":"product","2":"type-product","3":"status-publish","4":"has-post-thumbnail","6":"product_brand-artesania","7":"product_cat-trebyggesett-treverk","9":"first","10":"outofstock","11":"taxable","12":"shipping-taxable","13":"purchasable","14":"product-type-simple"},"_links":{"self":[{"href":"https:\/\/bigfunhobby.com\/sv\/wp-json\/wp\/v2\/product\/8371","targetHints":{"allow":["GET"]}}],"collection":[{"href":"https:\/\/bigfunhobby.com\/sv\/wp-json\/wp\/v2\/product"}],"about":[{"href":"https:\/\/bigfunhobby.com\/sv\/wp-json\/wp\/v2\/types\/product"}],"replies":[{"embeddable":true,"href":"https:\/\/bigfunhobby.com\/sv\/wp-json\/wp\/v2\/comments?post=8371"}],"wp:featuredmedia":[{"embeddable":true,"href":"https:\/\/bigfunhobby.com\/sv\/wp-json\/wp\/v2\/media\/8370"}],"wp:attachment":[{"href":"https:\/\/bigfunhobby.com\/sv\/wp-json\/wp\/v2\/media?parent=8371"}],"wp:term":[{"taxonomy":"product_brand","embeddable":true,"href":"https:\/\/bigfunhobby.com\/sv\/wp-json\/wp\/v2\/product_brand?post=8371"},{"taxonomy":"product_cat","embeddable":true,"href":"https:\/\/bigfunhobby.com\/sv\/wp-json\/wp\/v2\/product_cat?post=8371"},{"taxonomy":"product_tag","embeddable":true,"href":"https:\/\/bigfunhobby.com\/sv\/wp-json\/wp\/v2\/product_tag?post=8371"}],"curies":[{"name":"wp","href":"https:\/\/api.w.org\/{rel}","templated":true}]}}