{"id":8375,"date":"2025-03-08T17:16:43","date_gmt":"2025-03-08T17:16:43","guid":{"rendered":"https:\/\/bigfunhobby.com\/butikk\/93066-sapele-veneers-06x6x1000mm-pack-20-pcs\/"},"modified":"2025-12-04T11:00:40","modified_gmt":"2025-12-04T09:00:40","slug":"93066-sapelefaner-06x6x1000mm-forpackning-20-st","status":"publish","type":"product","link":"https:\/\/bigfunhobby.com\/sv\/butikk\/93066-sapele-veneers-06x6x1000mm-pack-20-pcs\/","title":{"rendered":"93066 SAPELE-FENER 0,6x6x1000mm F\u00d6RPACKNING 20 ST"},"content":{"rendered":"<p>V\u00e5r massiva tr\u00e4fan\u00e9r SAPELE \u00e4r ett utm\u00e4rkt val f\u00f6r alla som \u00e4r intresserade av modellbygge, tr\u00e4fartygsmodeller, finsnickeri, hantverk och skolprojekt. Med m\u00e5tten 0,6x6x1000 mm per enhet f\u00e5r du 20 stycken i varje f\u00f6rpackning. Med sin h\u00f6gkvalitativa karakt\u00e4r \u00e4r det h\u00e4r ett material som kan anv\u00e4ndas f\u00f6r m\u00e5nga \u00e4ndam\u00e5l.<\/p>\n<p><strong>Specifikationer:<\/strong><\/p>\n<ul>\n<li>20 st SAPELE faner av massivt tr\u00e4 per f\u00f6rpackning<\/li>\n<li>Dimensioner: 0,6x6x1000mm per enhet<\/li>\n<li>M\u00e5nga anv\u00e4ndningsomr\u00e5den: modellering, tr\u00e4fartygsmodeller, finsnickeri, hantverk, skolprojekt<\/li>\n<\/ul>\n<p>SAPELE fan\u00e9r i massivt tr\u00e4 \u00e4r m\u00f6rkbrunt med r\u00f6da toner och vissa gyllene inslag i den l\u00e5ngstr\u00e4ckta \u00e5dringen. Det har n\u00e4stan inga kvistar och liknar mahogny. Detta tr\u00e4slag \u00e4r mycket uppskattat av modellbyggare och andra hantverksentusiaster f\u00f6r sin medelh\u00e5rda yta och f\u00f6r att det \u00e4r l\u00e4tt att anv\u00e4nda och hantera. Detta g\u00f6r SAPELE till ett idealiskt val f\u00f6r snideri, svarvning och allt annat manuellt arbete.<\/p>\n<p>SAPELE-fan\u00e9r \u00e4r l\u00e4tt att arbeta med, vilket g\u00f6r det till ett optimalt alternativ f\u00f6r hantverk. Det fungerar bra n\u00e4r det g\u00e4ller limning och efterbehandling, torkar snabbt och enkelt.<\/p>\n<p>S\u00e5 oavsett om du \u00e4r en erfaren modellbyggare eller nyb\u00f6rjare kommer SAPELEs massiva tr\u00e4faner att ge dig den autentiska tr\u00e4k\u00e4nsla du letar efter. Det \u00e4r det perfekta materialet f\u00f6r att skapa nya eller anpassade reservdelar, eller f\u00f6r att ge en tr\u00e4k\u00e4nsla till en del som inte \u00e4r det. Till exempel f\u00f6r att kl\u00e4 v\u00e4ggarna i n\u00e5got som byggts med delar av ett bord, eller f\u00f6r att kl\u00e4 ett d\u00e4ck p\u00e5 en skalmodell och efterlikna de bord som utg\u00f6r den.<\/p>\n<p>V\u00e4nta inte l\u00e4ngre, uppt\u00e4ck hur SAPELEs massiva tr\u00e4fan\u00e9r kan f\u00f6rb\u00e4ttra dina modelleringsprojekt. <strong>K\u00f6p h\u00e4r och b\u00f6rja skapa!<\/strong><\/p>","protected":false},"excerpt":{"rendered":"<p>SAPELE fan\u00e9r av massivt tr\u00e4 f\u00f6r modellering och andra hantverk. H\u00f6gkvalitativt material, perfekt f\u00f6r precisionsarbete och efterbehandling.<\/p>","protected":false},"featured_media":8374,"comment_status":"open","ping_status":"closed","template":"","meta":[],"product_brand":[97],"product_cat":[73],"product_tag":[],"class_list":{"0":"post-8375","1":"product","2":"type-product","3":"status-publish","4":"has-post-thumbnail","6":"product_brand-artesania","7":"product_cat-trebyggesett-treverk","9":"first","10":"instock","11":"taxable","12":"shipping-taxable","13":"purchasable","14":"product-type-simple"},"_links":{"self":[{"href":"https:\/\/bigfunhobby.com\/sv\/wp-json\/wp\/v2\/product\/8375","targetHints":{"allow":["GET"]}}],"collection":[{"href":"https:\/\/bigfunhobby.com\/sv\/wp-json\/wp\/v2\/product"}],"about":[{"href":"https:\/\/bigfunhobby.com\/sv\/wp-json\/wp\/v2\/types\/product"}],"replies":[{"embeddable":true,"href":"https:\/\/bigfunhobby.com\/sv\/wp-json\/wp\/v2\/comments?post=8375"}],"wp:featuredmedia":[{"embeddable":true,"href":"https:\/\/bigfunhobby.com\/sv\/wp-json\/wp\/v2\/media\/8374"}],"wp:attachment":[{"href":"https:\/\/bigfunhobby.com\/sv\/wp-json\/wp\/v2\/media?parent=8375"}],"wp:term":[{"taxonomy":"product_brand","embeddable":true,"href":"https:\/\/bigfunhobby.com\/sv\/wp-json\/wp\/v2\/product_brand?post=8375"},{"taxonomy":"product_cat","embeddable":true,"href":"https:\/\/bigfunhobby.com\/sv\/wp-json\/wp\/v2\/product_cat?post=8375"},{"taxonomy":"product_tag","embeddable":true,"href":"https:\/\/bigfunhobby.com\/sv\/wp-json\/wp\/v2\/product_tag?post=8375"}],"curies":[{"name":"wp","href":"https:\/\/api.w.org\/{rel}","templated":true}]}}