{"id":8377,"date":"2025-03-08T17:16:44","date_gmt":"2025-03-08T17:16:44","guid":{"rendered":"https:\/\/bigfunhobby.com\/butikk\/93067-sapele-veneers-06x7x1000mm-pack-20-pcs\/"},"modified":"2025-12-04T11:00:40","modified_gmt":"2025-12-04T09:00:40","slug":"93067-sapele-veneers-06x7x1000mm-pack-20-pcs","status":"publish","type":"product","link":"https:\/\/bigfunhobby.com\/sv\/butikk\/93067-sapele-veneers-06x7x1000mm-pack-20-pcs\/","title":{"rendered":"93067 SAPELE-FENER 0,6x7x1000mm F\u00d6RPACKNING 20 ST"},"content":{"rendered":"<p>V\u00e5rt Sapelefin\u00e9r kommer i en pakke med 20 solide treribber, hver m\u00e5lende 0,6x7x1000mm. Dette er et produkt av h\u00f8y kvalitet som egner seg perfekt til b\u00e5de modellbygging og ulike typer hobbyarbeid, som fint snekkerarbeid, h\u00e5ndverk og skoleprosjekter.<\/p>\n<p><strong>Specifikationer:<\/strong><\/p>\n<ul>\n<li>Type: Sapelefin\u00e9r<\/li>\n<li>Dimensioner: 0,6x7x1000 mm<\/li>\n<li>Antall i pakken: 20 stykker<\/li>\n<\/ul>\n<p>Sapelefin\u00e9ret er ideelt for modellbyggere som \u00f8nsker \u00e5 skape nye deler eller tilpasse erstatningsdeler. Med fin\u00e9ret kan du gi en autentisk tref\u00f8lelse til enhver del som ikke allerede er laget av tre. For eksempel til \u00e5 kle veggene i en modellbygget struktur, eller til \u00e5 lage et realistisk dekk p\u00e5 en skalamodell av et treskip.<\/p>\n<p>Sapele er kjennetegnet ved sin m\u00f8rkebrune farge med r\u00f8dlige toner og gullaktige innslag i noen av de langstrakte \u00e5rene. Det er nesten uten kvist, og minner om mahogni. Takket v\u00e6re sin middels hardhet og enkelhet \u00e5 jobbe med, er Sapele sv\u00e6rt verdsatt av modellbyggere og h\u00e5ndverkentusiaster. Det er ideelt for utskj\u00e6ring, dreining og alle typer h\u00e5ndarbeid, og kan bearbeides og h\u00e5ndteres med stor enkelhet.<\/p>\n<p>N\u00e5r det kommer til liming og etterbehandling, utf\u00f8rer Sapele eksepsjonelt godt, og t\u00f8rkeprosessen er rask og enkel. Enten du jobber med treskipsmodeller, byggesett i tre, plastmodeller eller andre prosjekter, er Sapelefin\u00e9r et utmerket valg.<\/p>\n<p>Gi prosjektene dine den kvaliteten de fortjener. Bestill ditt Sapelefin\u00e9r i dag!<\/p>","protected":false},"excerpt":{"rendered":"<p>Sapelefin\u00e9r i h\u00f8y kvalitet, 0,6x7x1000mm, pakke med 20 stk. Perfekt for modellbygging og hobbyarbeid der en autentisk tref\u00f8lelse er \u00f8nsket.<\/p>","protected":false},"featured_media":8376,"comment_status":"open","ping_status":"closed","template":"","meta":[],"product_brand":[97],"product_cat":[73],"product_tag":[],"class_list":{"0":"post-8377","1":"product","2":"type-product","3":"status-publish","4":"has-post-thumbnail","6":"product_brand-artesania","7":"product_cat-trebyggesett-treverk","9":"first","10":"instock","11":"taxable","12":"shipping-taxable","13":"purchasable","14":"product-type-simple"},"_links":{"self":[{"href":"https:\/\/bigfunhobby.com\/sv\/wp-json\/wp\/v2\/product\/8377","targetHints":{"allow":["GET"]}}],"collection":[{"href":"https:\/\/bigfunhobby.com\/sv\/wp-json\/wp\/v2\/product"}],"about":[{"href":"https:\/\/bigfunhobby.com\/sv\/wp-json\/wp\/v2\/types\/product"}],"replies":[{"embeddable":true,"href":"https:\/\/bigfunhobby.com\/sv\/wp-json\/wp\/v2\/comments?post=8377"}],"wp:featuredmedia":[{"embeddable":true,"href":"https:\/\/bigfunhobby.com\/sv\/wp-json\/wp\/v2\/media\/8376"}],"wp:attachment":[{"href":"https:\/\/bigfunhobby.com\/sv\/wp-json\/wp\/v2\/media?parent=8377"}],"wp:term":[{"taxonomy":"product_brand","embeddable":true,"href":"https:\/\/bigfunhobby.com\/sv\/wp-json\/wp\/v2\/product_brand?post=8377"},{"taxonomy":"product_cat","embeddable":true,"href":"https:\/\/bigfunhobby.com\/sv\/wp-json\/wp\/v2\/product_cat?post=8377"},{"taxonomy":"product_tag","embeddable":true,"href":"https:\/\/bigfunhobby.com\/sv\/wp-json\/wp\/v2\/product_tag?post=8377"}],"curies":[{"name":"wp","href":"https:\/\/api.w.org\/{rel}","templated":true}]}}