{"id":8381,"date":"2025-03-08T17:16:46","date_gmt":"2025-03-08T17:16:46","guid":{"rendered":"https:\/\/bigfunhobby.com\/butikk\/94104-birch-dowels-o-4-x-914-mm-pack-10-pcs\/"},"modified":"2025-12-04T11:00:40","modified_gmt":"2025-12-04T09:00:40","slug":"94104-birch-dowels-o-4-x-914-mm-pack-10-pcs","status":"publish","type":"product","link":"https:\/\/bigfunhobby.com\/sv\/butikk\/94104-birch-dowels-o-4-x-914-mm-pack-10-pcs\/","title":{"rendered":"94104 BIRK DOWELS \u00d8 4 x 914 mm F\u00d6RPACKNING 10 ST"},"content":{"rendered":"<p>Dette er en pakke med 10 bj\u00f8rkestenger, hver p\u00e5 914 mm. De er et h\u00f8ykvalitetsprodukt laget av solid tre og er ideelle for bruk i modellbygging, h\u00e5ndverk og skoleprosjekter. <\/p>\n<p><b>Specifikationer:<\/b><\/p>\n<ul>\n<li>L\u00e4ngd: 914 mm<\/li>\n<li>Diameter: 4 mm<\/li>\n<li>Antall: 10 stenger<\/li>\n<li>Materiale: Bj\u00f8rk<\/li>\n<\/ul>\n<p>Bj\u00f8rkestengene er lette \u00e5 jobbe med, noe som gir deg mulighet til \u00e5 lage skreddersydde deler til dine prosjekter. De er spesielt nyttige i byggeprosesser for treskipsmodeller, der de kan brukes til \u00e5 lage master og r\u00e6r, samt andre detaljer med en sylindrisk form. <\/p>\n<p><b>Materialet:<\/b><\/p>\n<p>Bj\u00f8rketreet har en lys farge som varierer fra hvit til kremfarge, noe som gj\u00f8r det til et veldig jevnt materiale \u00e5 jobbe med. Over tid m\u00f8rkner det litt. Strukturen er rett med en veldig fin tekstur, noe som gj\u00f8r bj\u00f8rk til et ideelt valg for utskj\u00e6ringer, dreide arbeider og alle slags manuelle arbeider. Bj\u00f8rk er ogs\u00e5 et materiale som t\u00f8rker raskt og enkelt, og det er lett \u00e5 lime og overflatebehandle.<\/p>\n<p><b>Kj\u00f8p her:<\/b><\/p>\n<p>Disse bj\u00f8rkestengene er et utmerket valg for b\u00e5de nybegynnere og erfarne modellbyggere. De vil utvilsomt heve kvaliteten p\u00e5 dine prosjekter. Kj\u00f8p din pakke med 10 bj\u00f8rkestenger i dag og start ditt neste modellbyggingsprosjekt. <\/p>","protected":false},"excerpt":{"rendered":"<p>Dette er en pakke med 10 bj\u00f8rkestenger p\u00e5 914 mm, perfekt for modellbygging og andre h\u00e5ndverksprosjekter. De er lette \u00e5 jobbe med og gir et kvalitetssluttresultat.<\/p>","protected":false},"featured_media":8380,"comment_status":"open","ping_status":"closed","template":"","meta":[],"product_brand":[97],"product_cat":[73],"product_tag":[],"class_list":{"0":"post-8381","1":"product","2":"type-product","3":"status-publish","4":"has-post-thumbnail","6":"product_brand-artesania","7":"product_cat-trebyggesett-treverk","9":"first","10":"outofstock","11":"taxable","12":"shipping-taxable","13":"purchasable","14":"product-type-simple"},"_links":{"self":[{"href":"https:\/\/bigfunhobby.com\/sv\/wp-json\/wp\/v2\/product\/8381","targetHints":{"allow":["GET"]}}],"collection":[{"href":"https:\/\/bigfunhobby.com\/sv\/wp-json\/wp\/v2\/product"}],"about":[{"href":"https:\/\/bigfunhobby.com\/sv\/wp-json\/wp\/v2\/types\/product"}],"replies":[{"embeddable":true,"href":"https:\/\/bigfunhobby.com\/sv\/wp-json\/wp\/v2\/comments?post=8381"}],"wp:featuredmedia":[{"embeddable":true,"href":"https:\/\/bigfunhobby.com\/sv\/wp-json\/wp\/v2\/media\/8380"}],"wp:attachment":[{"href":"https:\/\/bigfunhobby.com\/sv\/wp-json\/wp\/v2\/media?parent=8381"}],"wp:term":[{"taxonomy":"product_brand","embeddable":true,"href":"https:\/\/bigfunhobby.com\/sv\/wp-json\/wp\/v2\/product_brand?post=8381"},{"taxonomy":"product_cat","embeddable":true,"href":"https:\/\/bigfunhobby.com\/sv\/wp-json\/wp\/v2\/product_cat?post=8381"},{"taxonomy":"product_tag","embeddable":true,"href":"https:\/\/bigfunhobby.com\/sv\/wp-json\/wp\/v2\/product_tag?post=8381"}],"curies":[{"name":"wp","href":"https:\/\/api.w.org\/{rel}","templated":true}]}}