{"id":8383,"date":"2025-03-08T17:16:47","date_gmt":"2025-03-08T17:16:47","guid":{"rendered":"https:\/\/bigfunhobby.com\/butikk\/94105-birch-dowels-o-5-x-914-mm-pack-10-pcs\/"},"modified":"2025-12-04T11:00:40","modified_gmt":"2025-12-04T09:00:40","slug":"94105-bjorkplugg-o-5-x-914-mm-forpackning-10-st","status":"publish","type":"product","link":"https:\/\/bigfunhobby.com\/sv\/butikk\/94105-birch-dowels-o-5-x-914-mm-pack-10-pcs\/","title":{"rendered":"94105 BIRK DOWELS \u00d8 5 x 914 mm F\u00d6RPACKNING 10 ST"},"content":{"rendered":"<p>Vill du ha fartygsmodeller eller byggsatser av tr\u00e4 av h\u00f6g kvalitet? Dessa bj\u00f6rkpinnar \u00e4r vad du beh\u00f6ver. Pinnarna finns i f\u00f6rpackningar om 10 stycken och har m\u00e5tten \u00d8 5 x 914 mm och \u00e4r perfekta f\u00f6r olika \u00e4ndam\u00e5l inom modellbygge och andra hobbyer.<\/p>\n<p><strong>Specifikationer:<\/strong><\/p>\n<ul>\n<li>L\u00e4ngd: 914 mm<\/li>\n<li>Diameter: 5 mm<\/li>\n<li>Antal: 10 st<\/li>\n<li>Material: Bj\u00f6rk Bj\u00f6rktr\u00e4<\/li>\n<\/ul>\n<p><strong>Material:<\/strong><\/p>\n<p>Bj\u00f6rkpinnarna \u00e4r tillverkade av h\u00f6gkvalitativt massivt bj\u00f6rktr\u00e4 som \u00e4r k\u00e4nt f\u00f6r sin fina och h\u00f6gkvalitativa finish. Bj\u00f6rktr\u00e4 har en ljus f\u00e4rg som varierar fr\u00e5n vitt till gr\u00e4dde, \u00e4r mycket enhetlig i alla delar och m\u00f6rknar n\u00e5got med tiden. \u00c5dringen \u00e4r rak och har en mycket fin struktur, vilket g\u00f6r bj\u00f6rk till ett perfekt alternativ f\u00f6r t\u00e4ljning, svarvning och alla typer av manuellt arbete.<\/p>\n<p><strong>Historia:<\/strong><\/p>\n<p>Genom historien har bj\u00f6rktr\u00e4 varit ett popul\u00e4rt val f\u00f6r modellbyggare tack vare sin l\u00e4tthet, styrka och enkla bearbetning. Detta har gjort det till ett material som f\u00f6redras f\u00f6r att skapa h\u00f6gkvalitativa skalmodeller och tr\u00e4byggsatser.<\/p>\n<p>Dessa bj\u00f6rkpinnar \u00e4r perfekta f\u00f6r modellering och kan anv\u00e4ndas f\u00f6r att tillverka reservdelar eller specialdelar. N\u00e4r man bygger fartygsmodeller av tr\u00e4 anv\u00e4nds de f\u00f6r att tillverka master och roder, men ocks\u00e5 f\u00f6r att tillverka alla detaljer med cylindrisk form.<\/p>\n<p>Bj\u00f6rkpinnar \u00e4r l\u00e4tta att hantera och arbeta med, och de kan vara det optimala alternativet f\u00f6r hantverk. De \u00e4r ocks\u00e5 utm\u00e4rkta f\u00f6r limning och efterbehandling och torkar snabbt och enkelt.<\/p>\n<p>F\u00f6rutom modellering \u00e4r bj\u00f6rkpinnar ocks\u00e5 anv\u00e4ndbara f\u00f6r finsnickeri, hantverk och skolarbete.<\/p>\n<p>S\u00e5 varf\u00f6r v\u00e4nta? Starta ditt n\u00e4sta modelleringsprojekt redan idag med dessa h\u00f6gkvalitativa bj\u00f6rkpinnar. <strong>Boka nu!<\/strong><\/p>","protected":false},"excerpt":{"rendered":"<p>Dessa h\u00f6gkvalitativa bj\u00f6rkpinnar med m\u00e5tten \u00d8 5 x 914 mm och f\u00f6rpackade i set om 10 \u00e4r perfekta f\u00f6r b\u00e5de modellering och andra hobbyer.<\/p>","protected":false},"featured_media":8382,"comment_status":"open","ping_status":"closed","template":"","meta":[],"product_brand":[97],"product_cat":[73],"product_tag":[],"class_list":{"0":"post-8383","1":"product","2":"type-product","3":"status-publish","4":"has-post-thumbnail","6":"product_brand-artesania","7":"product_cat-trebyggesett-treverk","9":"first","10":"instock","11":"taxable","12":"shipping-taxable","13":"purchasable","14":"product-type-simple"},"_links":{"self":[{"href":"https:\/\/bigfunhobby.com\/sv\/wp-json\/wp\/v2\/product\/8383","targetHints":{"allow":["GET"]}}],"collection":[{"href":"https:\/\/bigfunhobby.com\/sv\/wp-json\/wp\/v2\/product"}],"about":[{"href":"https:\/\/bigfunhobby.com\/sv\/wp-json\/wp\/v2\/types\/product"}],"replies":[{"embeddable":true,"href":"https:\/\/bigfunhobby.com\/sv\/wp-json\/wp\/v2\/comments?post=8383"}],"wp:featuredmedia":[{"embeddable":true,"href":"https:\/\/bigfunhobby.com\/sv\/wp-json\/wp\/v2\/media\/8382"}],"wp:attachment":[{"href":"https:\/\/bigfunhobby.com\/sv\/wp-json\/wp\/v2\/media?parent=8383"}],"wp:term":[{"taxonomy":"product_brand","embeddable":true,"href":"https:\/\/bigfunhobby.com\/sv\/wp-json\/wp\/v2\/product_brand?post=8383"},{"taxonomy":"product_cat","embeddable":true,"href":"https:\/\/bigfunhobby.com\/sv\/wp-json\/wp\/v2\/product_cat?post=8383"},{"taxonomy":"product_tag","embeddable":true,"href":"https:\/\/bigfunhobby.com\/sv\/wp-json\/wp\/v2\/product_tag?post=8383"}],"curies":[{"name":"wp","href":"https:\/\/api.w.org\/{rel}","templated":true}]}}