{"id":8385,"date":"2025-03-08T17:16:48","date_gmt":"2025-03-08T17:16:48","guid":{"rendered":"https:\/\/bigfunhobby.com\/butikk\/94106-birch-dowels-o-6-x-914-mm-pack-10-pcs\/"},"modified":"2025-12-04T11:00:40","modified_gmt":"2025-12-04T09:00:40","slug":"94106-bjorkplugg-o-6-x-914-mm-forpackning-10-st","status":"publish","type":"product","link":"https:\/\/bigfunhobby.com\/sv\/butikk\/94106-birch-dowels-o-6-x-914-mm-pack-10-pcs\/","title":{"rendered":"94106 BIRK DOWELS \u00d8 6 x 914 mm F\u00d6RPACKNING 10 ST"},"content":{"rendered":"<p>94106 Birch dowels \u00e4r ett perfekt val f\u00f6r entusiastiska modellbyggare, hantverkare och hobbyister. Dessa pluggar har en diameter p\u00e5 6 mm och en l\u00e4ngd p\u00e5 914 mm, vilket ger dig ett brett utbud av m\u00f6jliga anv\u00e4ndningsomr\u00e5den. F\u00f6rpackningen inneh\u00e5ller 10 pluggar, vilket \u00e4r mycket v\u00e4rde f\u00f6r pengarna.<\/p>\n<p><strong>Specifikationer:<\/strong><\/p>\n<ul>\n<li>L\u00e4ngd: 914 mm<\/li>\n<li>Diameter: 6 mm<\/li>\n<li>Antal: 10 st<\/li>\n<li>Material: Bj\u00f6rk<\/li>\n<\/ul>\n<p>Dessa pluggar \u00e4r tillverkade av massiv bj\u00f6rk, ett material som \u00e4r k\u00e4nt f\u00f6r sin h\u00f6ga kvalitet och l\u00e5ga vikt. Bj\u00f6rk har en fin och ljus f\u00e4rg som str\u00e4cker sig fr\u00e5n vitt till gr\u00e4dde och \u00e4r mycket enhetlig i alla delar. Med tiden m\u00f6rknar den n\u00e5got, vilket ger den ett varmt och naturligt utseende.<\/p>\n<p>Den raka \u00e5dringen och den fina strukturen g\u00f6r bj\u00f6rk till ett perfekt val f\u00f6r snideri, svarvning och alla typer av handarbete. Det \u00e4r l\u00e4tt att hantera och bearbeta och kan vara det optimala alternativet f\u00f6r handarbete. Det \u00e4r ocks\u00e5 ett material som limmar och torkar snabbt och enkelt.<\/p>\n<p>F\u00f6r modellbyggare \u00e4r dessa bj\u00f6rkpluggarna perfekta f\u00f6r att tillverka reservdelar eller specialdelar. I byggprocesser f\u00f6r fartygsmodeller i tr\u00e4 anv\u00e4nds den f\u00f6r att skapa master och r\u00e4ls samt alla detaljer med cylindrisk form.<\/p>\n<p>Oavsett om du \u00e4r en erfaren modellbyggare eller nyb\u00f6rjare kommer du att tycka att de h\u00e4r bj\u00f6rkpluggarna \u00e4r ett ov\u00e4rderligt tillskott till din verktygsl\u00e5da. S\u00e5 varf\u00f6r v\u00e4nta? L\u00e4gg till 94106 Birkedowler i din korg idag och ta din modellering till n\u00e4sta niv\u00e5!<\/p>","protected":false},"excerpt":{"rendered":"<p>H\u00f6gkvalitativa 6 x 914 mm bj\u00f6rkplugg, perfekt f\u00f6r modellering och andra hantverksprojekt. F\u00f6rpackningen inneh\u00e5ller 10 st.<\/p>","protected":false},"featured_media":8384,"comment_status":"open","ping_status":"closed","template":"","meta":[],"product_brand":[97],"product_cat":[73],"product_tag":[],"class_list":{"0":"post-8385","1":"product","2":"type-product","3":"status-publish","4":"has-post-thumbnail","6":"product_brand-artesania","7":"product_cat-trebyggesett-treverk","9":"first","10":"outofstock","11":"taxable","12":"shipping-taxable","13":"purchasable","14":"product-type-simple"},"_links":{"self":[{"href":"https:\/\/bigfunhobby.com\/sv\/wp-json\/wp\/v2\/product\/8385","targetHints":{"allow":["GET"]}}],"collection":[{"href":"https:\/\/bigfunhobby.com\/sv\/wp-json\/wp\/v2\/product"}],"about":[{"href":"https:\/\/bigfunhobby.com\/sv\/wp-json\/wp\/v2\/types\/product"}],"replies":[{"embeddable":true,"href":"https:\/\/bigfunhobby.com\/sv\/wp-json\/wp\/v2\/comments?post=8385"}],"wp:featuredmedia":[{"embeddable":true,"href":"https:\/\/bigfunhobby.com\/sv\/wp-json\/wp\/v2\/media\/8384"}],"wp:attachment":[{"href":"https:\/\/bigfunhobby.com\/sv\/wp-json\/wp\/v2\/media?parent=8385"}],"wp:term":[{"taxonomy":"product_brand","embeddable":true,"href":"https:\/\/bigfunhobby.com\/sv\/wp-json\/wp\/v2\/product_brand?post=8385"},{"taxonomy":"product_cat","embeddable":true,"href":"https:\/\/bigfunhobby.com\/sv\/wp-json\/wp\/v2\/product_cat?post=8385"},{"taxonomy":"product_tag","embeddable":true,"href":"https:\/\/bigfunhobby.com\/sv\/wp-json\/wp\/v2\/product_tag?post=8385"}],"curies":[{"name":"wp","href":"https:\/\/api.w.org\/{rel}","templated":true}]}}