{"id":8391,"date":"2025-03-08T17:16:51","date_gmt":"2025-03-08T17:16:51","guid":{"rendered":"https:\/\/bigfunhobby.com\/butikk\/94110-birch-dowels-o-10-x-914-mm-pack-10-pcs\/"},"modified":"2025-12-04T11:00:40","modified_gmt":"2025-12-04T09:00:40","slug":"94110-birch-dowels-o-10-x-914-mm-pack-10-pcs","status":"publish","type":"product","link":"https:\/\/bigfunhobby.com\/sv\/butikk\/94110-birch-dowels-o-10-x-914-mm-pack-10-pcs\/","title":{"rendered":"94110 BIRCH DOWELS \u00d8 10 x 914 mm F\u00d6RPACKNING 10 ST"},"content":{"rendered":"<p>V\u00e5re bj\u00f8rketre-pinner med en diameter p\u00e5 10 mm og lengde p\u00e5 914 mm kommer i en pakke med 10 stykker. Disse h\u00f8ykvalitets pinnene egner seg utmerket til b\u00e5de modellbygging og andre h\u00e5ndverksprosjekter.<\/p>\n<p><strong>Specifikationer:<\/strong><\/p>\n<ul>\n<li>L\u00e4ngd: 914 mm<\/li>\n<li>Diameter: 10 mm<\/li>\n<li>Antal: 10 st<\/li>\n<li>Material: Bj\u00f6rk Bj\u00f6rktr\u00e4<\/li>\n<\/ul>\n<p>Dette er solide stenger laget av h\u00f8ykvalitets bj\u00f8rketre. Bj\u00f8rketre er kjent for sin lyse farge som varierer fra hvit til kremet, og er sv\u00e6rt ensartet gjennom hele stangen. Over tid m\u00f8rkner den litt, men beholder sin fine, h\u00f8ykvalitets finish.<\/p>\n<p>Treets rette korn og fine tekstur gj\u00f8r disse pinnene ideelle for utskj\u00e6ringer, dreierarbeider, og alle typer manuelt arbeid. De kan enkelt bearbeides for h\u00e5nd, men fungerer ogs\u00e5 utmerket med lim og finish.<\/p>\n<p>Enten du er en modellbygger som trenger \u00e5 lage egendefinerte deler, eller en hobbyentusiast som jobber med fin snekring, h\u00e5ndverk eller skoleprosjekter, vil disse bj\u00f8rketrepinnene v\u00e6re et utmerket valg. De er spesielt nyttige i byggeprosesser for modellskip, der de kan brukes til \u00e5 lage master og r\u00e6r, samt ethvert detalj med en sylindrisk form.<\/p>\n<p>Ikke vent, forbedre dine h\u00e5ndverk- og modellbyggingsprosjekter med v\u00e5re h\u00f8ykvalitets bj\u00f8rketrepinner. <strong>Bestill n\u00e5.<\/strong><\/p>","protected":false},"excerpt":{"rendered":"<p>H\u00f8ykvalitets bj\u00f8rketre-pinner med en diameter p\u00e5 10 mm og lengde p\u00e5 914 mm, perfekte for modellbygging og h\u00e5ndverk.<\/p>","protected":false},"featured_media":8390,"comment_status":"open","ping_status":"closed","template":"","meta":[],"product_brand":[97],"product_cat":[73],"product_tag":[],"class_list":{"0":"post-8391","1":"product","2":"type-product","3":"status-publish","4":"has-post-thumbnail","6":"product_brand-artesania","7":"product_cat-trebyggesett-treverk","9":"first","10":"instock","11":"taxable","12":"shipping-taxable","13":"purchasable","14":"product-type-simple"},"_links":{"self":[{"href":"https:\/\/bigfunhobby.com\/sv\/wp-json\/wp\/v2\/product\/8391","targetHints":{"allow":["GET"]}}],"collection":[{"href":"https:\/\/bigfunhobby.com\/sv\/wp-json\/wp\/v2\/product"}],"about":[{"href":"https:\/\/bigfunhobby.com\/sv\/wp-json\/wp\/v2\/types\/product"}],"replies":[{"embeddable":true,"href":"https:\/\/bigfunhobby.com\/sv\/wp-json\/wp\/v2\/comments?post=8391"}],"wp:featuredmedia":[{"embeddable":true,"href":"https:\/\/bigfunhobby.com\/sv\/wp-json\/wp\/v2\/media\/8390"}],"wp:attachment":[{"href":"https:\/\/bigfunhobby.com\/sv\/wp-json\/wp\/v2\/media?parent=8391"}],"wp:term":[{"taxonomy":"product_brand","embeddable":true,"href":"https:\/\/bigfunhobby.com\/sv\/wp-json\/wp\/v2\/product_brand?post=8391"},{"taxonomy":"product_cat","embeddable":true,"href":"https:\/\/bigfunhobby.com\/sv\/wp-json\/wp\/v2\/product_cat?post=8391"},{"taxonomy":"product_tag","embeddable":true,"href":"https:\/\/bigfunhobby.com\/sv\/wp-json\/wp\/v2\/product_tag?post=8391"}],"curies":[{"name":"wp","href":"https:\/\/api.w.org\/{rel}","templated":true}]}}