{"id":8395,"date":"2025-03-08T17:16:52","date_gmt":"2025-03-08T17:16:52","guid":{"rendered":"https:\/\/bigfunhobby.com\/butikk\/92010-sapele-dowels-o-10-x-1000-mm-x-2-pcs\/"},"modified":"2025-12-04T11:00:40","modified_gmt":"2025-12-04T09:00:40","slug":"92010-sapele-dymlingar-o-10-x-1000-mm-x-2-st","status":"publish","type":"product","link":"https:\/\/bigfunhobby.com\/sv\/butikk\/92010-sapele-dowels-o-10-x-1000-mm-x-2-pcs\/","title":{"rendered":"92010 SAPELE DOWELS \u00f8 10 x 1000 mm x 2 st"},"content":{"rendered":"<p>Upplev den enast\u00e5ende kvaliteten hos SAPELE DOWELS, robusta tr\u00e4pinnar i storleken 10 x 1000 mm, perfekta f\u00f6r modellering, hantverk och skolprojekt. Detta kit inneh\u00e5ller 2 pinnar och \u00e4r ett utm\u00e4rkt val f\u00f6r b\u00e5de nyb\u00f6rjare och erfarna entusiaster.<\/p>\n<p><strong>Specifikationer:<\/strong><\/p>\n<ul>\n<li>Diameter: 10 mm<\/li>\n<li>L\u00e4ngd: 1000 mm<\/li>\n<li>Antal: 2 st<\/li>\n<li>Material: Sapele-tr\u00e4<\/li>\n<\/ul>\n<p>Sapele-tr\u00e4 \u00e4r k\u00e4nt f\u00f6r sin h\u00f6ga kvalitet och h\u00e5llbarhet. Det \u00e4r m\u00f6rkbrunt med r\u00f6dbruna toner och n\u00e5gra gyllene toner i den l\u00e5ngstr\u00e4ckta \u00e5dringen. Tr\u00e4et har n\u00e4stan inga kvistar och liknar mahogny. Detta g\u00f6r det till ett eftertraktat material bland modellbyggare och andra hobbyentusiaster.<\/p>\n<p>SAPELE DOWELS \u00e4r idealiska f\u00f6r anv\u00e4ndning i tr\u00e4byggsatser, s\u00e4rskilt i byggprocessen f\u00f6r fartygsmodeller i tr\u00e4. De kan anv\u00e4ndas f\u00f6r att skapa master och skenor samt andra detaljer med cylindrisk form. Sapele \u00e4r medelh\u00e5rt och l\u00e4ttarbetat och \u00e4r d\u00e4rf\u00f6r det perfekta valet f\u00f6r snideri, svarvning och alla typer av manuellt arbete. Det kan hanteras och bearbetas med total l\u00e4tthet, vilket g\u00f6r det till det optimala alternativet f\u00f6r manuellt arbete. Dessutom fungerar det utm\u00e4rkt n\u00e4r det g\u00e4ller limning och ytbehandling. Det torkar snabbt och enkelt och \u00e4r ett ultral\u00e4tt tr\u00e4slag.<\/p>\n<p>S\u00e5 oavsett om du \u00e4r intresserad av modellering, hantverk eller skolprojekt \u00e4r SAPELE DOWELS ett utm\u00e4rkt val. Upplev den kvalitet och noggrannhet som bara Sapele kan erbjuda. K\u00f6p dina SAPELE DOWELS idag och ta din modellering till n\u00e4sta niv\u00e5.<\/p>","protected":false},"excerpt":{"rendered":"<p>SAPELE DOWELS \u00e4r massiva tr\u00e4pinnar av h\u00f6g kvalitet, idealiska f\u00f6r modellering, hantverk och skolprojekt. L\u00e4tt att arbeta med och ger en fin finish.<\/p>","protected":false},"featured_media":8394,"comment_status":"open","ping_status":"closed","template":"","meta":[],"product_brand":[97],"product_cat":[73],"product_tag":[],"class_list":{"0":"post-8395","1":"product","2":"type-product","3":"status-publish","4":"has-post-thumbnail","6":"product_brand-artesania","7":"product_cat-trebyggesett-treverk","9":"first","10":"instock","11":"taxable","12":"shipping-taxable","13":"purchasable","14":"product-type-simple"},"_links":{"self":[{"href":"https:\/\/bigfunhobby.com\/sv\/wp-json\/wp\/v2\/product\/8395","targetHints":{"allow":["GET"]}}],"collection":[{"href":"https:\/\/bigfunhobby.com\/sv\/wp-json\/wp\/v2\/product"}],"about":[{"href":"https:\/\/bigfunhobby.com\/sv\/wp-json\/wp\/v2\/types\/product"}],"replies":[{"embeddable":true,"href":"https:\/\/bigfunhobby.com\/sv\/wp-json\/wp\/v2\/comments?post=8395"}],"wp:featuredmedia":[{"embeddable":true,"href":"https:\/\/bigfunhobby.com\/sv\/wp-json\/wp\/v2\/media\/8394"}],"wp:attachment":[{"href":"https:\/\/bigfunhobby.com\/sv\/wp-json\/wp\/v2\/media?parent=8395"}],"wp:term":[{"taxonomy":"product_brand","embeddable":true,"href":"https:\/\/bigfunhobby.com\/sv\/wp-json\/wp\/v2\/product_brand?post=8395"},{"taxonomy":"product_cat","embeddable":true,"href":"https:\/\/bigfunhobby.com\/sv\/wp-json\/wp\/v2\/product_cat?post=8395"},{"taxonomy":"product_tag","embeddable":true,"href":"https:\/\/bigfunhobby.com\/sv\/wp-json\/wp\/v2\/product_tag?post=8395"}],"curies":[{"name":"wp","href":"https:\/\/api.w.org\/{rel}","templated":true}]}}