{"id":8403,"date":"2025-03-08T17:16:54","date_gmt":"2025-03-08T17:16:54","guid":{"rendered":"https:\/\/bigfunhobby.com\/butikk\/gauge-ho-article-no-29488-swiss-freight-train-with-a-class-re-620-digital-starter-set\/"},"modified":"2025-12-04T11:00:41","modified_gmt":"2025-12-04T09:00:41","slug":"sparvidd-ho-artikel-nr-29488-schweiziskt-godstag-med-en-klass-re-620-digital-startsats","status":"publish","type":"product","link":"https:\/\/bigfunhobby.com\/sv\/butikk\/gauge-ho-article-no-29488-swiss-freight-train-with-a-class-re-620-digital-starter-set\/","title":{"rendered":"Sp\u00e5rvidd HO- Art.nr 29488 Schweiziskt godst\u00e5g med klass Re 620\u2033 Digital startsats"},"content":{"rendered":"<p>Bekanta dig med den digitala v\u00e4rlden av modellj\u00e4rnv\u00e4gar med v\u00e5r startsats \"Gauge HO- Artikel nr 29488 Schweiziskt godst\u00e5g med en klass Re 620\". Denna modell \u00e4r en trogen reproduktion av det verkliga schweiziska godst\u00e5get och ger b\u00e5de nyb\u00f6rjare och erfarna entusiaster en autentisk modellj\u00e4rnv\u00e4gsupplevelse.<\/p>\n<p><strong>Specifikationer:<\/strong><\/p>\n<ul>\n<li>Loket \u00e4r byggt i metall och har en mfx digitaldekoder med omfattande ljudfunktioner.<\/li>\n<li>Fyra axlar drivs med hj\u00e4lp av kardanaxlar, med tv\u00e5 axlar i var och en av de yttre lastbilarna.<\/li>\n<li>Den tredubbla str\u00e5lkastaren och 1 vitt markeringsljus \u00e4ndras med k\u00f6rriktningen och kan \u00e4ven styras digitalt.<\/li>\n<li>Alla vagnar har slutna kopplingar. T\u00e5gl\u00e4ngden \u00e4r ca 72 cm \/ 28-3\/8\u2032.<\/li>\n<\/ul>\n<p><strong>Material:<\/strong><\/p>\n<p>Loket \u00e4r tillverkat av metall, vilket ger det en robust och h\u00e5llbar kvalitet. LED-lamporna \u00e4r underh\u00e5llsfria och ger varmvit och r\u00f6d belysning f\u00f6r en realistisk k\u00f6rupplevelse.<\/p>\n<p><strong>Historia:<\/strong><\/p>\n<p>Detta modellj\u00e4rnv\u00e4gsset representerar den moderna epoken VI i schweizisk j\u00e4rnv\u00e4gshistoria. Det erbjuder en unik m\u00f6jlighet att utforska och uppleva denna period i modellformat.<\/p>\n<p><strong>Uppt\u00e4ck modelleringens v\u00e4rld<\/strong><\/p>\n<p>Oavsett om du \u00e4r en erfaren entusiast eller ny i modellv\u00e4rlden \u00e4r det h\u00e4r startpaketet ett utm\u00e4rkt tillf\u00e4lle att dyka djupare in i den fascinerande hobbyn med modellj\u00e4rnv\u00e4g. Med omfattande ljus- och ljudfunktioner ger detta set en varierad och sp\u00e4nnande driftupplevelse. Utforska v\u00e5rt sortiment och best\u00e4ll din n\u00e4sta modellj\u00e4rnv\u00e4gsbyggsats redan idag.<\/p>","protected":false},"excerpt":{"rendered":"<p>Den digitala startsatsen \"Gauge HO- Article no 29488 Swiss Freight Train with a Class Re 620\" \u00e4r en autentisk modell av ett schweiziskt godst\u00e5g, komplett med omfattande belysnings- och ljudfunktioner f\u00f6r en realistisk modellj\u00e4rnv\u00e4gsupplevelse.<\/p>","protected":false},"featured_media":8402,"comment_status":"open","ping_status":"closed","template":"","meta":[],"product_brand":[107],"product_cat":[72,113],"product_tag":[],"class_list":{"0":"post-8403","1":"product","2":"type-product","3":"status-publish","4":"has-post-thumbnail","6":"product_brand-marklin","7":"product_cat-marklin-h0-originalen","8":"product_cat-startersets","10":"first","11":"outofstock","12":"taxable","13":"shipping-taxable","14":"purchasable","15":"product-type-simple"},"_links":{"self":[{"href":"https:\/\/bigfunhobby.com\/sv\/wp-json\/wp\/v2\/product\/8403","targetHints":{"allow":["GET"]}}],"collection":[{"href":"https:\/\/bigfunhobby.com\/sv\/wp-json\/wp\/v2\/product"}],"about":[{"href":"https:\/\/bigfunhobby.com\/sv\/wp-json\/wp\/v2\/types\/product"}],"replies":[{"embeddable":true,"href":"https:\/\/bigfunhobby.com\/sv\/wp-json\/wp\/v2\/comments?post=8403"}],"wp:featuredmedia":[{"embeddable":true,"href":"https:\/\/bigfunhobby.com\/sv\/wp-json\/wp\/v2\/media\/8402"}],"wp:attachment":[{"href":"https:\/\/bigfunhobby.com\/sv\/wp-json\/wp\/v2\/media?parent=8403"}],"wp:term":[{"taxonomy":"product_brand","embeddable":true,"href":"https:\/\/bigfunhobby.com\/sv\/wp-json\/wp\/v2\/product_brand?post=8403"},{"taxonomy":"product_cat","embeddable":true,"href":"https:\/\/bigfunhobby.com\/sv\/wp-json\/wp\/v2\/product_cat?post=8403"},{"taxonomy":"product_tag","embeddable":true,"href":"https:\/\/bigfunhobby.com\/sv\/wp-json\/wp\/v2\/product_tag?post=8403"}],"curies":[{"name":"wp","href":"https:\/\/api.w.org\/{rel}","templated":true}]}}