{"id":8407,"date":"2025-03-08T17:16:55","date_gmt":"2025-03-08T17:16:55","guid":{"rendered":"https:\/\/bigfunhobby.com\/butikk\/gauge-ho-article-no-29188-marklin-start-up-startpackung-baustelle\/"},"modified":"2025-12-04T11:00:43","modified_gmt":"2025-12-04T09:00:43","slug":"sparvidd-ho-artikel-nr-29188-marklin-start-up-startpackung-baustelle","status":"publish","type":"product","link":"https:\/\/bigfunhobby.com\/sv\/butikk\/gauge-ho-article-no-29188-marklin-start-up-startpackung-baustelle\/","title":{"rendered":"Sp\u00e5r HO- Artikel nr 29188 M\u00e4rklin Start up - Startpaket \"Byggarbetsplats"},"content":{"rendered":"<p>M\u00e4rklin Start up - Startsats \"Baustelle\" \u00e4r en komplett sats f\u00f6r modellj\u00e4rnv\u00e4gsentusiaster p\u00e5 alla niv\u00e5er. Denna byggsats ger en autentisk och engagerande modellupplevelse.<\/p>\n<p><strong>Specifikationer:<\/strong><\/p>\n<p>Denna startsats inneh\u00e5ller ett Henschel DHG 300 B industridiesellok, en lastad l\u00e5glastarvagn, en \u00f6ppen godsvagn och en ramvagn i konstruktionst\u00e5gsdesign. Loket \u00e4r utrustat med en digital mfx-dekoder och en toppsignal med tre ljus som \u00e4ndras beroende p\u00e5 k\u00f6rriktning. Alla vagnar har Relex-kopplingar och hela t\u00e5get \u00e4r ca 45,3 cm l\u00e5ngt.<\/p>\n<p><strong>Tillbeh\u00f6r:<\/strong><\/p>\n<p>F\u00f6r att g\u00f6ra byggarbetet \u00e4nnu roligare inneh\u00e5ller setet en upps\u00e4ttning barrikader, skyltar och en robust hjullastare f\u00f6r lastning av lastbilarna.<\/p>\n<p><strong>Styrning:<\/strong><\/p>\n<p>Det \u00e4r enkelt och bekv\u00e4mt att styra t\u00e5get med den medf\u00f6ljande Power Control Stick. Den h\u00e4r tr\u00e5dl\u00f6sa infrar\u00f6da styrenheten ger dig fri r\u00f6rlighet runt banan och m\u00f6jlighet att styra upp till fyra lok samt fem funktioner.<\/p>\n<p><strong>C-track program:<\/strong><\/p>\n<p>Det anv\u00e4ndarv\u00e4nliga C-Track-systemet \u00e4r enkelt att installera och expansionsm\u00f6jligheterna \u00e4r m\u00e5nga med C-Tracks till\u00e4ggspaket och det kompletta C-Track-programmet. V\u00e4xlarna kan uppgraderas med den elektriska drivenheten 74492.<\/p>\n<p>Oavsett om du \u00e4r ny i modellj\u00e4rnv\u00e4gsv\u00e4rlden eller en erfaren entusiast kommer M\u00e4rklin Start up - Starter Pack 'Baustelle' att ge dig timmar av bygg- och spelgl\u00e4dje. V\u00e4nta inte, b\u00f6rja ditt modellj\u00e4rnv\u00e4gs\u00e4ventyr nu!<\/p>","protected":false},"excerpt":{"rendered":"<p>Uppt\u00e4ck gl\u00e4djen med modellj\u00e4rnv\u00e4gar med M\u00e4rklin Start up - Starter kit 'Baustelle'. Med sin digitala dekoder, fyra t\u00e5gvagnar och en rad tillbeh\u00f6r \u00e4r det h\u00e4r den perfekta satsen f\u00f6r b\u00e5de nyb\u00f6rjare och erfarna entusiaster.<\/p>","protected":false},"featured_media":8406,"comment_status":"open","ping_status":"closed","template":"","meta":[],"product_brand":[107],"product_cat":[72,113],"product_tag":[],"class_list":{"0":"post-8407","1":"product","2":"type-product","3":"status-publish","4":"has-post-thumbnail","6":"product_brand-marklin","7":"product_cat-marklin-h0-originalen","8":"product_cat-startersets","10":"first","11":"outofstock","12":"taxable","13":"shipping-taxable","14":"purchasable","15":"product-type-simple"},"_links":{"self":[{"href":"https:\/\/bigfunhobby.com\/sv\/wp-json\/wp\/v2\/product\/8407","targetHints":{"allow":["GET"]}}],"collection":[{"href":"https:\/\/bigfunhobby.com\/sv\/wp-json\/wp\/v2\/product"}],"about":[{"href":"https:\/\/bigfunhobby.com\/sv\/wp-json\/wp\/v2\/types\/product"}],"replies":[{"embeddable":true,"href":"https:\/\/bigfunhobby.com\/sv\/wp-json\/wp\/v2\/comments?post=8407"}],"wp:featuredmedia":[{"embeddable":true,"href":"https:\/\/bigfunhobby.com\/sv\/wp-json\/wp\/v2\/media\/8406"}],"wp:attachment":[{"href":"https:\/\/bigfunhobby.com\/sv\/wp-json\/wp\/v2\/media?parent=8407"}],"wp:term":[{"taxonomy":"product_brand","embeddable":true,"href":"https:\/\/bigfunhobby.com\/sv\/wp-json\/wp\/v2\/product_brand?post=8407"},{"taxonomy":"product_cat","embeddable":true,"href":"https:\/\/bigfunhobby.com\/sv\/wp-json\/wp\/v2\/product_cat?post=8407"},{"taxonomy":"product_tag","embeddable":true,"href":"https:\/\/bigfunhobby.com\/sv\/wp-json\/wp\/v2\/product_tag?post=8407"}],"curies":[{"name":"wp","href":"https:\/\/api.w.org\/{rel}","templated":true}]}}