{"id":8411,"date":"2025-03-08T17:16:56","date_gmt":"2025-03-08T17:16:56","guid":{"rendered":"https:\/\/bigfunhobby.com\/butikk\/revell-rc-quadrocopter-navigator-nxt\/"},"modified":"2025-12-04T11:00:43","modified_gmt":"2025-12-04T09:00:43","slug":"revell-rc-quadrocopter-navigator-nxt","status":"publish","type":"product","link":"https:\/\/bigfunhobby.com\/sv\/butikk\/revell-rc-quadrocopter-navigator-nxt\/","title":{"rendered":"REVELL RC Quadrocopter Navigator NXT"},"content":{"rendered":"<p>REVELL RC Quadrocopter Navigator NXT \u00e4r mer \u00e4n bara ett fj\u00e4rrstyrt fordon; det \u00e4r ett verktyg f\u00f6r kreativitet och \u00e4ventyr i luften. Denna h\u00f6gkvalitativa dr\u00f6nare g\u00f6r det m\u00f6jligt f\u00f6r hobbypiloter och fotokonstn\u00e4rer att f\u00e5nga perfekta bilder i luften, samtidigt som du kan njuta av enkel flygning och massor av tekniska h\u00f6jdpunkter.<\/p>\n<p>Navigator NXT sticker ut med sin 2,7K-kamera, som ger dig perfekt bild- och videokvalitet. Det 2-axliga borstl\u00f6sa gimbal-systemet stabiliserar kameran och undviker suddiga bilder, \u00e4ven under utmanande flygf\u00f6rh\u00e5llanden. Detta i kombination med borstl\u00f6sa motorer garanterar exakta flygman\u00f6vrer utan f\u00f6rdr\u00f6jning.<\/p>\n<ul>\n<li>Flygtid: Tack vare det kraftfulla Li-Po-batteriet kan du njuta av cirka 25-30 minuters flygtid. Med det medf\u00f6ljande extrabatteriet kan du f\u00f6rdubbla flygtiden till n\u00e4stan en timme, vilket \u00e4r perfekt f\u00f6r dig som vill vara beredd p\u00e5 allt n\u00e4r du \u00e4r ute och reser.<\/li>\n<li>Transport: Quadrokoptern och dess tillbeh\u00f6r levereras i en softcell-l\u00e5da, vilket garanterar en okomplicerad och s\u00e4ker transport av din utrustning.<\/li>\n<li>Funktioner: Navigator NXT levereras med m\u00e5nga praktiska funktioner som \"Follow Me\", waypoints och mycket mer, vilket g\u00f6r denna modell \u00e4nnu mer attraktiv f\u00f6r hobbyentusiaster. <\/li>\n<\/ul>\n<p>Oavsett om du \u00e4r en erfaren modellbyggare som letar efter ett nytt projekt eller en nyb\u00f6rjare som vill dyka in i v\u00e4rlden av fj\u00e4rrstyrda fordon, \u00e4r REVELL RC Quadrocopter Navigator NXT ett utm\u00e4rkt val. Med sina kvalitetskomponenter och imponerande funktioner \u00e4r denna quadrocopter en investering i timmar av kul och kreativ tillfredsst\u00e4llelse.<\/p>\n<p>Kolla in REVELL RC Quadrocopter Navigator NXT idag och upplev sp\u00e4nningen n\u00e4r du tar dig upp i skyn med denna fantastiska dr\u00f6nare. K\u00f6p nu och starta ditt n\u00e4sta RC-\u00e4ventyr!<\/p>","protected":false},"excerpt":{"rendered":"<p>REVELL RC Quadrocopter Navigator NXT \u00e4r en h\u00f6gkvalitativ dr\u00f6nare med 2,7K-kamera och borstl\u00f6s gimbal, perfekt f\u00f6r b\u00e5de hobbyfotografer och piloter. Med en flygtid p\u00e5 upp till 30 minuter och praktiska funktioner som \"Follow Me\" \u00e4r detta ett m\u00e5ste f\u00f6r alla RC-entusiaster.<\/p>","protected":false},"featured_media":8410,"comment_status":"open","ping_status":"closed","template":"","meta":[],"product_brand":[104],"product_cat":[55],"product_tag":[],"class_list":{"0":"post-8411","1":"product","2":"type-product","3":"status-publish","4":"has-post-thumbnail","6":"product_brand-revell","7":"product_cat-droner","9":"first","10":"outofstock","11":"taxable","12":"shipping-taxable","13":"purchasable","14":"product-type-simple"},"_links":{"self":[{"href":"https:\/\/bigfunhobby.com\/sv\/wp-json\/wp\/v2\/product\/8411","targetHints":{"allow":["GET"]}}],"collection":[{"href":"https:\/\/bigfunhobby.com\/sv\/wp-json\/wp\/v2\/product"}],"about":[{"href":"https:\/\/bigfunhobby.com\/sv\/wp-json\/wp\/v2\/types\/product"}],"replies":[{"embeddable":true,"href":"https:\/\/bigfunhobby.com\/sv\/wp-json\/wp\/v2\/comments?post=8411"}],"wp:featuredmedia":[{"embeddable":true,"href":"https:\/\/bigfunhobby.com\/sv\/wp-json\/wp\/v2\/media\/8410"}],"wp:attachment":[{"href":"https:\/\/bigfunhobby.com\/sv\/wp-json\/wp\/v2\/media?parent=8411"}],"wp:term":[{"taxonomy":"product_brand","embeddable":true,"href":"https:\/\/bigfunhobby.com\/sv\/wp-json\/wp\/v2\/product_brand?post=8411"},{"taxonomy":"product_cat","embeddable":true,"href":"https:\/\/bigfunhobby.com\/sv\/wp-json\/wp\/v2\/product_cat?post=8411"},{"taxonomy":"product_tag","embeddable":true,"href":"https:\/\/bigfunhobby.com\/sv\/wp-json\/wp\/v2\/product_tag?post=8411"}],"curies":[{"name":"wp","href":"https:\/\/api.w.org\/{rel}","templated":true}]}}