{"id":8413,"date":"2025-03-08T17:16:57","date_gmt":"2025-03-08T17:16:57","guid":{"rendered":"https:\/\/bigfunhobby.com\/butikk\/tamiya-sand-scorcher-2010-no-esc\/"},"modified":"2025-12-04T11:00:43","modified_gmt":"2025-12-04T09:00:43","slug":"tamiya-sand-scorcher-2010-no-esc","status":"publish","type":"product","link":"https:\/\/bigfunhobby.com\/sv\/butikk\/tamiya-sand-scorcher-2010-no-esc\/","title":{"rendered":"Tamiya SAND SCORCHER (2010) - INGEN ESC"},"content":{"rendered":"<p>Uppt\u00e4ck den fantastiska Tamiya SAND SCORCHER (2010) - NO ESC, en officiellt licensierad modell i skala 1\/10 som replikerar den ursprungliga Sand Scorcher fr\u00e5n 1979. Denna bilmodell \u00e4r en perfekt kombination av nostalgisk charm och modern teknik, vilket g\u00f6r den idealisk f\u00f6r b\u00e5de nyb\u00f6rjare och erfarna modellbyggare.<\/p>\n<p>Modellen sticker ut med sin unika och humoristiska form som \u00e4r en realistisk \u00e5terskapning av den bil som syns i enbilsracet \"Baja 1000\" i Kalifornien, USA. Karossen \u00e4r gjuten i vit polystyren och kan m\u00e5las med Tamiya plastmodellf\u00e4rg f\u00f6r att ge den en personlig touch.<\/p>\n<p>Specifikationer och egenskaper:<\/p>\n<ul>\n<li>Officiellt licensierad modell i skala 1\/10 av den ursprungliga Sand Scorcher.<\/li>\n<li>Utrustad med kullager f\u00f6r att minska friktionsf\u00f6rlusterna.<\/li>\n<li>Motor av typ 540 ing\u00e5r.<\/li>\n<li>Inneh\u00e5ller m\u00e5nga h\u00f6gkvalitativa delar f\u00f6r f\u00f6rb\u00e4ttrad prestanda.<\/li>\n<li>Detaljerad kaross i h\u00e5rdplast ing\u00e5r.<\/li>\n<li>2-kanals R\/C-system och batteripaket finns att k\u00f6pa separat.<\/li>\n<li>ESC ing\u00e5r ej<\/li>\n<\/ul>\n<p>Chassit har en 2 mm tjock FRP-platta med en f\u00f6rst\u00e4rkande aluminiumplatta f\u00f6r styrka och flexibilitet f\u00f6r att s\u00e4kerst\u00e4lla stabilitet. Den oberoende 4-hjulsupph\u00e4ngningen, med dubbel wishbone-upph\u00e4ngning fram och sv\u00e4ngaxelupph\u00e4ngning bak, ger realistiska och aggressiva prestanda som utan tvekan kommer att g\u00f6ra dig upphetsad.<\/p>\n<p>Denna Tamiya-modell levereras som en byggsats och du beh\u00f6ver ytterligare utrustning f\u00f6r att g\u00f6ra den k\u00f6rklar. Detta inkluderar 2-kanals fj\u00e4rrkontroll med mottagare, batteripaket, laddare, styrservo och ESC.<\/p>\n<p>Utforska din passion f\u00f6r modellering med denna imponerande Tamiya SAND SCORCHER (2010) - NO ESC. K\u00f6p h\u00e4r f\u00f6r att b\u00f6rja din modellupplevelse!<\/p>","protected":false},"excerpt":{"rendered":"<p>Den fantastiska Tamiya SAND SCORCHER (2010) - NO ESC \u00e4r en officiellt licensierad modell i skala 1\/10 av den ursprungliga Sand Scorcher fr\u00e5n 1979, en m\u00e4sterlig blandning av nostalgisk charm och modern teknik, perfekt f\u00f6r b\u00e5de nyb\u00f6rjare och erfarna modellbyggare.<\/p>","protected":false},"featured_media":8412,"comment_status":"open","ping_status":"closed","template":"","meta":[],"product_brand":[99],"product_cat":[69,84,83],"product_tag":[],"class_list":{"0":"post-8413","1":"product","2":"type-product","3":"status-publish","4":"has-post-thumbnail","6":"product_brand-tamiya","7":"product_cat-69","8":"product_cat-biler","9":"product_cat-rc-fjernstyring","11":"first","12":"outofstock","13":"taxable","14":"shipping-taxable","15":"purchasable","16":"product-type-simple"},"_links":{"self":[{"href":"https:\/\/bigfunhobby.com\/sv\/wp-json\/wp\/v2\/product\/8413","targetHints":{"allow":["GET"]}}],"collection":[{"href":"https:\/\/bigfunhobby.com\/sv\/wp-json\/wp\/v2\/product"}],"about":[{"href":"https:\/\/bigfunhobby.com\/sv\/wp-json\/wp\/v2\/types\/product"}],"replies":[{"embeddable":true,"href":"https:\/\/bigfunhobby.com\/sv\/wp-json\/wp\/v2\/comments?post=8413"}],"wp:featuredmedia":[{"embeddable":true,"href":"https:\/\/bigfunhobby.com\/sv\/wp-json\/wp\/v2\/media\/8412"}],"wp:attachment":[{"href":"https:\/\/bigfunhobby.com\/sv\/wp-json\/wp\/v2\/media?parent=8413"}],"wp:term":[{"taxonomy":"product_brand","embeddable":true,"href":"https:\/\/bigfunhobby.com\/sv\/wp-json\/wp\/v2\/product_brand?post=8413"},{"taxonomy":"product_cat","embeddable":true,"href":"https:\/\/bigfunhobby.com\/sv\/wp-json\/wp\/v2\/product_cat?post=8413"},{"taxonomy":"product_tag","embeddable":true,"href":"https:\/\/bigfunhobby.com\/sv\/wp-json\/wp\/v2\/product_tag?post=8413"}],"curies":[{"name":"wp","href":"https:\/\/api.w.org\/{rel}","templated":true}]}}