{"id":8417,"date":"2025-03-08T17:16:57","date_gmt":"2025-03-08T17:16:57","guid":{"rendered":"https:\/\/bigfunhobby.com\/butikk\/flysky-gt-2-2-4g-transmitter-with-receiver-bsd\/"},"modified":"2025-12-04T11:00:43","modified_gmt":"2025-12-04T09:00:43","slug":"flysky-gt-2-2-4g-transmitter-with-receiver-bsd","status":"publish","type":"product","link":"https:\/\/bigfunhobby.com\/sv\/butikk\/flysky-gt-2-2-4g-transmitter-with-receiver-bsd\/","title":{"rendered":"FLYSKY GT-2 - 2,4 G S\u00c4NDARE MED MOTTAGARE - BSD"},"content":{"rendered":"<p>Oppdag kvaliteten og ytelsen til FLYSKY GT-2 &#8211; en 2.4G sender med mottaker fra BSD. Dette er et ypperlig valg for alle som er interessert i fjernstyrte biler, enten du er en nybegynner eller en erfaren entusiast.<\/p>\n<p><strong>Specifikationer:<\/strong><\/p>\n<ul>\n<li>Merke: BSD, FLYSKY<\/li>\n<li>Modell: Kompatibel med en rekke modeller, inkludert 203T On-Road, 204T Drift, 205T On-Road, 207T Drift, 213R Chebi, og mange flere.<\/li>\n<li>Bruksomr\u00e5de: Bil<\/li>\n<\/ul>\n<p>FLYSKY GT-2 senderen er enkel \u00e5 bruke, men gir samtidig presis kontroll. Dette gj\u00f8r den til et flott verkt\u00f8y for b\u00e5de innend\u00f8rs og utend\u00f8rs bruk. Med en FLYSKY GT-2 sender f\u00e5r du en mer realistisk og engasjerende opplevelse av modellbil-kj\u00f8ring.<\/p>\n<p>FLYSKY GT-2 er et resultat av mange \u00e5rs forskning og utvikling. BSD, som er kjent for sin h\u00f8ye kvalitet og p\u00e5litelighet, har her laget et produkt som virkelig lever opp til forventningene.<\/p>\n<p>Uansett om du er ny innen modellbygging, eller har lang erfaring, vil denne senderen fra FLYSKY GT-2 gi deg mange timer med spennende underholdning. S\u00e5 ikke n\u00f8l &#8211; ta steget inn i den fascinerende verdenen av fjernstyrte biler n\u00e5!<\/p>\n<p><strong>Ikke vent, bestill FLYSKY GT-2 2.4G sender med mottaker fra BSD i dag og opplev forskjellen selv!<\/strong><\/p>","protected":false},"excerpt":{"rendered":"<p>FLYSKY GT-2 er en 2.4G sender med mottaker fra BSD, ideell for fjernstyrte bilentusiaster. Den er kompatibel med et bredt utvalg av modeller, og gir presis kontroll for en optimal kj\u00f8reopplevelse.<\/p>","protected":false},"featured_media":8416,"comment_status":"open","ping_status":"closed","template":"","meta":[],"product_brand":[],"product_cat":[77],"product_tag":[],"class_list":{"0":"post-8417","1":"product","2":"type-product","3":"status-publish","4":"has-post-thumbnail","6":"product_cat-radioutstyr","8":"first","9":"instock","10":"taxable","11":"shipping-taxable","12":"purchasable","13":"product-type-simple"},"_links":{"self":[{"href":"https:\/\/bigfunhobby.com\/sv\/wp-json\/wp\/v2\/product\/8417","targetHints":{"allow":["GET"]}}],"collection":[{"href":"https:\/\/bigfunhobby.com\/sv\/wp-json\/wp\/v2\/product"}],"about":[{"href":"https:\/\/bigfunhobby.com\/sv\/wp-json\/wp\/v2\/types\/product"}],"replies":[{"embeddable":true,"href":"https:\/\/bigfunhobby.com\/sv\/wp-json\/wp\/v2\/comments?post=8417"}],"wp:featuredmedia":[{"embeddable":true,"href":"https:\/\/bigfunhobby.com\/sv\/wp-json\/wp\/v2\/media\/8416"}],"wp:attachment":[{"href":"https:\/\/bigfunhobby.com\/sv\/wp-json\/wp\/v2\/media?parent=8417"}],"wp:term":[{"taxonomy":"product_brand","embeddable":true,"href":"https:\/\/bigfunhobby.com\/sv\/wp-json\/wp\/v2\/product_brand?post=8417"},{"taxonomy":"product_cat","embeddable":true,"href":"https:\/\/bigfunhobby.com\/sv\/wp-json\/wp\/v2\/product_cat?post=8417"},{"taxonomy":"product_tag","embeddable":true,"href":"https:\/\/bigfunhobby.com\/sv\/wp-json\/wp\/v2\/product_tag?post=8417"}],"curies":[{"name":"wp","href":"https:\/\/api.w.org\/{rel}","templated":true}]}}