{"id":8419,"date":"2025-03-08T17:16:57","date_gmt":"2025-03-08T17:16:57","guid":{"rendered":"https:\/\/bigfunhobby.com\/butikk\/flysky-fs-gt2b-2-4ghz-transmitter\/"},"modified":"2025-12-04T11:00:43","modified_gmt":"2025-12-04T09:00:43","slug":"flysky-fs-gt2b-2-4ghz-transmitter","status":"publish","type":"product","link":"https:\/\/bigfunhobby.com\/sv\/butikk\/flysky-fs-gt2b-2-4ghz-transmitter\/","title":{"rendered":"FLYSKY FS-GT2B - 2,4GHZ S\u00c4NDARE"},"content":{"rendered":"<p>Nyt maksimal kontroll over dine fjernstyrte kj\u00f8ret\u00f8y med FLYSKY FS-GT2B &#8211; 2.4GHz sender. Denne senderen er ideell for b\u00e5de hobbyister og erfarne modellbyggere som er ute etter p\u00e5litelig og problemfri drift.<\/p>\n<p>FLYSKY FS-GT2B skiller seg ut med sin 3-kanals drift, utskiftbare h\u00e5ndtak, justerbar styringsrate og servo-reversering. Den inkluderer ogs\u00e5 et oppladbart li-ion batteri som gj\u00f8r senderen mye lettere og mer behagelig \u00e5 bruke. Glem \u00e5 kj\u00f8pe dyre AA batterier!<\/p>\n<ul>\n<li>P\u00e5litelig, forstyrrelsesfri 2.4GHz AFHDS-signal drift<\/li>\n<li>3-kanals drift<\/li>\n<li>Oppladbar li-ion senderbatteri<\/li>\n<li>Utskiftbare gummih\u00e5ndtak<\/li>\n<li>Justerbar styringsrate<\/li>\n<li>Servo-reversering<\/li>\n<\/ul>\n<p>Spesifikasjoner for sender:<br \/>Modell: Bil\/B\u00e5t<br \/>RF Power: 20dBm (100mW) maks<br \/>Modulasjon: GFSK<br \/>Systemtype: AFHDS<br \/>F\u00f8lsomhet: 1024<br \/>Lav spenning advarsel: Ja<br \/>Ladeport: Ja (USB-ladekabel inkludert)<br \/>Str\u00f8m: 3.7V 800mAh li-ion (inkludert)<br \/>Vekt: 270g<\/p>\n<p>Mottaker spesifikasjoner:<br \/>Modell: Bil\/B\u00e5t<br \/>RF Mottaker F\u00f8lsomhet: -105dBm<br \/>Modulasjon: GFSK<br \/>Systemtype: AFHDS<br \/>F\u00f8lsomhet: 1024<br \/>Failsafe: Ja<br \/>Str\u00f8mport: Ja (VCC)<br \/>Str\u00f8m: 4.5~6.5 VDC<br \/>Vekt: 5g<br \/>Antenne Lengde: 26mm<br \/>Dimensjoner: 37.6 x 22.3 x 13mm<\/p>\n<p>FLYSKY FS-GT2B &#8211; 2.4GHz sender kommer med f\u00f8lgende:<br \/>FS-GT2B sender<br \/>FS-GT2B 3CH mottaker<br \/>3.7V li-ion oppladbart batteri<br \/>Valgfritt andre gummih\u00e5ndtak<br \/>Antenne tube<br \/>USB-ladekabel<br \/>Bind plug<br \/>Brukerh\u00e5ndbok<\/p>\n<p>Gi dine fjernstyrte kj\u00f8ret\u00f8y det beste med FLYSKY FS-GT2B &#8211; 2.4GHz sender. Kj\u00f8p her og opplev forskjellen i dag!<\/p>","protected":false},"excerpt":{"rendered":"<p>FLYSKY FS-GT2B &#8211; 2.4GHz sender er en lett og brukervennlig l\u00f8sning for fjernstyrte kj\u00f8ret\u00f8y, med oppladbart li-ion batteri og utskiftbare h\u00e5ndtak.<\/p>","protected":false},"featured_media":8418,"comment_status":"open","ping_status":"closed","template":"","meta":[],"product_brand":[],"product_cat":[77],"product_tag":[],"class_list":{"0":"post-8419","1":"product","2":"type-product","3":"status-publish","4":"has-post-thumbnail","6":"product_cat-radioutstyr","8":"first","9":"outofstock","10":"taxable","11":"shipping-taxable","12":"purchasable","13":"product-type-simple"},"_links":{"self":[{"href":"https:\/\/bigfunhobby.com\/sv\/wp-json\/wp\/v2\/product\/8419","targetHints":{"allow":["GET"]}}],"collection":[{"href":"https:\/\/bigfunhobby.com\/sv\/wp-json\/wp\/v2\/product"}],"about":[{"href":"https:\/\/bigfunhobby.com\/sv\/wp-json\/wp\/v2\/types\/product"}],"replies":[{"embeddable":true,"href":"https:\/\/bigfunhobby.com\/sv\/wp-json\/wp\/v2\/comments?post=8419"}],"wp:featuredmedia":[{"embeddable":true,"href":"https:\/\/bigfunhobby.com\/sv\/wp-json\/wp\/v2\/media\/8418"}],"wp:attachment":[{"href":"https:\/\/bigfunhobby.com\/sv\/wp-json\/wp\/v2\/media?parent=8419"}],"wp:term":[{"taxonomy":"product_brand","embeddable":true,"href":"https:\/\/bigfunhobby.com\/sv\/wp-json\/wp\/v2\/product_brand?post=8419"},{"taxonomy":"product_cat","embeddable":true,"href":"https:\/\/bigfunhobby.com\/sv\/wp-json\/wp\/v2\/product_cat?post=8419"},{"taxonomy":"product_tag","embeddable":true,"href":"https:\/\/bigfunhobby.com\/sv\/wp-json\/wp\/v2\/product_tag?post=8419"}],"curies":[{"name":"wp","href":"https:\/\/api.w.org\/{rel}","templated":true}]}}