{"id":8423,"date":"2025-03-08T17:16:58","date_gmt":"2025-03-08T17:16:58","guid":{"rendered":"https:\/\/bigfunhobby.com\/butikk\/battery-pack-3000mah-4-8v-nimh-tamiya-and-jr\/"},"modified":"2025-12-04T11:00:43","modified_gmt":"2025-12-04T09:00:43","slug":"battery-pack-3000mah-4-8v-nimh-tamiya-and-jr","status":"publish","type":"product","link":"https:\/\/bigfunhobby.com\/sv\/butikk\/battery-pack-3000mah-4-8v-nimh-tamiya-and-jr\/","title":{"rendered":"BATTERIPACK 3000mAh - 4,8V NiMh - TAMIYA OCH JR"},"content":{"rendered":"<p>Opplev kvalitet og ytelse med v\u00e5r NiMh batteripakke. Denne batteripakken er designet med h\u00f8y utladingskapasitet, noe som gj\u00f8r den perfekt for st\u00f8rre flymodeller og helikoptere.<\/p>\n<p>Med en kapasitet p\u00e5 3300 mAh og en spenning p\u00e5 4.8V, kan du stole p\u00e5 at denne batteripakken holder seg g\u00e5ende n\u00e5r du trenger den mest. Den kommer med en Tamiya og JR-kontaktor, noe som gj\u00f8r den kompatibel med et bredt utvalg av modellhobbyprodukter.<\/p>\n<ul>\n<li>Kapasitet: 3300 mAh<\/li>\n<li>Spenning: 4.8V<\/li>\n<li>Kontaktorer: Tamiya og JR<\/li>\n<li>Dimensjoner: 88mm (L) x 22mm (H) x 47mm (B)<\/li>\n<\/ul>\n<p>Dette produktet er en del av v\u00e5rt brede sortiment av tilbeh\u00f8r til modellbygging, som inkluderer alt fra treskipsmodeller og byggesett i tre, til plastmodeller og skalamodeller. Uansett om du er en erfaren entusiast eller en nybegynner, har vi noe for alle.<\/p>\n<p>Ikke g\u00e5 glipp av sjansen til \u00e5 ta modellbyggingsprosjektene dine til neste niv\u00e5. Bestill din NiMh batteripakke i dag og opplev forskjellen selv.<\/p>","protected":false},"excerpt":{"rendered":"<p>Kvalitets NiMh batteripakke med h\u00f8y utladingskapasitet, ideell for st\u00f8rre flymodeller og helikoptere.<\/p>","protected":false},"featured_media":8422,"comment_status":"open","ping_status":"closed","template":"","meta":[],"product_brand":[96,99],"product_cat":[77],"product_tag":[],"class_list":{"0":"post-8423","1":"product","2":"type-product","3":"status-publish","4":"has-post-thumbnail","6":"product_brand-billing-boats","7":"product_brand-tamiya","8":"product_cat-radioutstyr","10":"first","11":"instock","12":"taxable","13":"shipping-taxable","14":"purchasable","15":"product-type-simple"},"_links":{"self":[{"href":"https:\/\/bigfunhobby.com\/sv\/wp-json\/wp\/v2\/product\/8423","targetHints":{"allow":["GET"]}}],"collection":[{"href":"https:\/\/bigfunhobby.com\/sv\/wp-json\/wp\/v2\/product"}],"about":[{"href":"https:\/\/bigfunhobby.com\/sv\/wp-json\/wp\/v2\/types\/product"}],"replies":[{"embeddable":true,"href":"https:\/\/bigfunhobby.com\/sv\/wp-json\/wp\/v2\/comments?post=8423"}],"wp:featuredmedia":[{"embeddable":true,"href":"https:\/\/bigfunhobby.com\/sv\/wp-json\/wp\/v2\/media\/8422"}],"wp:attachment":[{"href":"https:\/\/bigfunhobby.com\/sv\/wp-json\/wp\/v2\/media?parent=8423"}],"wp:term":[{"taxonomy":"product_brand","embeddable":true,"href":"https:\/\/bigfunhobby.com\/sv\/wp-json\/wp\/v2\/product_brand?post=8423"},{"taxonomy":"product_cat","embeddable":true,"href":"https:\/\/bigfunhobby.com\/sv\/wp-json\/wp\/v2\/product_cat?post=8423"},{"taxonomy":"product_tag","embeddable":true,"href":"https:\/\/bigfunhobby.com\/sv\/wp-json\/wp\/v2\/product_tag?post=8423"}],"curies":[{"name":"wp","href":"https:\/\/api.w.org\/{rel}","templated":true}]}}