{"id":8431,"date":"2025-03-08T17:17:00","date_gmt":"2025-03-08T17:17:00","guid":{"rendered":"https:\/\/bigfunhobby.com\/butikk\/7-2v-2700-mah-nimh-hump-for-tamiya-sand-scorcher-and-champ\/"},"modified":"2025-12-04T11:00:43","modified_gmt":"2025-12-04T09:00:43","slug":"7-2v-2700-mah-nimh-hump-for-tamiya-sand-scorcher-and-champ","status":"publish","type":"product","link":"https:\/\/bigfunhobby.com\/sv\/butikk\/7-2v-2700-mah-nimh-hump-for-tamiya-sand-scorcher-and-champ\/","title":{"rendered":"7,2V\/2700 MAH NIMH-AMPULL F\u00d6R TAMIYA SAND SCORCHER OCH CHAMP"},"content":{"rendered":"<p>\nHvis du elsker modellbygging, vet du hvor viktig det er med en p\u00e5litelig str\u00f8mkilde. V\u00e5rt 7.2V\/2700mAh NiMH-batteri er spesielt designet for Tamiya Sand Scorcher og Buggy Champ, og s\u00f8rger for at du kan konsentrere deg om byggeprosessen uten \u00e5 bekymre deg for batterilevetiden.\n<\/p>\n<p>\n<b>Specifikationer:<\/b><\/p>\n<ul>\n<li>6-cell sub-C battery pakke 7.2 V\/2700 mAh<\/li>\n<li>Veier kun 335 g<\/li>\n<li>Dimensjoner: 110x48x42 mm<\/li>\n<li>Inkluderer TAMIYA kontakt<\/li>\n<\/ul>\n<p>\nBatteriet er en NiMH-batteripakke, som er kjent for sin h\u00f8ye energitetthet og lange levetid. Dette gj\u00f8r det til et ideelt valg for modellbyggere som \u00f8nsker optimal ytelse og p\u00e5litelighet.\n<\/p>\n<p>\nTamiya er en ledende produsent av RC-modeller, og deres Sand Scorcher og Buggy Champ-modeller er blant de mest popul\u00e6re. Dette batteriet er spesielt utviklet for disse modellene, som sikrer perfekt passform og maksimal ytelse.\n<\/p>\n<p>\nEnten du er en erfaren modellbygger, eller en nybegynner som nettopp har oppdaget denne spennende hobbyen, vil du sette pris p\u00e5 den ekstra friheten og fleksibiliteten et p\u00e5litelig batteri gir. S\u00e5 hvorfor vente? Bestill ditt 7.2V\/2700mAh NiMH-batteri i dag, og ta din modellbygging til nye h\u00f8yder.<\/p>","protected":false},"excerpt":{"rendered":"<p>Oppladbart 7.2V\/2700mAh NiMH-batteri spesielt designet for Tamiya Sand Scorcher og Buggy Champ. Perfekt for lange byggesesjoner og optimal ytelse.<\/p>","protected":false},"featured_media":8430,"comment_status":"open","ping_status":"closed","template":"","meta":[],"product_brand":[99],"product_cat":[77],"product_tag":[],"class_list":{"0":"post-8431","1":"product","2":"type-product","3":"status-publish","4":"has-post-thumbnail","6":"product_brand-tamiya","7":"product_cat-radioutstyr","9":"first","10":"instock","11":"taxable","12":"shipping-taxable","13":"purchasable","14":"product-type-simple"},"_links":{"self":[{"href":"https:\/\/bigfunhobby.com\/sv\/wp-json\/wp\/v2\/product\/8431","targetHints":{"allow":["GET"]}}],"collection":[{"href":"https:\/\/bigfunhobby.com\/sv\/wp-json\/wp\/v2\/product"}],"about":[{"href":"https:\/\/bigfunhobby.com\/sv\/wp-json\/wp\/v2\/types\/product"}],"replies":[{"embeddable":true,"href":"https:\/\/bigfunhobby.com\/sv\/wp-json\/wp\/v2\/comments?post=8431"}],"wp:featuredmedia":[{"embeddable":true,"href":"https:\/\/bigfunhobby.com\/sv\/wp-json\/wp\/v2\/media\/8430"}],"wp:attachment":[{"href":"https:\/\/bigfunhobby.com\/sv\/wp-json\/wp\/v2\/media?parent=8431"}],"wp:term":[{"taxonomy":"product_brand","embeddable":true,"href":"https:\/\/bigfunhobby.com\/sv\/wp-json\/wp\/v2\/product_brand?post=8431"},{"taxonomy":"product_cat","embeddable":true,"href":"https:\/\/bigfunhobby.com\/sv\/wp-json\/wp\/v2\/product_cat?post=8431"},{"taxonomy":"product_tag","embeddable":true,"href":"https:\/\/bigfunhobby.com\/sv\/wp-json\/wp\/v2\/product_tag?post=8431"}],"curies":[{"name":"wp","href":"https:\/\/api.w.org\/{rel}","templated":true}]}}