{"id":8437,"date":"2025-03-08T17:17:01","date_gmt":"2025-03-08T17:17:01","guid":{"rendered":"https:\/\/bigfunhobby.com\/butikk\/volkswagen-type-2-t1-painted-body-rc-110-m-06\/"},"modified":"2025-12-04T11:00:43","modified_gmt":"2025-12-04T09:00:43","slug":"volkswagen-type-2-t1-painted-body-rc-110-m-06","status":"publish","type":"product","link":"https:\/\/bigfunhobby.com\/sv\/butikk\/volkswagen-type-2-t1-painted-body-rc-110-m-06\/","title":{"rendered":"VOLKSWAGEN TYP 2 T1 (M\u00c5LAD KAROSS) RC 1:10 (M-06)"},"content":{"rendered":"<p>Dykke inn i verden av modellbygging med v\u00e5r Volkswagen Type 2 T1 byggesett i skala 1:10. Dette er en perfekt modell for b\u00e5de nybegynnere og erfarne modellbyggere som er interessert i klassiske biler.<\/p>\n<p>Volkswagen Type 2, kjent som &#8216;folkevognbussen&#8217;, er en ekte legende. Den ble designet av den nederlandske Volkswagen-import\u00f8ren Ben Pon i 1947 og produsert fra 1950 til 1967. I Brasil fortsatte produksjonen helt til 1975, lenge etter at den ble avsluttet i Tyskland.<\/p>\n<p>Byggesettet leveres med en 540-motor og et ferdiglakkert karosseri. For \u00e5 fullf\u00f8re modellen trenger du:<\/p>\n<ul>\n<li>Radio og mottaker<\/li>\n<li>4.8 ~ 7.4kg servo eller sterkere<\/li>\n<li>NiMH eller LiPO batteri<\/li>\n<li>ESC (fartskontroller)<\/li>\n<li>Batterilader<\/li>\n<\/ul>\n<p>Vi anbefaler ogs\u00e5 \u00e5 skaffe <a href=\"https:\/\/modelsport.no\/shop\/2-54179\/\" target=\"_blank\" rel=\"noopener\">kulelagre<\/a> for en mer autentisk modellopplevelse.<\/p>\n<p>Med sitt detaljerte design og realistiske komponenter, er denne modellen et must for alle entusiaster av klassiske biler og modellbygging. Modellen er 426mm lang og kommer med klassiske stilhjul og m\u00f8nstrede dekk. Den er montert p\u00e5 det bakhjulsstyrte M-06-chassiset, som gir en utmerket ytelse.<\/p>\n<p>Gj\u00f8r deg klar for timevis med kreativ moro og l\u00e6rerik modellbygging. Kj\u00f8p Volkswagen Type 2 T1 byggesett i dag og start reisen inn i den fascinerende verdenen av modellbygging.<\/p>","protected":false},"excerpt":{"rendered":"<p>Gjenopplev legenden med dette detaljerte byggesettet av Volkswagen Type 2 T1 i skala 1:10, komplett med ferdiglakkert karosseri og 540-motor. Perfekt for b\u00e5de nybegynnere og erfarne modellbyggere.<\/p>","protected":false},"featured_media":8436,"comment_status":"open","ping_status":"closed","template":"","meta":[],"product_brand":[99],"product_cat":[69,84,83],"product_tag":[],"class_list":{"0":"post-8437","1":"product","2":"type-product","3":"status-publish","4":"has-post-thumbnail","6":"product_brand-tamiya","7":"product_cat-69","8":"product_cat-biler","9":"product_cat-rc-fjernstyring","11":"first","12":"instock","13":"taxable","14":"shipping-taxable","15":"purchasable","16":"product-type-simple"},"_links":{"self":[{"href":"https:\/\/bigfunhobby.com\/sv\/wp-json\/wp\/v2\/product\/8437","targetHints":{"allow":["GET"]}}],"collection":[{"href":"https:\/\/bigfunhobby.com\/sv\/wp-json\/wp\/v2\/product"}],"about":[{"href":"https:\/\/bigfunhobby.com\/sv\/wp-json\/wp\/v2\/types\/product"}],"replies":[{"embeddable":true,"href":"https:\/\/bigfunhobby.com\/sv\/wp-json\/wp\/v2\/comments?post=8437"}],"wp:featuredmedia":[{"embeddable":true,"href":"https:\/\/bigfunhobby.com\/sv\/wp-json\/wp\/v2\/media\/8436"}],"wp:attachment":[{"href":"https:\/\/bigfunhobby.com\/sv\/wp-json\/wp\/v2\/media?parent=8437"}],"wp:term":[{"taxonomy":"product_brand","embeddable":true,"href":"https:\/\/bigfunhobby.com\/sv\/wp-json\/wp\/v2\/product_brand?post=8437"},{"taxonomy":"product_cat","embeddable":true,"href":"https:\/\/bigfunhobby.com\/sv\/wp-json\/wp\/v2\/product_cat?post=8437"},{"taxonomy":"product_tag","embeddable":true,"href":"https:\/\/bigfunhobby.com\/sv\/wp-json\/wp\/v2\/product_tag?post=8437"}],"curies":[{"name":"wp","href":"https:\/\/api.w.org\/{rel}","templated":true}]}}