{"id":8451,"date":"2025-03-08T17:17:04","date_gmt":"2025-03-08T17:17:04","guid":{"rendered":"https:\/\/bigfunhobby.com\/butikk\/19300-white-paint-pintura-blanco-30-ml\/"},"modified":"2025-12-04T11:00:43","modified_gmt":"2025-12-04T09:00:43","slug":"19300-white-paint-pintura-blanco-30-ml","status":"publish","type":"product","link":"https:\/\/bigfunhobby.com\/sv\/butikk\/19300-white-paint-pintura-blanco-30-ml\/","title":{"rendered":"19300 - Vit f\u00e4rg \/ Pintura blanco 30 ml"},"content":{"rendered":"<p>19300 &#8211; White Paint \/ Pintura blanco 30 ml er en h\u00f8ykvalitets maling designet for \u00e5 gi dine modellbyggingsprosjekter det profesjonelle utseendet de fortjener. Uansett om du jobber med en plastmodell, treskipsmodell, modelljernbane eller fjernstyrte kj\u00f8ret\u00f8y, vil denne malingen kunne sette prikken over i-en.<\/p>\n<ul>\n<li><strong>Specifikationer:<\/strong> Denne malingen kommer i en 30 ml beholder, og er utviklet for \u00e5 gi en jevn og holdbar finish p\u00e5 alle dine modellbyggingsprosjekter.<\/li>\n<li><strong>Material:<\/strong> Denne malingen er laget for \u00e5 feste seg godt til b\u00e5de plast og tre, noe som gj\u00f8r den ideell for et bredt spekter av byggesett.<\/li>\n<\/ul>\n<p>Med 19300 &#8211; White Paint \/ Pintura blanco 30 ml, kan du gi dine modellbyggingsprosjekter et autentisk og profesjonelt utseende. Denne malingen er spesielt utviklet for \u00e5 gi en jevn og holdbar finish som vil vare i mange \u00e5r.<\/p>\n<p>Uansett om du er en erfaren modellbygger, eller bare begynner i hobbyen, vil du sette pris p\u00e5 kvaliteten og holdbarheten til denne malingen. Ta ditt neste byggesett eller modelljernbane til nye h\u00f8yder med 19300 &#8211; White Paint \/ Pintura blanco 30 ml.<\/p>\n<p>Ikke vent lenger, kj\u00f8p 19300 &#8211; White Paint \/ Pintura blanco 30 ml i dag og opplev forskjellen en h\u00f8ykvalitets maling kan gj\u00f8re p\u00e5 ditt neste modellbyggingsprosjekt.<\/p>","protected":false},"excerpt":{"rendered":"<p>Ta modellbyggingsprosjektet ditt til neste niv\u00e5 med 19300 &#8211; White Paint. Denne h\u00f8ykvalitets malingen p\u00e5 30 ml er perfekt for \u00e5 legge til de siste detaljene p\u00e5 ditt byggesett eller modelljernbane.<\/p>","protected":false},"featured_media":8450,"comment_status":"open","ping_status":"closed","template":"","meta":[],"product_brand":[95],"product_cat":[78],"product_tag":[],"class_list":{"0":"post-8451","1":"product","2":"type-product","3":"status-publish","4":"has-post-thumbnail","6":"product_brand-occre","7":"product_cat-occre-maling","9":"first","10":"instock","11":"taxable","12":"shipping-taxable","13":"purchasable","14":"product-type-simple"},"_links":{"self":[{"href":"https:\/\/bigfunhobby.com\/sv\/wp-json\/wp\/v2\/product\/8451","targetHints":{"allow":["GET"]}}],"collection":[{"href":"https:\/\/bigfunhobby.com\/sv\/wp-json\/wp\/v2\/product"}],"about":[{"href":"https:\/\/bigfunhobby.com\/sv\/wp-json\/wp\/v2\/types\/product"}],"replies":[{"embeddable":true,"href":"https:\/\/bigfunhobby.com\/sv\/wp-json\/wp\/v2\/comments?post=8451"}],"wp:featuredmedia":[{"embeddable":true,"href":"https:\/\/bigfunhobby.com\/sv\/wp-json\/wp\/v2\/media\/8450"}],"wp:attachment":[{"href":"https:\/\/bigfunhobby.com\/sv\/wp-json\/wp\/v2\/media?parent=8451"}],"wp:term":[{"taxonomy":"product_brand","embeddable":true,"href":"https:\/\/bigfunhobby.com\/sv\/wp-json\/wp\/v2\/product_brand?post=8451"},{"taxonomy":"product_cat","embeddable":true,"href":"https:\/\/bigfunhobby.com\/sv\/wp-json\/wp\/v2\/product_cat?post=8451"},{"taxonomy":"product_tag","embeddable":true,"href":"https:\/\/bigfunhobby.com\/sv\/wp-json\/wp\/v2\/product_tag?post=8451"}],"curies":[{"name":"wp","href":"https:\/\/api.w.org\/{rel}","templated":true}]}}