{"id":8497,"date":"2025-03-08T17:17:13","date_gmt":"2025-03-08T17:17:13","guid":{"rendered":"https:\/\/bigfunhobby.com\/butikk\/90502-san-francisco-paints-pack-pack-pinturas-san-francisco\/"},"modified":"2026-03-03T12:26:14","modified_gmt":"2026-03-03T10:26:14","slug":"90502-san-francisco-paints-pack-pack-pinturas-san-francisco","status":"publish","type":"product","link":"https:\/\/bigfunhobby.com\/sv\/butikk\/90502-san-francisco-paints-pack-pack-pinturas-san-francisco\/","title":{"rendered":"90502 &#8211; San Francisco paints pack \/ Pack pinturas San Francisco"},"content":{"rendered":"<p>Oppdag 90502 &#8211; San Francisco malingsett, et n\u00f8dvendig verkt\u00f8y for alle modellbyggere. Dette settet er n\u00f8ye sammensatt for \u00e5 gi dine byggesett en autentisk og realistisk finish, uansett om det er en treskipsmodell, en plastmodell eller en modelljernbane.<\/p>\n<p>Settet inkluderer en rekke farger som er n\u00f8ye utvalgt for \u00e5 matche San Francisco-temaet, noe som gir modellene dine et autentisk utseende. Hver farge er laget med h\u00f8ykvalitets pigmenter for \u00e5 sikre en jevn og langvarig finish.<\/p>\n<p>Malingen er laget for \u00e5 v\u00e6re lett \u00e5 p\u00e5f\u00f8re, uavhengig av om du er en erfaren modellbygger eller en nybegynner. Den er ogs\u00e5 designet for \u00e5 t\u00f8rke raskt, slik at du kan fortsette med modellbyggingen uten un\u00f8dvendige avbrudd.<\/p>\n<p>Dette malingsettet er en flott ressurs for alle som er interessert i modellbygging. Det kan hjelpe deg med \u00e5 gi modellene dine det ekstra realistiske utseendet som virkelig bringer dem til liv. <\/p>\n<p>Ikke vent, skap din egen lille bit av San Francisco i dag. Kj\u00f8p San Francisco malingsett n\u00e5 og kom i gang med modellbyggingen din!<\/p>","protected":false},"excerpt":{"rendered":"<p>90502 &#8211; San Francisco malingsett er et n\u00f8dvendig tilbeh\u00f8r for modellbygging, designet for \u00e5 gi ditt prosjekt en autentisk og realistisk finish.<\/p>","protected":false},"featured_media":8496,"comment_status":"open","ping_status":"closed","template":"","meta":[],"product_brand":[95],"product_cat":[78],"product_tag":[],"class_list":{"0":"post-8497","1":"product","2":"type-product","3":"status-publish","4":"has-post-thumbnail","6":"product_brand-occre","7":"product_cat-occre-maling","9":"first","10":"instock","11":"taxable","12":"shipping-taxable","13":"purchasable","14":"product-type-simple"},"_links":{"self":[{"href":"https:\/\/bigfunhobby.com\/sv\/wp-json\/wp\/v2\/product\/8497","targetHints":{"allow":["GET"]}}],"collection":[{"href":"https:\/\/bigfunhobby.com\/sv\/wp-json\/wp\/v2\/product"}],"about":[{"href":"https:\/\/bigfunhobby.com\/sv\/wp-json\/wp\/v2\/types\/product"}],"replies":[{"embeddable":true,"href":"https:\/\/bigfunhobby.com\/sv\/wp-json\/wp\/v2\/comments?post=8497"}],"wp:featuredmedia":[{"embeddable":true,"href":"https:\/\/bigfunhobby.com\/sv\/wp-json\/wp\/v2\/media\/8496"}],"wp:attachment":[{"href":"https:\/\/bigfunhobby.com\/sv\/wp-json\/wp\/v2\/media?parent=8497"}],"wp:term":[{"taxonomy":"product_brand","embeddable":true,"href":"https:\/\/bigfunhobby.com\/sv\/wp-json\/wp\/v2\/product_brand?post=8497"},{"taxonomy":"product_cat","embeddable":true,"href":"https:\/\/bigfunhobby.com\/sv\/wp-json\/wp\/v2\/product_cat?post=8497"},{"taxonomy":"product_tag","embeddable":true,"href":"https:\/\/bigfunhobby.com\/sv\/wp-json\/wp\/v2\/product_tag?post=8497"}],"curies":[{"name":"wp","href":"https:\/\/api.w.org\/{rel}","templated":true}]}}