{"id":8511,"date":"2025-03-08T17:17:16","date_gmt":"2025-03-08T17:17:16","guid":{"rendered":"https:\/\/bigfunhobby.com\/butikk\/90509-palamos-paints-pack-pack-pinturas\/"},"modified":"2026-04-13T23:05:44","modified_gmt":"2026-04-13T21:05:44","slug":"90509-palamos-malarfarg-forpackning-forpackning-pinturas","status":"publish","type":"product","link":"https:\/\/bigfunhobby.com\/sv\/butikk\/90509-palamos-paints-pack-pack-pinturas\/","title":{"rendered":"90509 - Palamos f\u00e4rgf\u00f6rpackning \/ f\u00f6rpackning pinturas"},"content":{"rendered":"<p>90509 - Palamos paints pack \u00e4r ett f\u00e4rgkit speciellt framtaget f\u00f6r dig som \u00e4lskar modellbygge och vill ge dina skeppsmodeller av tr\u00e4 ett unikt och autentiskt utseende. Detta kit inneh\u00e5ller allt du beh\u00f6ver f\u00f6r att komma ig\u00e5ng med att m\u00e5la modellfartyg, oavsett om du \u00e4r nyb\u00f6rjare eller en erfaren entusiast.<\/p>\n<ul>\n<li>Idealisk f\u00f6r modeller med tre skepp<\/li>\n<li>Komplett f\u00e4rgsats<\/li>\n<li>L\u00e4mplig f\u00f6r b\u00e5de nyb\u00f6rjare och erfarna modellbyggare<\/li>\n<\/ul>\n<p>Satsen inneh\u00e5ller ett noga utvalt sortiment av f\u00e4rger som g\u00f6r att du kan ge din tr\u00e4fartygsmodell ett levande och detaljerat utseende. F\u00e4rgerna \u00e4r av h\u00f6g kvalitet, l\u00e4tta att applicera och torkar snabbt. Med den h\u00e4r f\u00e4rgsatsen kan du verkligen g\u00e5 in i detaljerna och ge din fartygsmodell den d\u00e4r extra touchen som g\u00f6r den unik.<\/p>\n<p>Modellbygge \u00e4r en \u00e4lskad hobby f\u00f6r m\u00e5nga, och det \u00e4r inte utan anledning. Det \u00e4r ett utm\u00e4rkt s\u00e4tt att kombinera kreativitet, t\u00e5lamod och noggrannhet. Med det h\u00e4r f\u00e4rgsetet kan du verkligen ta din hobby till n\u00e4sta niv\u00e5.<\/p>\n<p>S\u00e5 varf\u00f6r v\u00e4nta? Starta ditt n\u00e4sta modellprojekt redan idag. Med 90509 - Palamos f\u00e4rgpaket \u00e4r du v\u00e4l utrustad f\u00f6r att ge dina modellfartyg det autentiska utseende de f\u00f6rtj\u00e4nar. Best\u00e4ll nu!<\/p>","protected":false},"excerpt":{"rendered":"<p>90509 - Palamos f\u00e4rgpaket \u00e4r ett komplett f\u00e4rgpaket som \u00e4r idealiskt f\u00f6r alla modellhobbyister som vill ge sina tr\u00e4fartygsmodeller ett professionellt utseende.<\/p>","protected":false},"featured_media":8510,"comment_status":"open","ping_status":"closed","template":"","meta":[],"product_brand":[95],"product_cat":[78],"product_tag":[],"class_list":{"0":"post-8511","1":"product","2":"type-product","3":"status-publish","4":"has-post-thumbnail","6":"product_brand-occre","7":"product_cat-occre-maling","9":"first","10":"outofstock","11":"taxable","12":"shipping-taxable","13":"purchasable","14":"product-type-simple"},"_links":{"self":[{"href":"https:\/\/bigfunhobby.com\/sv\/wp-json\/wp\/v2\/product\/8511","targetHints":{"allow":["GET"]}}],"collection":[{"href":"https:\/\/bigfunhobby.com\/sv\/wp-json\/wp\/v2\/product"}],"about":[{"href":"https:\/\/bigfunhobby.com\/sv\/wp-json\/wp\/v2\/types\/product"}],"replies":[{"embeddable":true,"href":"https:\/\/bigfunhobby.com\/sv\/wp-json\/wp\/v2\/comments?post=8511"}],"wp:featuredmedia":[{"embeddable":true,"href":"https:\/\/bigfunhobby.com\/sv\/wp-json\/wp\/v2\/media\/8510"}],"wp:attachment":[{"href":"https:\/\/bigfunhobby.com\/sv\/wp-json\/wp\/v2\/media?parent=8511"}],"wp:term":[{"taxonomy":"product_brand","embeddable":true,"href":"https:\/\/bigfunhobby.com\/sv\/wp-json\/wp\/v2\/product_brand?post=8511"},{"taxonomy":"product_cat","embeddable":true,"href":"https:\/\/bigfunhobby.com\/sv\/wp-json\/wp\/v2\/product_cat?post=8511"},{"taxonomy":"product_tag","embeddable":true,"href":"https:\/\/bigfunhobby.com\/sv\/wp-json\/wp\/v2\/product_tag?post=8511"}],"curies":[{"name":"wp","href":"https:\/\/api.w.org\/{rel}","templated":true}]}}