{"id":8513,"date":"2025-03-08T17:17:17","date_gmt":"2025-03-08T17:17:17","guid":{"rendered":"https:\/\/bigfunhobby.com\/butikk\/90510-san-juan-paints-pack-pack-pinturas\/"},"modified":"2026-03-03T12:26:14","modified_gmt":"2026-03-03T10:26:14","slug":"90510-san-juan-paintings-pack-pack-pinturas","status":"publish","type":"product","link":"https:\/\/bigfunhobby.com\/sv\/butikk\/90510-san-juan-paints-pack-pack-pinturas\/","title":{"rendered":"90510 - San Juan m\u00e5larf\u00f6rpackning \/ f\u00f6rpackning pinturas"},"content":{"rendered":"<p>Vill du ge lite extra liv och realism till dina modellprojekt? D\u00e5 \u00e4r f\u00e4rgsetet San Juan ett utm\u00e4rkt val. F\u00e4rgkitet \u00e4r speciellt utformat f\u00f6r modellbygge och ger dig ett brett utbud av f\u00e4rger som passar alla typer av projekt, oavsett om det g\u00e4ller plastmodeller, tr\u00e4fartyg, modellj\u00e4rnv\u00e4gar eller fj\u00e4rrstyrda fordon.<\/p>\n<p><b>Specifikationer:<\/b><\/p>\n<ul>\n<li>Produktnamn: 90510 - San Juan f\u00e4rgf\u00f6rpackning \/ pack pinturas<\/li>\n<li>Kategori: M\u00e5lningssatser f\u00f6r modellbygge<\/li>\n<\/ul>\n<p>Med f\u00e4rgsetet San Juan f\u00e5r du m\u00f6jlighet att skr\u00e4ddarsy f\u00e4rgpaletten i dina modellbyggnadsprojekt. Oavsett om du \u00e4r en erfaren modellbyggare eller nyb\u00f6rjare kommer du att uppt\u00e4cka att det h\u00e4r f\u00e4rgsetet \u00e4r enkelt att anv\u00e4nda och ger enast\u00e5ende resultat. F\u00e4rgerna kan blandas f\u00f6r att skapa ett n\u00e4stan o\u00e4ndligt utbud av nyanser, vilket ger dig fullst\u00e4ndig frihet att f\u00f6rverkliga dina mest kreativa id\u00e9er.<\/p>\n<p>Oavsett om du arbetar med tr\u00e4byggsatser, plastmodeller, modellj\u00e4rnv\u00e4gar eller fj\u00e4rrstyrda fordon kommer San Juans f\u00e4rgsatser att ge dina skapelser en professionell och realistisk finish. F\u00e4rgen \u00e4r av h\u00f6g kvalitet och torkar snabbt, vilket g\u00f6r den idealisk f\u00f6r b\u00e5de sm\u00e5 och stora projekt.<\/p>\n<p>S\u00e5 varf\u00f6r v\u00e4nta? Ta din modellering till n\u00e4sta niv\u00e5 med f\u00e4rgsetet San Juan. K\u00f6p h\u00e4r och b\u00f6rja utforska de kreativa m\u00f6jligheter som det erbjuder!<\/p>","protected":false},"excerpt":{"rendered":"<p>San Juan-f\u00e4rgsetet \u00e4r perfekt f\u00f6r alla modellbyggare, med en rad olika f\u00e4rger som ger liv och djup \u00e5t dina skapelser.<\/p>","protected":false},"featured_media":8512,"comment_status":"open","ping_status":"closed","template":"","meta":[],"product_brand":[95],"product_cat":[78],"product_tag":[],"class_list":{"0":"post-8513","1":"product","2":"type-product","3":"status-publish","4":"has-post-thumbnail","6":"product_brand-occre","7":"product_cat-occre-maling","9":"first","10":"instock","11":"taxable","12":"shipping-taxable","13":"purchasable","14":"product-type-simple"},"_links":{"self":[{"href":"https:\/\/bigfunhobby.com\/sv\/wp-json\/wp\/v2\/product\/8513","targetHints":{"allow":["GET"]}}],"collection":[{"href":"https:\/\/bigfunhobby.com\/sv\/wp-json\/wp\/v2\/product"}],"about":[{"href":"https:\/\/bigfunhobby.com\/sv\/wp-json\/wp\/v2\/types\/product"}],"replies":[{"embeddable":true,"href":"https:\/\/bigfunhobby.com\/sv\/wp-json\/wp\/v2\/comments?post=8513"}],"wp:featuredmedia":[{"embeddable":true,"href":"https:\/\/bigfunhobby.com\/sv\/wp-json\/wp\/v2\/media\/8512"}],"wp:attachment":[{"href":"https:\/\/bigfunhobby.com\/sv\/wp-json\/wp\/v2\/media?parent=8513"}],"wp:term":[{"taxonomy":"product_brand","embeddable":true,"href":"https:\/\/bigfunhobby.com\/sv\/wp-json\/wp\/v2\/product_brand?post=8513"},{"taxonomy":"product_cat","embeddable":true,"href":"https:\/\/bigfunhobby.com\/sv\/wp-json\/wp\/v2\/product_cat?post=8513"},{"taxonomy":"product_tag","embeddable":true,"href":"https:\/\/bigfunhobby.com\/sv\/wp-json\/wp\/v2\/product_tag?post=8513"}],"curies":[{"name":"wp","href":"https:\/\/api.w.org\/{rel}","templated":true}]}}