{"id":8519,"date":"2025-03-08T17:17:18","date_gmt":"2025-03-08T17:17:18","guid":{"rendered":"https:\/\/bigfunhobby.com\/butikk\/90513-hms-terror-paints-pack-pack-pinturas\/"},"modified":"2026-03-03T12:26:14","modified_gmt":"2026-03-03T10:26:14","slug":"90513-hms-terrorfarger-forpackning-forpackning-pinturas","status":"publish","type":"product","link":"https:\/\/bigfunhobby.com\/sv\/butikk\/90513-hms-terror-paints-pack-pack-pinturas\/","title":{"rendered":"90513 - HMS Terror f\u00e4rgf\u00f6rpackning \/ pack pinturas"},"content":{"rendered":"<p>Vill du v\u00e4cka liv i dina skalamodeller? V\u00e5rt f\u00e4rgpaket HMS Terror \u00e4r det perfekta tillbeh\u00f6ret f\u00f6r alla modellbyggare som vill f\u00f6rb\u00e4ttra och g\u00f6ra sina modeller mer personliga. Med det h\u00e4r f\u00e4rgpaketet kan du l\u00e4gga till autentiska och realistiska detaljer p\u00e5 dina modeller och ta ditt modellbygge till n\u00e4sta niv\u00e5.<\/p>\n<p><strong>Specifikationer:<\/strong><\/p>\n<ul>\n<li>Produktnamn: 90513 - HMS Terror f\u00e4rgpaket<\/li>\n<li>Kategori: Tillbeh\u00f6r f\u00f6r modellering<\/li>\n<\/ul>\n<p>Detta f\u00e4rgpaket \u00e4r utformat f\u00f6r att komplettera tr\u00e4- och plastmodeller och g\u00f6r att du verkligen kan framh\u00e4va detaljerna och ge din modell ett autentiskt utseende. Oavsett om du \u00e4r en erfaren modellbyggare eller nyb\u00f6rjare \u00e4r det h\u00e4r f\u00e4rgpaketet ett utm\u00e4rkt komplement till din byggsats.<\/p>\n<p>Historiskt sett var HMS Terror ett ber\u00f6mt brittiskt marinfartyg, k\u00e4nt f\u00f6r sina utmanande expeditioner i polarvatten. Med det h\u00e4r f\u00e4rgpaketet kan du v\u00e4cka denna historia till liv i ditt eget vardagsrum.<\/p>\n<p>S\u00e5 varf\u00f6r v\u00e4nta? Ta din modellering till nya h\u00f6jder med v\u00e5rt HSE Terror-f\u00e4rgpaket. <strong>Boka nu<\/strong> och ge dina byggsatser en ny dimension, oavsett om det \u00e4r en skeppsmodell i tr\u00e4, en byggsats i plast eller en modellj\u00e4rnv\u00e4gssats.<\/p>","protected":false},"excerpt":{"rendered":"<p>Ta ditt modellbygge till n\u00e4sta niv\u00e5 med v\u00e5rt f\u00e4rgpaket HMS Terror, som \u00e4r perfekt f\u00f6r att ge dina skalmodeller realistiska och autentiska f\u00e4rger.<\/p>","protected":false},"featured_media":8518,"comment_status":"open","ping_status":"closed","template":"","meta":[],"product_brand":[95],"product_cat":[78],"product_tag":[],"class_list":{"0":"post-8519","1":"product","2":"type-product","3":"status-publish","4":"has-post-thumbnail","6":"product_brand-occre","7":"product_cat-occre-maling","9":"first","10":"instock","11":"taxable","12":"shipping-taxable","13":"purchasable","14":"product-type-simple"},"_links":{"self":[{"href":"https:\/\/bigfunhobby.com\/sv\/wp-json\/wp\/v2\/product\/8519","targetHints":{"allow":["GET"]}}],"collection":[{"href":"https:\/\/bigfunhobby.com\/sv\/wp-json\/wp\/v2\/product"}],"about":[{"href":"https:\/\/bigfunhobby.com\/sv\/wp-json\/wp\/v2\/types\/product"}],"replies":[{"embeddable":true,"href":"https:\/\/bigfunhobby.com\/sv\/wp-json\/wp\/v2\/comments?post=8519"}],"wp:featuredmedia":[{"embeddable":true,"href":"https:\/\/bigfunhobby.com\/sv\/wp-json\/wp\/v2\/media\/8518"}],"wp:attachment":[{"href":"https:\/\/bigfunhobby.com\/sv\/wp-json\/wp\/v2\/media?parent=8519"}],"wp:term":[{"taxonomy":"product_brand","embeddable":true,"href":"https:\/\/bigfunhobby.com\/sv\/wp-json\/wp\/v2\/product_brand?post=8519"},{"taxonomy":"product_cat","embeddable":true,"href":"https:\/\/bigfunhobby.com\/sv\/wp-json\/wp\/v2\/product_cat?post=8519"},{"taxonomy":"product_tag","embeddable":true,"href":"https:\/\/bigfunhobby.com\/sv\/wp-json\/wp\/v2\/product_tag?post=8519"}],"curies":[{"name":"wp","href":"https:\/\/api.w.org\/{rel}","templated":true}]}}