{"id":8521,"date":"2025-03-08T17:17:20","date_gmt":"2025-03-08T17:17:20","guid":{"rendered":"https:\/\/bigfunhobby.com\/butikk\/90514-hms-beagle-paints-pack-pack-pinturas\/"},"modified":"2026-03-03T12:26:14","modified_gmt":"2026-03-03T10:26:14","slug":"90514-hms-beagle-farger-pack-pack-pinturas","status":"publish","type":"product","link":"https:\/\/bigfunhobby.com\/sv\/butikk\/90514-hms-beagle-paints-pack-pack-pinturas\/","title":{"rendered":"90514 - HMS Beagle m\u00e5larf\u00f6rpackning \/ pack pinturas"},"content":{"rendered":"<p>V\u00e5r f\u00e4rgsats f\u00f6r HMS Beagle, med produktnummer 90514, \u00e4r en viktig del av modellbyggandet f\u00f6r entusiaster p\u00e5 alla niv\u00e5er. F\u00e4rgkitet \u00e4r s\u00e4rskilt utformat f\u00f6r att matcha f\u00e4rgerna p\u00e5 det historiska tr\u00e4fartyget HMS Beagle, vilket g\u00f6r det till ett perfekt val f\u00f6r dem som vill ha autentiska f\u00e4rger i sina byggsatser.<\/p>\n<ul>\n<li>Produktnummer: 90514<\/li>\n<li>Inneh\u00e5ller en rad olika f\u00e4rger f\u00f6r att matcha originalet av HMS Beagle<\/li>\n<li>Perfekt f\u00f6r b\u00e5de nyb\u00f6rjare och erfarna modellbyggare<\/li>\n<\/ul>\n<p>F\u00e4rgkitet \u00e4r utformat f\u00f6r att komplettera v\u00e5ra fartygsmodeller i tr\u00e4 och erbjuder en rad olika f\u00e4rger f\u00f6r att v\u00e4cka liv i din HMS Beagle. Det g\u00f6r det l\u00e4ttare f\u00f6r dig att skapa en trov\u00e4rdig och autentisk modell, oavsett hur skicklig du \u00e4r p\u00e5 att modellera.<\/p>\n<p>HMS Beagle \u00e4r k\u00e4nt f\u00f6r sin historiska betydelse som det fartyg Charles Darwin reste med under sin vetenskapliga expedition. Med hj\u00e4lp av v\u00e5rt f\u00e4rgkit kan du skapa en modell som hedrar denna rika historia med exakta och autentiska f\u00e4rger.<\/p>\n<p>G\u00f6r ditt modellbygge mer engagerande och realistiskt med v\u00e5r f\u00e4rgsats f\u00f6r HMS Beagle. Oavsett om du \u00e4r en erfaren modellbyggare eller nyb\u00f6rjare hj\u00e4lper f\u00e4rgkitet dig att skapa en tr\u00e4fartygsmodell som du kan vara stolt \u00f6ver. Se v\u00e5rt urval och best\u00e4ll ditt f\u00e4rgkit idag.<\/p>","protected":false},"excerpt":{"rendered":"<p>HMS Beagle f\u00e4rgkit \u00e4r det perfekta komplementet f\u00f6r att komplettera din tr\u00e4fartygsmodell med autentiska f\u00e4rger. Ge liv och realism \u00e5t din modellering.<\/p>","protected":false},"featured_media":8520,"comment_status":"open","ping_status":"closed","template":"","meta":[],"product_brand":[95],"product_cat":[78],"product_tag":[],"class_list":{"0":"post-8521","1":"product","2":"type-product","3":"status-publish","4":"has-post-thumbnail","6":"product_brand-occre","7":"product_cat-occre-maling","9":"first","10":"outofstock","11":"taxable","12":"shipping-taxable","13":"purchasable","14":"product-type-simple"},"_links":{"self":[{"href":"https:\/\/bigfunhobby.com\/sv\/wp-json\/wp\/v2\/product\/8521","targetHints":{"allow":["GET"]}}],"collection":[{"href":"https:\/\/bigfunhobby.com\/sv\/wp-json\/wp\/v2\/product"}],"about":[{"href":"https:\/\/bigfunhobby.com\/sv\/wp-json\/wp\/v2\/types\/product"}],"replies":[{"embeddable":true,"href":"https:\/\/bigfunhobby.com\/sv\/wp-json\/wp\/v2\/comments?post=8521"}],"wp:featuredmedia":[{"embeddable":true,"href":"https:\/\/bigfunhobby.com\/sv\/wp-json\/wp\/v2\/media\/8520"}],"wp:attachment":[{"href":"https:\/\/bigfunhobby.com\/sv\/wp-json\/wp\/v2\/media?parent=8521"}],"wp:term":[{"taxonomy":"product_brand","embeddable":true,"href":"https:\/\/bigfunhobby.com\/sv\/wp-json\/wp\/v2\/product_brand?post=8521"},{"taxonomy":"product_cat","embeddable":true,"href":"https:\/\/bigfunhobby.com\/sv\/wp-json\/wp\/v2\/product_cat?post=8521"},{"taxonomy":"product_tag","embeddable":true,"href":"https:\/\/bigfunhobby.com\/sv\/wp-json\/wp\/v2\/product_tag?post=8521"}],"curies":[{"name":"wp","href":"https:\/\/api.w.org\/{rel}","templated":true}]}}