{"id":8525,"date":"2025-03-08T17:17:21","date_gmt":"2025-03-08T17:17:21","guid":{"rendered":"https:\/\/bigfunhobby.com\/butikk\/90516-albatros-paints-pack-pack-pinturas\/"},"modified":"2025-12-04T11:00:48","modified_gmt":"2025-12-04T09:00:48","slug":"90516-albatrossfarger-forpackning-forpackning-pinturas","status":"publish","type":"product","link":"https:\/\/bigfunhobby.com\/sv\/butikk\/90516-albatros-paints-pack-pack-pinturas\/","title":{"rendered":"90516 - Albatross m\u00e5larf\u00f6rpackning \/ pack pinturas"},"content":{"rendered":"<p>Ge liv \u00e5t dina modellprojekt med f\u00e4rgsetet 90516 - Albatross. Detta kit inneh\u00e5ller ett brett utbud av f\u00e4rger, perfekt f\u00f6r att l\u00e4gga till detaljer och individuella detaljer i dina modellprojekt.<\/p>\n<p>Oavsett om du bygger en tr\u00e4fartygsmodell, en plastmodell eller arbetar med modellj\u00e4rnv\u00e4gar hittar du de n\u00f6dv\u00e4ndiga f\u00e4rgerna i detta kit. Det h\u00e4r \u00e4r ett perfekt komplement f\u00f6r b\u00e5de nyb\u00f6rjare och erfarna modellbyggare.<\/p>\n<ul>\n<li>Ett brett utbud av f\u00e4rger f\u00f6r olika modelleringsprojekt<\/li>\n<li>Perfekt f\u00f6r b\u00e5de nyb\u00f6rjare och erfarna modellbyggare<\/li>\n<li>Kan anv\u00e4ndas p\u00e5 b\u00e5de tr\u00e4- och plastmodeller<\/li>\n<\/ul>\n<p>Albatros f\u00e4rgset ger en ny dimension till ditt modellbygge. Med dessa f\u00e4rger kan du ge dina modeller en realistisk och detaljerad finish, vilket ger autenticitet och njutning i byggprocessen.<\/p>\n<p>Oavsett om du \u00e4r en entusiastisk modellbyggare eller nyb\u00f6rjare \u00e4r Albatros-f\u00e4rgsatsen ett utm\u00e4rkt val f\u00f6r att ge liv \u00e5t dina modellprojekt. Tveka inte att l\u00e4gga till detta kit i din samling av modelleringsverktyg.<\/p>\n<p>Utforska v\u00e5rt sortiment och ge dina modelleringsprojekt det professionella utseende de f\u00f6rtj\u00e4nar. Best\u00e4ll din Albatros-f\u00e4rgsats idag!<\/p>","protected":false},"excerpt":{"rendered":"<p>90516 - Albatros f\u00e4rgset \u00e4r ett komplett sortiment av f\u00e4rger f\u00f6r modellbygge. Perfekt f\u00f6r b\u00e5de nyb\u00f6rjare och erfarna modellbyggare.<\/p>","protected":false},"featured_media":8524,"comment_status":"open","ping_status":"closed","template":"","meta":[],"product_brand":[95],"product_cat":[78],"product_tag":[],"class_list":{"0":"post-8525","1":"product","2":"type-product","3":"status-publish","4":"has-post-thumbnail","6":"product_brand-occre","7":"product_cat-occre-maling","9":"first","10":"outofstock","11":"taxable","12":"shipping-taxable","13":"purchasable","14":"product-type-simple"},"_links":{"self":[{"href":"https:\/\/bigfunhobby.com\/sv\/wp-json\/wp\/v2\/product\/8525","targetHints":{"allow":["GET"]}}],"collection":[{"href":"https:\/\/bigfunhobby.com\/sv\/wp-json\/wp\/v2\/product"}],"about":[{"href":"https:\/\/bigfunhobby.com\/sv\/wp-json\/wp\/v2\/types\/product"}],"replies":[{"embeddable":true,"href":"https:\/\/bigfunhobby.com\/sv\/wp-json\/wp\/v2\/comments?post=8525"}],"wp:featuredmedia":[{"embeddable":true,"href":"https:\/\/bigfunhobby.com\/sv\/wp-json\/wp\/v2\/media\/8524"}],"wp:attachment":[{"href":"https:\/\/bigfunhobby.com\/sv\/wp-json\/wp\/v2\/media?parent=8525"}],"wp:term":[{"taxonomy":"product_brand","embeddable":true,"href":"https:\/\/bigfunhobby.com\/sv\/wp-json\/wp\/v2\/product_brand?post=8525"},{"taxonomy":"product_cat","embeddable":true,"href":"https:\/\/bigfunhobby.com\/sv\/wp-json\/wp\/v2\/product_cat?post=8525"},{"taxonomy":"product_tag","embeddable":true,"href":"https:\/\/bigfunhobby.com\/sv\/wp-json\/wp\/v2\/product_tag?post=8525"}],"curies":[{"name":"wp","href":"https:\/\/api.w.org\/{rel}","templated":true}]}}