{"id":8537,"date":"2025-03-08T17:17:24","date_gmt":"2025-03-08T17:17:24","guid":{"rendered":"https:\/\/bigfunhobby.com\/butikk\/90525-hms-bounty-paints-pack-pack-pinturas\/"},"modified":"2026-03-03T12:26:17","modified_gmt":"2026-03-03T10:26:17","slug":"90525-hms-bounty-farger-forpackning-forpackning-pinturas","status":"publish","type":"product","link":"https:\/\/bigfunhobby.com\/sv\/butikk\/90525-hms-bounty-paints-pack-pack-pinturas\/","title":{"rendered":"90525 - HMS Bounty f\u00e4rgf\u00f6rpackning \/ pack pinturas"},"content":{"rendered":"<p><strong>90525 - HMS Bounty f\u00e4rgf\u00f6rpackning<\/strong> \u00e4r en komplett f\u00e4rgsats som utvecklats speciellt f\u00f6r byggsatsen av <strong>HMS Bounty<\/strong> fr\u00e5n OcCre. Satsen inneh\u00e5ller alla n\u00f6dv\u00e4ndiga f\u00e4rger f\u00f6r att ge din modell ett autentiskt och historiskt korrekt utseende, s\u00e5 som fartyget s\u00e5g ut p\u00e5 1700-talet.<\/p>\n<h3>Information om produkten:<\/h3>\n<ul>\n<li>Specialanpassad f\u00f6r OcCre HMS Bounty tr\u00e4fartygsmodell<\/li>\n<li>Inneh\u00e5ller flera noggrant utvalda akrylf\u00e4rger<\/li>\n<li>Perfekt f\u00f6r b\u00e5de pensel och airbrush (med l\u00e4mplig f\u00f6rtunning)<\/li>\n<li>Ger bra t\u00e4ckning och torkar snabbt<\/li>\n<\/ul>\n<p>F\u00e4rgkitet f\u00f6renklar byggprocessen genom att ge dig alla r\u00e4tt f\u00e4rger p\u00e5 ett och samma st\u00e4lle - redo att anv\u00e4ndas. Det sparar tid, s\u00e4kerst\u00e4ller en j\u00e4mn finish och ger ett professionellt resultat som matchar tillverkarens specifikationer.<\/p>\n<p><strong>Best\u00e4ll nu och f\u00e5 de f\u00e4rger du beh\u00f6ver f\u00f6r att v\u00e4cka liv i HMS Bounty - med \u00e4kthet och kvalitet i varje penseldrag!<\/strong><\/p>","protected":false},"excerpt":{"rendered":"<p>Komplett f\u00e4rgsats till modellen HMS Bounty fr\u00e5n OcCre. Inneh\u00e5ller exakt matchade f\u00e4rger f\u00f6r ett autentiskt och historiskt korrekt resultat.<\/p>","protected":false},"featured_media":8536,"comment_status":"open","ping_status":"closed","template":"","meta":[],"product_brand":[95],"product_cat":[78],"product_tag":[],"class_list":{"0":"post-8537","1":"product","2":"type-product","3":"status-publish","4":"has-post-thumbnail","6":"product_brand-occre","7":"product_cat-occre-maling","9":"first","10":"instock","11":"taxable","12":"shipping-taxable","13":"purchasable","14":"product-type-simple"},"_links":{"self":[{"href":"https:\/\/bigfunhobby.com\/sv\/wp-json\/wp\/v2\/product\/8537","targetHints":{"allow":["GET"]}}],"collection":[{"href":"https:\/\/bigfunhobby.com\/sv\/wp-json\/wp\/v2\/product"}],"about":[{"href":"https:\/\/bigfunhobby.com\/sv\/wp-json\/wp\/v2\/types\/product"}],"replies":[{"embeddable":true,"href":"https:\/\/bigfunhobby.com\/sv\/wp-json\/wp\/v2\/comments?post=8537"}],"wp:featuredmedia":[{"embeddable":true,"href":"https:\/\/bigfunhobby.com\/sv\/wp-json\/wp\/v2\/media\/8536"}],"wp:attachment":[{"href":"https:\/\/bigfunhobby.com\/sv\/wp-json\/wp\/v2\/media?parent=8537"}],"wp:term":[{"taxonomy":"product_brand","embeddable":true,"href":"https:\/\/bigfunhobby.com\/sv\/wp-json\/wp\/v2\/product_brand?post=8537"},{"taxonomy":"product_cat","embeddable":true,"href":"https:\/\/bigfunhobby.com\/sv\/wp-json\/wp\/v2\/product_cat?post=8537"},{"taxonomy":"product_tag","embeddable":true,"href":"https:\/\/bigfunhobby.com\/sv\/wp-json\/wp\/v2\/product_tag?post=8537"}],"curies":[{"name":"wp","href":"https:\/\/api.w.org\/{rel}","templated":true}]}}