{"id":8545,"date":"2025-03-08T17:17:26","date_gmt":"2025-03-08T17:17:26","guid":{"rendered":"https:\/\/bigfunhobby.com\/butikk\/90532-hms-erebus-paints-pack-pack-pinturas\/"},"modified":"2026-03-03T12:26:17","modified_gmt":"2026-03-03T10:26:17","slug":"90532-hms-erebus-paints-pack-pack-pinturas","status":"publish","type":"product","link":"https:\/\/bigfunhobby.com\/sv\/butikk\/90532-hms-erebus-paints-pack-pack-pinturas\/","title":{"rendered":"90532 &#8211; HMS Erebus paints PACK \/ Pack pinturas"},"content":{"rendered":"<p>Dybden og presisjonen av HMS Erebus Paints PACK tar modellbygging til neste niv\u00e5. Uansett om du er en erfaren bygger eller en nybegynner, vil dette settet gi deg alt du trenger for \u00e5 skape en detaljert og historisk korrekt modell av det ber\u00f8mte skipet HMS Erebus.<\/p>\n<ul>\n<li>Settet inkluderer et bredt spekter av h\u00f8ykvalitets maling i forskjellige farger, som gir deg muligheten til \u00e5 tilpasse modellen etter eget \u00f8nske.<\/li>\n<li>Det er enkelt \u00e5 bruke og passer for alle niv\u00e5er av modellbyggere, fra nybegynnere til erfarne entusiaster.<\/li>\n<li>Perfekt for de som er interesserte i historiske modeller, treskipsmodeller, eller bare elsker utfordringen og tilfredsstillelsen ved modellbygging.<\/li>\n<\/ul>\n<p>HMS Erebus er kjent for sine oppdagelsesreiser og sin tragiske skjebne, og har en spesiell plass i sj\u00f8fartshistorien. Ved \u00e5 bygge denne modellen, f\u00e5r du muligheten til \u00e5 dykke dypere inn i denne fascinerende historien.<\/p>\n<p>Det er p\u00e5 tide \u00e5 ta modellbyggingen din til nye h\u00f8yder. HMS Erebus Paints PACK tilbyr en unik og engasjerende opplevelse for alle modellbygging-entusiaster. Ikke vent lenger, ta skrittet og opplev gleden ved \u00e5 skape din egen del av historien. Bestill n\u00e5!<\/p>","protected":false},"excerpt":{"rendered":"<p>Opplev gleden av modellbygging med HMS Erebus Paints PACK. Perfekt for b\u00e5de nybegynnere og erfarne byggere, dette settet gir alt du trenger for \u00e5 bringe historien til liv.<\/p>","protected":false},"featured_media":8544,"comment_status":"open","ping_status":"closed","template":"","meta":[],"product_brand":[95],"product_cat":[78],"product_tag":[],"class_list":{"0":"post-8545","1":"product","2":"type-product","3":"status-publish","4":"has-post-thumbnail","6":"product_brand-occre","7":"product_cat-occre-maling","9":"first","10":"instock","11":"taxable","12":"shipping-taxable","13":"purchasable","14":"product-type-simple"},"_links":{"self":[{"href":"https:\/\/bigfunhobby.com\/sv\/wp-json\/wp\/v2\/product\/8545","targetHints":{"allow":["GET"]}}],"collection":[{"href":"https:\/\/bigfunhobby.com\/sv\/wp-json\/wp\/v2\/product"}],"about":[{"href":"https:\/\/bigfunhobby.com\/sv\/wp-json\/wp\/v2\/types\/product"}],"replies":[{"embeddable":true,"href":"https:\/\/bigfunhobby.com\/sv\/wp-json\/wp\/v2\/comments?post=8545"}],"wp:featuredmedia":[{"embeddable":true,"href":"https:\/\/bigfunhobby.com\/sv\/wp-json\/wp\/v2\/media\/8544"}],"wp:attachment":[{"href":"https:\/\/bigfunhobby.com\/sv\/wp-json\/wp\/v2\/media?parent=8545"}],"wp:term":[{"taxonomy":"product_brand","embeddable":true,"href":"https:\/\/bigfunhobby.com\/sv\/wp-json\/wp\/v2\/product_brand?post=8545"},{"taxonomy":"product_cat","embeddable":true,"href":"https:\/\/bigfunhobby.com\/sv\/wp-json\/wp\/v2\/product_cat?post=8545"},{"taxonomy":"product_tag","embeddable":true,"href":"https:\/\/bigfunhobby.com\/sv\/wp-json\/wp\/v2\/product_tag?post=8545"}],"curies":[{"name":"wp","href":"https:\/\/api.w.org\/{rel}","templated":true}]}}