{"id":8555,"date":"2025-03-08T17:17:28","date_gmt":"2025-03-08T17:17:28","guid":{"rendered":"https:\/\/bigfunhobby.com\/butikk\/90540-adler-paints-pack-pack-pinturas\/"},"modified":"2026-03-03T12:26:18","modified_gmt":"2026-03-03T10:26:18","slug":"90540-adler-paints-pack-pack-pinturas","status":"publish","type":"product","link":"https:\/\/bigfunhobby.com\/sv\/butikk\/90540-adler-paints-pack-pack-pinturas\/","title":{"rendered":"90540 - Adler f\u00e4rger f\u00f6rpackning \/ f\u00f6rpackning pinturas"},"content":{"rendered":"<p>Adlers f\u00e4rgkit 90540 \u00e4r ett komplett paket med f\u00e4rger speciellt framtagna f\u00f6r modellbygge. Detta kit \u00e4r ett m\u00e5ste f\u00f6r alla som bryr sig om detaljer och ett professionellt resultat i sina byggsatser. Oavsett om du bygger plastmodeller, tr\u00e4skepp, modellj\u00e4rnv\u00e4gar eller fj\u00e4rrstyrda fordon s\u00e5 kommer den h\u00e4r f\u00e4rgkitet att hj\u00e4lpa dig att ge dina modeller liv och autenticitet.<\/p>\n<p><b>Specifikationer:<\/b><\/p>\n<ul>\n<li>Produktnamn: 90540 - Adler f\u00e4rgset<\/li>\n<li>Kategori: Modellf\u00e4rg<\/li>\n<\/ul>\n<p>F\u00e4rgerna i Adler-kitet \u00e4r k\u00e4nda f\u00f6r sin h\u00f6ga kvalitet och h\u00e5llbarhet. Varje f\u00e4rg \u00e4r noggrant utvald f\u00f6r att ge dina modeller ett realistiskt utseende.<\/p>\n<p>F\u00e4rgsatsen fr\u00e5n Adler \u00e4r perfekt f\u00f6r b\u00e5de nyb\u00f6rjare och erfarna modellbyggare. Om du \u00e4r nyb\u00f6rjare f\u00e5r du en bra startpunkt med det h\u00e4r setet. F\u00f6r den erfarna modellbyggaren ger f\u00e4rgsetet dig m\u00f6jlighet att f\u00f6rb\u00e4ttra och f\u00f6rfina detaljerna i dina byggsatser.<\/p>\n<p>S\u00e5 oavsett om du bygger ditt f\u00f6rsta skalenliga modellok eller om du \u00e4r en erfaren byggsatsentusiast \u00e4r Adler 90540 f\u00e4rgsats den perfekta investeringen f\u00f6r att ge dina projekt det lilla extra.<\/p>\n<p>Missa inte chansen att ta ditt modellbygge till n\u00e4sta niv\u00e5. Best\u00e4ll Adlers f\u00e4rgkit 90540 nu och uppt\u00e4ck vilken skillnad kvalitetsf\u00e4rg kan g\u00f6ra f\u00f6r dina byggsatser.<\/p>","protected":false},"excerpt":{"rendered":"<p>Adlers f\u00e4rgkit 90540 \u00e4r perfekt f\u00f6r modellbyggare som vill ha kvalitetsf\u00e4rger till sina projekt. Perfekt f\u00f6r b\u00e5de nyb\u00f6rjare och erfarna entusiaster.<\/p>","protected":false},"featured_media":8554,"comment_status":"open","ping_status":"closed","template":"","meta":[],"product_brand":[95],"product_cat":[78],"product_tag":[],"class_list":{"0":"post-8555","1":"product","2":"type-product","3":"status-publish","4":"has-post-thumbnail","6":"product_brand-occre","7":"product_cat-occre-maling","9":"first","10":"instock","11":"taxable","12":"shipping-taxable","13":"purchasable","14":"product-type-simple"},"_links":{"self":[{"href":"https:\/\/bigfunhobby.com\/sv\/wp-json\/wp\/v2\/product\/8555","targetHints":{"allow":["GET"]}}],"collection":[{"href":"https:\/\/bigfunhobby.com\/sv\/wp-json\/wp\/v2\/product"}],"about":[{"href":"https:\/\/bigfunhobby.com\/sv\/wp-json\/wp\/v2\/types\/product"}],"replies":[{"embeddable":true,"href":"https:\/\/bigfunhobby.com\/sv\/wp-json\/wp\/v2\/comments?post=8555"}],"wp:featuredmedia":[{"embeddable":true,"href":"https:\/\/bigfunhobby.com\/sv\/wp-json\/wp\/v2\/media\/8554"}],"wp:attachment":[{"href":"https:\/\/bigfunhobby.com\/sv\/wp-json\/wp\/v2\/media?parent=8555"}],"wp:term":[{"taxonomy":"product_brand","embeddable":true,"href":"https:\/\/bigfunhobby.com\/sv\/wp-json\/wp\/v2\/product_brand?post=8555"},{"taxonomy":"product_cat","embeddable":true,"href":"https:\/\/bigfunhobby.com\/sv\/wp-json\/wp\/v2\/product_cat?post=8555"},{"taxonomy":"product_tag","embeddable":true,"href":"https:\/\/bigfunhobby.com\/sv\/wp-json\/wp\/v2\/product_tag?post=8555"}],"curies":[{"name":"wp","href":"https:\/\/api.w.org\/{rel}","templated":true}]}}