{"id":8559,"date":"2025-03-08T17:17:29","date_gmt":"2025-03-08T17:17:29","guid":{"rendered":"https:\/\/bigfunhobby.com\/butikk\/90547-basic-paints-dye-pack-pack-pinturas-basica-tintes\/"},"modified":"2026-03-03T12:26:18","modified_gmt":"2026-03-03T10:26:18","slug":"90547-basic-paints-dye-pack-pack-pinturas-basica-tintes","status":"publish","type":"product","link":"https:\/\/bigfunhobby.com\/sv\/butikk\/90547-basic-paints-dye-pack-pack-pinturas-basica-tintes\/","title":{"rendered":"90547 &#8211; Basic paints + dye pack \/ Pack pinturas b\u00e1sica + tintes"},"content":{"rendered":"<p>Enten du er en erfaren modellbygger eller tar dine f\u00f8rste skritt inn i denne fascinerende hobbyen, er v\u00e5r Basic paints + dye pack (90547) et must i verkt\u00f8ykassen din. Dette malingssettet er n\u00f8kkelen til \u00e5 gi modellene dine liv og dybde, uansett om du jobber med plastmodeller, treskipsmodeller eller modelljernbaner.<\/p>\n<p><b>Specifikationer:<\/b><\/p>\n<ul>\n<li>Pakken inneholder et bredt utvalg av grunnleggende malinger.<\/li>\n<li>Inkluderer ogs\u00e5 flere fargetoner for \u00e5 gi modellene dine det perfekte realistiske utseendet.<\/li>\n<\/ul>\n<p>Malingsettet er laget med tanke p\u00e5 b\u00e5de nybegynnere og erfarne modellbyggere. For nybegynnere er det en utmerket m\u00e5te \u00e5 komme i gang med \u00e5 male og tilpasse dine egne byggesett. For erfarne hobbyister, vil dette settet v\u00e6re et verdifullt tillegg til ditt allerede eksisterende utvalg av malinger.<\/p>\n<p>Modellbygging er en hobby med en rik historie, fra de f\u00f8rste treskipsmodellene til dagens detaljerte plastmodeller og intrikate modelljernbaner. Med dette malingssettet kan du v\u00e6re en del av denne historien, ved \u00e5 skape dine egne sm\u00e5 kunstverk.<\/p>\n<p>\u00c5 male og tilpasse dine egne modeller gir en ekstra dimensjon til modellbygging, og gj\u00f8r hvert prosjekt unikt. Med Basic paints + dye pack (90547) har du alt du trenger for \u00e5 komme i gang.<\/p>\n<p><b>Ikke vent lenger, start ditt neste modellbyggingsprosjekt med Basic paints + dye pack. Bestill n\u00e5!<\/b><\/p>","protected":false},"excerpt":{"rendered":"<p>Basic paints + dye pack (90547) er et essensielt malingssett for alle modellbyggere, perfekt for b\u00e5de nybegynnere og erfarne hobbyister.<\/p>","protected":false},"featured_media":8558,"comment_status":"open","ping_status":"closed","template":"","meta":[],"product_brand":[95],"product_cat":[78],"product_tag":[],"class_list":{"0":"post-8559","1":"product","2":"type-product","3":"status-publish","4":"has-post-thumbnail","6":"product_brand-occre","7":"product_cat-occre-maling","9":"first","10":"instock","11":"taxable","12":"shipping-taxable","13":"purchasable","14":"product-type-simple"},"_links":{"self":[{"href":"https:\/\/bigfunhobby.com\/sv\/wp-json\/wp\/v2\/product\/8559","targetHints":{"allow":["GET"]}}],"collection":[{"href":"https:\/\/bigfunhobby.com\/sv\/wp-json\/wp\/v2\/product"}],"about":[{"href":"https:\/\/bigfunhobby.com\/sv\/wp-json\/wp\/v2\/types\/product"}],"replies":[{"embeddable":true,"href":"https:\/\/bigfunhobby.com\/sv\/wp-json\/wp\/v2\/comments?post=8559"}],"wp:featuredmedia":[{"embeddable":true,"href":"https:\/\/bigfunhobby.com\/sv\/wp-json\/wp\/v2\/media\/8558"}],"wp:attachment":[{"href":"https:\/\/bigfunhobby.com\/sv\/wp-json\/wp\/v2\/media?parent=8559"}],"wp:term":[{"taxonomy":"product_brand","embeddable":true,"href":"https:\/\/bigfunhobby.com\/sv\/wp-json\/wp\/v2\/product_brand?post=8559"},{"taxonomy":"product_cat","embeddable":true,"href":"https:\/\/bigfunhobby.com\/sv\/wp-json\/wp\/v2\/product_cat?post=8559"},{"taxonomy":"product_tag","embeddable":true,"href":"https:\/\/bigfunhobby.com\/sv\/wp-json\/wp\/v2\/product_tag?post=8559"}],"curies":[{"name":"wp","href":"https:\/\/api.w.org\/{rel}","templated":true}]}}