{"id":8565,"date":"2025-03-08T17:17:31","date_gmt":"2025-03-08T17:17:31","guid":{"rendered":"https:\/\/bigfunhobby.com\/butikk\/90550-metallic-paints-pack-pack-pinturas-metalicas\/"},"modified":"2026-03-03T12:26:18","modified_gmt":"2026-03-03T10:26:18","slug":"90550-metallic-farger-forpackning-forpackning-pinturas-metalicas","status":"publish","type":"product","link":"https:\/\/bigfunhobby.com\/sv\/butikk\/90550-metallic-paints-pack-pack-pinturas-metalicas\/","title":{"rendered":"90550 - Metallf\u00e4rger PACK \/ Pack pinturas met\u00e1licas"},"content":{"rendered":"<p>Om du har en passion f\u00f6r modellbygge och vill ta dina byggsatser till n\u00e4sta niv\u00e5 \u00e4r Metallic Paints PACK det perfekta valet. Med detta f\u00e4rgset f\u00e5r du m\u00f6jlighet att ge dina modeller en unik och realistisk finish, oavsett om du bygger en skeppsmodell i tr\u00e4, en plastmodell, en modellj\u00e4rnv\u00e4g eller ett fj\u00e4rrstyrt fordon.<\/p>\n<ul>\n<li>Setet inneh\u00e5ller olika f\u00e4rger med metallic-finish<\/li>\n<li>Anv\u00e4nds f\u00f6r en m\u00e4ngd olika byggsatser och modeller<\/li>\n<li>L\u00e4mplig f\u00f6r b\u00e5de nyb\u00f6rjare och erfarna modellbyggare<\/li>\n<\/ul>\n<p>Med Metallic Paints PACK kan du uttrycka din kreativitet och ge alla dina modeller en personlig touch. F\u00e4rgerna \u00e4r speciellt framtagna f\u00f6r modellering och ger en j\u00e4mn och sl\u00e4t yta som t\u00e5l slitage \u00f6ver tid.<\/p>\n<p>F\u00e4rgerna \u00e4r ocks\u00e5 idealiska f\u00f6r byggsatser f\u00f6r vuxna och kan anv\u00e4ndas f\u00f6r att f\u00f6rb\u00e4ttra utseendet p\u00e5 b\u00e5de moderna och historiska modeller. Oavsett om du har en f\u00f6rk\u00e4rlek f\u00f6r skalamodeller, modellj\u00e4rnv\u00e4gar eller tr\u00e4fartygsmodeller kommer Metallic Paints PACK att ge dig de resultat du letar efter.<\/p>\n<p>L\u00e5t inte dina kit vara vanliga och tr\u00e5kiga. L\u00e4gg till lite glans och ge dem ett professionellt utseende med Metallic Paints PACK. K\u00f6p ditt kit idag och b\u00f6rja skapa fantastiska och realistiska modeller.<\/p>","protected":false},"excerpt":{"rendered":"<p>Metallic Paints PACK \u00e4r en upps\u00e4ttning metallicf\u00e4rger som passar perfekt f\u00f6r b\u00e5de nyb\u00f6rjare och erfarna modellbyggare.<\/p>","protected":false},"featured_media":8564,"comment_status":"open","ping_status":"closed","template":"","meta":[],"product_brand":[95],"product_cat":[78],"product_tag":[],"class_list":{"0":"post-8565","1":"product","2":"type-product","3":"status-publish","4":"has-post-thumbnail","6":"product_brand-occre","7":"product_cat-occre-maling","9":"first","10":"outofstock","11":"taxable","12":"shipping-taxable","13":"purchasable","14":"product-type-simple"},"_links":{"self":[{"href":"https:\/\/bigfunhobby.com\/sv\/wp-json\/wp\/v2\/product\/8565","targetHints":{"allow":["GET"]}}],"collection":[{"href":"https:\/\/bigfunhobby.com\/sv\/wp-json\/wp\/v2\/product"}],"about":[{"href":"https:\/\/bigfunhobby.com\/sv\/wp-json\/wp\/v2\/types\/product"}],"replies":[{"embeddable":true,"href":"https:\/\/bigfunhobby.com\/sv\/wp-json\/wp\/v2\/comments?post=8565"}],"wp:featuredmedia":[{"embeddable":true,"href":"https:\/\/bigfunhobby.com\/sv\/wp-json\/wp\/v2\/media\/8564"}],"wp:attachment":[{"href":"https:\/\/bigfunhobby.com\/sv\/wp-json\/wp\/v2\/media?parent=8565"}],"wp:term":[{"taxonomy":"product_brand","embeddable":true,"href":"https:\/\/bigfunhobby.com\/sv\/wp-json\/wp\/v2\/product_brand?post=8565"},{"taxonomy":"product_cat","embeddable":true,"href":"https:\/\/bigfunhobby.com\/sv\/wp-json\/wp\/v2\/product_cat?post=8565"},{"taxonomy":"product_tag","embeddable":true,"href":"https:\/\/bigfunhobby.com\/sv\/wp-json\/wp\/v2\/product_tag?post=8565"}],"curies":[{"name":"wp","href":"https:\/\/api.w.org\/{rel}","templated":true}]}}