{"id":8567,"date":"2025-03-08T17:17:31","date_gmt":"2025-03-08T17:17:31","guid":{"rendered":"https:\/\/bigfunhobby.com\/butikk\/90551-dye-brushes-pack-pack-tintes-y-pinceles\/"},"modified":"2026-03-03T12:26:18","modified_gmt":"2026-03-03T10:26:18","slug":"90551-dye-brushes-pack-pack-tintes-y-pinceles","status":"publish","type":"product","link":"https:\/\/bigfunhobby.com\/sv\/butikk\/90551-dye-brushes-pack-pack-tintes-y-pinceles\/","title":{"rendered":"90551 &#8211; DYE + brushes pack \/ Pack tintes y pinceles"},"content":{"rendered":"<p>V\u00e5r 90551 &#8211; DYE + brushes pack er et ideelt tilbeh\u00f8r for alle som setter pris p\u00e5 modellbygging, enten du er nybegynner eller erfaren entusiast. Settet inneholder et bredt spekter av farger og pensler, som gir deg muligheten til \u00e5 gi dine modellprosjekter det perfekte uttrykket.<\/p>\n<p><strong>Specifikationer:<\/strong><\/p>\n<ul>\n<li>Variert utvalg av h\u00f8ykvalitetsfarger<\/li>\n<li>Ulike penselst\u00f8rrelser for presisjonsarbeid<\/li>\n<li>Velegnet for b\u00e5de tre- og plastmodeller<\/li>\n<\/ul>\n<p>Settet er laget med tanke p\u00e5 modellbyggere som jobber med b\u00e5de treskipsmodeller, plastmodeller og modelljernbane. Det gir deg muligheten til \u00e5 jobbe med detaljer og skape realistiske effekter p\u00e5 dine modeller.<\/p>\n<p>Modellbygging har en lang og interessant historie, med r\u00f8tter tilbake til antikken. Med v\u00e5rt 90551 &#8211; DYE + brushes pack kan du bidra til denne historien ved \u00e5 skape dine egne fantastiske modeller. <\/p>\n<p>Uansett om du er en erfaren modellbygger som ser etter kvalitetsmaterialer, eller en nybegynner som trenger et komplett sett for \u00e5 komme i gang, er dette produktet for deg. Sett i gang med ditt neste prosjekt og oppdag gleden ved modellbygging. <\/p>\n<p><strong>Bestill 90551 &#8211; DYE + brushes pack i dag og ta modellbyggingen din til neste niv\u00e5!<\/strong><\/p>","protected":false},"excerpt":{"rendered":"<p>90551 &#8211; DYE + brushes pack er et komplett sett med farger og pensler, perfekt for modellbygging og annen kreativ hobby.<\/p>","protected":false},"featured_media":8566,"comment_status":"open","ping_status":"closed","template":"","meta":[],"product_brand":[95],"product_cat":[78],"product_tag":[],"class_list":{"0":"post-8567","1":"product","2":"type-product","3":"status-publish","4":"has-post-thumbnail","6":"product_brand-occre","7":"product_cat-occre-maling","9":"first","10":"outofstock","11":"taxable","12":"shipping-taxable","13":"purchasable","14":"product-type-simple"},"_links":{"self":[{"href":"https:\/\/bigfunhobby.com\/sv\/wp-json\/wp\/v2\/product\/8567","targetHints":{"allow":["GET"]}}],"collection":[{"href":"https:\/\/bigfunhobby.com\/sv\/wp-json\/wp\/v2\/product"}],"about":[{"href":"https:\/\/bigfunhobby.com\/sv\/wp-json\/wp\/v2\/types\/product"}],"replies":[{"embeddable":true,"href":"https:\/\/bigfunhobby.com\/sv\/wp-json\/wp\/v2\/comments?post=8567"}],"wp:featuredmedia":[{"embeddable":true,"href":"https:\/\/bigfunhobby.com\/sv\/wp-json\/wp\/v2\/media\/8566"}],"wp:attachment":[{"href":"https:\/\/bigfunhobby.com\/sv\/wp-json\/wp\/v2\/media?parent=8567"}],"wp:term":[{"taxonomy":"product_brand","embeddable":true,"href":"https:\/\/bigfunhobby.com\/sv\/wp-json\/wp\/v2\/product_brand?post=8567"},{"taxonomy":"product_cat","embeddable":true,"href":"https:\/\/bigfunhobby.com\/sv\/wp-json\/wp\/v2\/product_cat?post=8567"},{"taxonomy":"product_tag","embeddable":true,"href":"https:\/\/bigfunhobby.com\/sv\/wp-json\/wp\/v2\/product_tag?post=8567"}],"curies":[{"name":"wp","href":"https:\/\/api.w.org\/{rel}","templated":true}]}}