{"id":8579,"date":"2025-03-08T17:17:37","date_gmt":"2025-03-08T17:17:37","guid":{"rendered":"https:\/\/bigfunhobby.com\/butikk\/occre-sandpaper-pack-p-80p-150p220-sanding-sponge\/"},"modified":"2026-03-03T12:26:18","modified_gmt":"2026-03-03T10:26:18","slug":"occre-sandpapper-pack-p-80p-150p220-slipsvamp","status":"publish","type":"product","link":"https:\/\/bigfunhobby.com\/sv\/butikk\/occre-sandpaper-pack-p-80p-150p220-sanding-sponge\/","title":{"rendered":"OcCre - Sandpapperspaket (P-80+P-150+P220) + slipsvamp"},"content":{"rendered":"<p>Detta \u00e4r OcCre - Sandpaper pack och slipsvamp, ett viktigt verktyg f\u00f6r alla modellbyggare. Med detta kit kan du f\u00e5 en perfekt finish p\u00e5 dina byggsatser, oavsett om det \u00e4r skeppsmodeller i tr\u00e4, plastmodeller eller modellj\u00e4rnv\u00e4gar.<\/p>\n<ul>\n<li>P-80 Grovkornigt sandpapper anv\u00e4nds f\u00f6r att grovslipa armeringsblock, slipa ramarnas kanter och forma st\u00e4ngerna som ska anv\u00e4ndas till master.<\/li>\n<li>Sandpapper med kornstorlek P-150 Medium anv\u00e4nds f\u00f6r att slipa mastst\u00e4ngerna, g\u00f6ra allm\u00e4nna pinnar, slipa den f\u00f6rsta skrovbel\u00e4ggningen och f\u00f6r att j\u00e4mna ut tjockleken p\u00e5 skrovplankorna.<\/li>\n<li>P-220 finkornigt sandpapper \u00e4r idealiskt f\u00f6r den f\u00f6rsta slipningen av spant och f\u00f6r att ta bort grova fl\u00e4ckar p\u00e5 tr\u00e4. Det h\u00e4r \u00e4r ett m\u00e5ngsidigt papper som \u00e4r l\u00e4mpligt f\u00f6r att ge en fin finish p\u00e5 skrovpl\u00e5t, master och delar som kr\u00e4ver en fin finish.<\/li>\n<li>Ultrafine grit sanding sponge \u00e4r en mycket finkornig svamp som \u00e4r idealisk f\u00f6r polering och borttagning av grader fr\u00e5n metalldelar (gjutning) f\u00f6re m\u00e5lning. Den \u00e4r ocks\u00e5 mycket anv\u00e4ndbar f\u00f6r slipning mellan skikten under m\u00e5lning av skrov, d\u00e4ck och andra ytor.<\/li>\n<\/ul>\n<p>Oavsett om du \u00e4r en erfaren modellbyggare eller nyb\u00f6rjare kommer detta paket med sandpapper och slipsvamp att g\u00f6ra skillnad f\u00f6r slutresultatet av dina byggsatser. F\u00e5 den perfekta finishen p\u00e5 dina modeller, fr\u00e5n skeppsmodeller i tr\u00e4 till plastmodeller och modellj\u00e4rnv\u00e4gar.<\/p>\n<p>Missa inte den h\u00e4r m\u00f6jligheten att ta dina modelleringskunskaper till n\u00e4sta niv\u00e5. K\u00f6p OcCre - Sandpaper pack och slipsvamp idag och b\u00f6rja din resa mot perfekt modellering.<\/p>","protected":false},"excerpt":{"rendered":"<p>OcCre - Sandpapperspaket och slipsvamp f\u00f6r modellbygge, perfekt f\u00f6r nyb\u00f6rjare och erfarna entusiaster som vill uppn\u00e5 en perfekt finish p\u00e5 sina byggsatser.<\/p>","protected":false},"featured_media":8578,"comment_status":"open","ping_status":"closed","template":"","meta":[],"product_brand":[95],"product_cat":[58],"product_tag":[],"class_list":{"0":"post-8579","1":"product","2":"type-product","3":"status-publish","4":"has-post-thumbnail","6":"product_brand-occre","7":"product_cat-verktoy","9":"first","10":"instock","11":"taxable","12":"shipping-taxable","13":"purchasable","14":"product-type-simple"},"_links":{"self":[{"href":"https:\/\/bigfunhobby.com\/sv\/wp-json\/wp\/v2\/product\/8579","targetHints":{"allow":["GET"]}}],"collection":[{"href":"https:\/\/bigfunhobby.com\/sv\/wp-json\/wp\/v2\/product"}],"about":[{"href":"https:\/\/bigfunhobby.com\/sv\/wp-json\/wp\/v2\/types\/product"}],"replies":[{"embeddable":true,"href":"https:\/\/bigfunhobby.com\/sv\/wp-json\/wp\/v2\/comments?post=8579"}],"wp:featuredmedia":[{"embeddable":true,"href":"https:\/\/bigfunhobby.com\/sv\/wp-json\/wp\/v2\/media\/8578"}],"wp:attachment":[{"href":"https:\/\/bigfunhobby.com\/sv\/wp-json\/wp\/v2\/media?parent=8579"}],"wp:term":[{"taxonomy":"product_brand","embeddable":true,"href":"https:\/\/bigfunhobby.com\/sv\/wp-json\/wp\/v2\/product_brand?post=8579"},{"taxonomy":"product_cat","embeddable":true,"href":"https:\/\/bigfunhobby.com\/sv\/wp-json\/wp\/v2\/product_cat?post=8579"},{"taxonomy":"product_tag","embeddable":true,"href":"https:\/\/bigfunhobby.com\/sv\/wp-json\/wp\/v2\/product_tag?post=8579"}],"curies":[{"name":"wp","href":"https:\/\/api.w.org\/{rel}","templated":true}]}}