{"id":8583,"date":"2025-03-08T17:17:41","date_gmt":"2025-03-08T17:17:41","guid":{"rendered":"https:\/\/bigfunhobby.com\/butikk\/occre-instafix-quick-drying-glue-cyanoacrylate\/"},"modified":"2026-03-03T12:26:18","modified_gmt":"2026-03-03T10:26:18","slug":"occre-instafix-quick-drying-glue-cyanoacrylate","status":"publish","type":"product","link":"https:\/\/bigfunhobby.com\/sv\/butikk\/occre-instafix-quick-drying-glue-cyanoacrylate\/","title":{"rendered":"OcCre &#8211; InstaFix\u00a9 &#8211; Quick-drying glue (Cyanoacrylate)"},"content":{"rendered":"<p>OcCre &#8211; InstaFix\u00a9 er en hurtigt\u00f8rkende lim (Cyanoacrylate) som er spesielt nyttig for deg som elsker modellbygging. Denne limtypen er allsidig og kan brukes p\u00e5 en rekke materialer, noe som gj\u00f8r den til et ideelt valg for b\u00e5de nybegynnere og erfarne modellbyggere.<\/p>\n<p>Denne limen er laget for \u00e5 feste ulike materialer som tre, metall, plast, stoffer, papp og mange flere. Enten du arbeider med et treskipsmodell byggesett, skalamodell plastbyggesett, eller et modelljernbane prosjekt, vil InstaFix\u00a9 v\u00e6re et uvurderlig verkt\u00f8y.<\/p>\n<ul>\n<li> Hurtigt\u00f8rkende lim (Cyanoacrylate) <\/li>\n<li> Kan brukes p\u00e5 en rekke materialer <\/li>\n<li> Ideelt for modellbygging <\/li>\n<li> Gir umiddelbar fiksering <\/li>\n<\/ul>\n<p>InstaFix\u00a9 er spesielt nyttig i modellbygging for \u00e5 feste sm\u00e5 metallstykker og strukturelle komponenter som, p\u00e5 grunn av deres form eller plassering, ikke holder seg p\u00e5 plass og krever \u00f8yeblikkelig fiksering.<\/p>\n<p>Uansett om du er en erfaren entusiast eller en nybegynner, vil InstaFix\u00a9 hjelpe deg med \u00e5 oppn\u00e5 det n\u00f8yaktige og profesjonelle resultatet du s\u00f8ker i dine modellbyggingsprosjekter. Ikke vent, f\u00e5 det perfekte verkt\u00f8yet for ditt neste modellbyggingsprosjekt. Kj\u00f8p InstaFix\u00a9 n\u00e5!<\/p>","protected":false},"excerpt":{"rendered":"<p>OcCre &#8211; InstaFix\u00a9 er en hurtigt\u00f8rkende lim (Cyanoacrylate) egnet for ulike materialer, perfekt for modellbyggere som trenger umiddelbar fiksering.<\/p>","protected":false},"featured_media":8582,"comment_status":"open","ping_status":"closed","template":"","meta":[],"product_brand":[95],"product_cat":[58],"product_tag":[],"class_list":{"0":"post-8583","1":"product","2":"type-product","3":"status-publish","4":"has-post-thumbnail","6":"product_brand-occre","7":"product_cat-verktoy","9":"first","10":"outofstock","11":"taxable","12":"shipping-taxable","13":"purchasable","14":"product-type-simple"},"_links":{"self":[{"href":"https:\/\/bigfunhobby.com\/sv\/wp-json\/wp\/v2\/product\/8583","targetHints":{"allow":["GET"]}}],"collection":[{"href":"https:\/\/bigfunhobby.com\/sv\/wp-json\/wp\/v2\/product"}],"about":[{"href":"https:\/\/bigfunhobby.com\/sv\/wp-json\/wp\/v2\/types\/product"}],"replies":[{"embeddable":true,"href":"https:\/\/bigfunhobby.com\/sv\/wp-json\/wp\/v2\/comments?post=8583"}],"wp:featuredmedia":[{"embeddable":true,"href":"https:\/\/bigfunhobby.com\/sv\/wp-json\/wp\/v2\/media\/8582"}],"wp:attachment":[{"href":"https:\/\/bigfunhobby.com\/sv\/wp-json\/wp\/v2\/media?parent=8583"}],"wp:term":[{"taxonomy":"product_brand","embeddable":true,"href":"https:\/\/bigfunhobby.com\/sv\/wp-json\/wp\/v2\/product_brand?post=8583"},{"taxonomy":"product_cat","embeddable":true,"href":"https:\/\/bigfunhobby.com\/sv\/wp-json\/wp\/v2\/product_cat?post=8583"},{"taxonomy":"product_tag","embeddable":true,"href":"https:\/\/bigfunhobby.com\/sv\/wp-json\/wp\/v2\/product_tag?post=8583"}],"curies":[{"name":"wp","href":"https:\/\/api.w.org\/{rel}","templated":true}]}}