{"id":8587,"date":"2025-03-08T17:17:42","date_gmt":"2025-03-08T17:17:42","guid":{"rendered":"https:\/\/bigfunhobby.com\/butikk\/occre-saw-32mm-with-handle\/"},"modified":"2026-03-03T12:26:18","modified_gmt":"2026-03-03T10:26:18","slug":"ockersag-32mm-med-handtag","status":"publish","type":"product","link":"https:\/\/bigfunhobby.com\/sv\/butikk\/occre-saw-32mm-with-handle\/","title":{"rendered":"OcCre - S\u00e5g 32mm med handtag"},"content":{"rendered":"<p>OcCre - S\u00e5g 32mm med handtag \u00e4r ett oumb\u00e4rligt verktyg f\u00f6r alla som \u00e4lskar att modellera. Med sitt starka metallblad och utbytbara g\u00e4ngade handtag ger den h\u00e4r s\u00e5gen dig m\u00f6jlighet att g\u00f6ra exakta snitt, oavsett om det \u00e4r i r\u00e4t vinkel eller i vinkel.<\/p>\n<p>Detta \u00e4r s\u00e4rskilt anv\u00e4ndbart n\u00e4r du arbetar med material som remsor, stavar eller plankor, oavsett om det g\u00e4ller en modellfartygssats i tr\u00e4, en plastmodell eller ett modellj\u00e4rnv\u00e4gsprojekt. Oavsett vilken typ av modellbygge du h\u00e5ller p\u00e5 med \u00e4r den h\u00e4r s\u00e5gen ett m\u00e5ste.<\/p>\n<ul>\n<li>Metalls\u00e5g p\u00e5 32 mm<\/li>\n<li>Med utbytbart g\u00e4ngat handtag<\/li>\n<li>Idealisk f\u00f6r kapning av remsor, stavar eller plankor<\/li>\n<\/ul>\n<p>Det r\u00e5der ingen tvekan om att ett bra verktyg kan g\u00f6ra skillnaden mellan ett bra resultat och ett fantastiskt resultat. Med OcCre - s\u00e5g 32 mm med handtag kan du vara s\u00e4ker p\u00e5 att du uppn\u00e5r det senare.<\/p>\n<p>S\u00e5 oavsett om du \u00e4r en erfaren modellerare eller en nyb\u00f6rjare som vill investera i kvalitetsverktyg \u00e4r det h\u00e4r det perfekta valet f\u00f6r dig. V\u00e4nta inte l\u00e4ngre - ta din modellering till n\u00e4sta niv\u00e5 nu. Bl\u00e4ddra igenom v\u00e5rt sortiment och best\u00e4ll din OcCre - S\u00e5g 32mm med handtag idag.<\/p>","protected":false},"excerpt":{"rendered":"<p>OcCre - s\u00e5g 32 mm med handtag \u00e4r ett perfekt verktyg f\u00f6r exakta snitt, raka eller fasade, i remsor, stavar eller plankor. Den \u00e4r perfekt f\u00f6r modelleringsentusiaster.<\/p>","protected":false},"featured_media":8586,"comment_status":"open","ping_status":"closed","template":"","meta":[],"product_brand":[95],"product_cat":[58],"product_tag":[],"class_list":{"0":"post-8587","1":"product","2":"type-product","3":"status-publish","4":"has-post-thumbnail","6":"product_brand-occre","7":"product_cat-verktoy","9":"first","10":"instock","11":"taxable","12":"shipping-taxable","13":"purchasable","14":"product-type-simple"},"_links":{"self":[{"href":"https:\/\/bigfunhobby.com\/sv\/wp-json\/wp\/v2\/product\/8587","targetHints":{"allow":["GET"]}}],"collection":[{"href":"https:\/\/bigfunhobby.com\/sv\/wp-json\/wp\/v2\/product"}],"about":[{"href":"https:\/\/bigfunhobby.com\/sv\/wp-json\/wp\/v2\/types\/product"}],"replies":[{"embeddable":true,"href":"https:\/\/bigfunhobby.com\/sv\/wp-json\/wp\/v2\/comments?post=8587"}],"wp:featuredmedia":[{"embeddable":true,"href":"https:\/\/bigfunhobby.com\/sv\/wp-json\/wp\/v2\/media\/8586"}],"wp:attachment":[{"href":"https:\/\/bigfunhobby.com\/sv\/wp-json\/wp\/v2\/media?parent=8587"}],"wp:term":[{"taxonomy":"product_brand","embeddable":true,"href":"https:\/\/bigfunhobby.com\/sv\/wp-json\/wp\/v2\/product_brand?post=8587"},{"taxonomy":"product_cat","embeddable":true,"href":"https:\/\/bigfunhobby.com\/sv\/wp-json\/wp\/v2\/product_cat?post=8587"},{"taxonomy":"product_tag","embeddable":true,"href":"https:\/\/bigfunhobby.com\/sv\/wp-json\/wp\/v2\/product_tag?post=8587"}],"curies":[{"name":"wp","href":"https:\/\/api.w.org\/{rel}","templated":true}]}}