{"id":8589,"date":"2025-03-08T17:17:44","date_gmt":"2025-03-08T17:17:44","guid":{"rendered":"https:\/\/bigfunhobby.com\/butikk\/occre-beeswax-thread-conditioner\/"},"modified":"2026-03-03T12:26:19","modified_gmt":"2026-03-03T10:26:19","slug":"occre-bivax-tradbalsam","status":"publish","type":"product","link":"https:\/\/bigfunhobby.com\/sv\/butikk\/occre-beeswax-thread-conditioner\/","title":{"rendered":"OcCre - Balsam f\u00f6r tr\u00e5dar med bivax"},"content":{"rendered":"<p>F\u00f6rb\u00e4ttra kvaliteten och h\u00e5llbarheten p\u00e5 dina tr\u00e5dar med OcCre - Beeswax thread conditioner. Det naturliga bivaxet 100% \u00e4r perfekt f\u00f6r alla typer av modellering, fr\u00e5n skeppsmodeller och byggsatser i tr\u00e4 till plastmodeller och skalmodeller.<\/p>\n<p>OcCre - Beeswax tr\u00e5dbalsam \u00e4r speciellt utvecklat f\u00f6r att:<\/p>\n<ul>\n<li>F\u00f6rhindrar att tr\u00e5den fransar sig<\/li>\n<li>Vaxa g\u00e4ngorna f\u00f6r en sl\u00e4t och h\u00e5llbar yta<\/li>\n<li>Ger g\u00e4ngorna st\u00f6rre styvhet, vilket ger b\u00e4ttre kontroll under monteringen<\/li>\n<li>Kamma tr\u00e5den f\u00f6r att f\u00f6rhindra trassel och knutar<\/li>\n<\/ul>\n<p>Oavsett om du \u00e4r en erfaren modellbyggare eller nyb\u00f6rjare kommer du att f\u00f6rb\u00e4ttra upplevelsen och resultatet av ditt byggprojekt genom att anv\u00e4nda bivax p\u00e5 dina tr\u00e5dar. Det ger tr\u00e5darna en j\u00e4mn och professionell finish som h\u00e5ller i sig och g\u00f6r monteringsprocessen enklare och bekv\u00e4mare.<\/p>\n<p>Historiskt sett har bivax l\u00e4nge anv\u00e4nts inom olika hantverk, inklusive s\u00f6mnad och broderi, f\u00f6r sina fantastiska tr\u00e5dv\u00e5rdande egenskaper. Nu tar OcCre med sig denna urgamla visdom till modellbyggarv\u00e4rlden.<\/p>\n<p>F\u00f6rb\u00e4ttra dina modelleringsprojekt redan idag med OcCre - Beeswax thread conditioner. Best\u00e4ll nu och upplev skillnaden sj\u00e4lv!<\/p>","protected":false},"excerpt":{"rendered":"<p>OcCre - Beeswax tr\u00e5dbalsam \u00e4r ett 100% naturligt bivax som anv\u00e4nds f\u00f6r att f\u00f6rhindra tr\u00e5dfransning, vaxa tr\u00e5dar, \u00f6ka styvheten och kamma tr\u00e5dar i modellering.<\/p>","protected":false},"featured_media":8588,"comment_status":"open","ping_status":"closed","template":"","meta":[],"product_brand":[95],"product_cat":[58],"product_tag":[],"class_list":{"0":"post-8589","1":"product","2":"type-product","3":"status-publish","4":"has-post-thumbnail","6":"product_brand-occre","7":"product_cat-verktoy","9":"first","10":"instock","11":"taxable","12":"shipping-taxable","13":"purchasable","14":"product-type-simple"},"_links":{"self":[{"href":"https:\/\/bigfunhobby.com\/sv\/wp-json\/wp\/v2\/product\/8589","targetHints":{"allow":["GET"]}}],"collection":[{"href":"https:\/\/bigfunhobby.com\/sv\/wp-json\/wp\/v2\/product"}],"about":[{"href":"https:\/\/bigfunhobby.com\/sv\/wp-json\/wp\/v2\/types\/product"}],"replies":[{"embeddable":true,"href":"https:\/\/bigfunhobby.com\/sv\/wp-json\/wp\/v2\/comments?post=8589"}],"wp:featuredmedia":[{"embeddable":true,"href":"https:\/\/bigfunhobby.com\/sv\/wp-json\/wp\/v2\/media\/8588"}],"wp:attachment":[{"href":"https:\/\/bigfunhobby.com\/sv\/wp-json\/wp\/v2\/media?parent=8589"}],"wp:term":[{"taxonomy":"product_brand","embeddable":true,"href":"https:\/\/bigfunhobby.com\/sv\/wp-json\/wp\/v2\/product_brand?post=8589"},{"taxonomy":"product_cat","embeddable":true,"href":"https:\/\/bigfunhobby.com\/sv\/wp-json\/wp\/v2\/product_cat?post=8589"},{"taxonomy":"product_tag","embeddable":true,"href":"https:\/\/bigfunhobby.com\/sv\/wp-json\/wp\/v2\/product_tag?post=8589"}],"curies":[{"name":"wp","href":"https:\/\/api.w.org\/{rel}","templated":true}]}}