{"id":8591,"date":"2025-03-08T17:17:45","date_gmt":"2025-03-08T17:17:45","guid":{"rendered":"https:\/\/bigfunhobby.com\/butikk\/amerigo-vespucci-basic-1100\/"},"modified":"2026-03-03T12:26:19","modified_gmt":"2026-03-03T10:26:19","slug":"amerigo-vespucci-grundlaggande-1100","status":"publish","type":"product","link":"https:\/\/bigfunhobby.com\/sv\/butikk\/amerigo-vespucci-basic-1100\/","title":{"rendered":"Amerigo Vespucci Basic 1:100"},"content":{"rendered":"<p>Oavsett om du \u00e4r en erfaren modellbyggare eller en ivrig nyb\u00f6rjare kommer du att uppskatta Amerigo Vespucci Basic 1:100-kitet. Den h\u00e4r satsen ger dig m\u00f6jlighet att \u00e5teruppleva historien genom en exakt kopia av det ber\u00f6mda segelfartyget Amerigo Vespucci.<\/p>\n<p>Byggsatsen inneh\u00e5ller mer \u00e4n 600 olika delar. Detta ger dig m\u00f6jlighet att f\u00f6rdjupa dig i byggprocessen och montera ihop en imponerande tr\u00e4fartygsmodell bit f\u00f6r bit. Observera att segel inte ing\u00e5r i satsen.<\/p>\n<ul>\n<li>Alla delar \u00e4r tillverkade av FSC- eller PEFC-certifierat tr\u00e4, vilket garanterar h\u00f6g kvalitet och h\u00e5llbarhet.<\/li>\n<li>Satsen inneh\u00e5ller en gjuten platta med fartygets namn, vilket ger modellen en autentisk k\u00e4nsla.<\/li>\n<li>Detaljerade instruktioner p\u00e5 fem spr\u00e5k och steg-f\u00f6r-steg-videokurser g\u00f6r byggprocessen tillg\u00e4nglig och begriplig.<\/li>\n<li>Byggsatsen inneh\u00e5ller ocks\u00e5 h\u00f6guppl\u00f6sta bilder f\u00f6r varje byggsteg, en stycklista med m\u00e5tt och material samt ett IP-kort f\u00f6r enkel identifiering av delarna.<\/li>\n<li>Precisionssk\u00e4rning s\u00e4kerst\u00e4ller att alla delar passar perfekt ihop.<\/li>\n<li>Modellen levereras med livstidsgaranti, vilket bevisar v\u00e5rt f\u00f6rtroende f\u00f6r produktens kvalitet.<\/li>\n<\/ul>\n<p>Amerigo Vespucci \u00e4r k\u00e4nd f\u00f6r sin sk\u00f6nhet och sina detaljer. Med den h\u00e4r byggsatsen kan du skapa din egen modell av fartyget och f\u00e5 en djupare f\u00f6rst\u00e5else f\u00f6r sj\u00f6fartens historia.<\/p>\n<p>V\u00e4nta inte, b\u00f6rja din modellkarri\u00e4r med Amerigo Vespucci Basic 1:100-satsen. Best\u00e4ll nu!<\/p>","protected":false},"excerpt":{"rendered":"<p>Upplev gl\u00e4djen i modellbyggandet med Amerigo Vespucci Basic 1:100-satsen. Med \u00f6ver 600 h\u00f6gkvalitativa delar och detaljerade instruktioner \u00e4r det h\u00e4r en fantastisk hobby f\u00f6r b\u00e5de nyb\u00f6rjare och erfarna entusiaster.<\/p>","protected":false},"featured_media":8590,"comment_status":"open","ping_status":"closed","template":"","meta":[],"product_brand":[95],"product_cat":[67],"product_tag":[],"class_list":{"0":"post-8591","1":"product","2":"type-product","3":"status-publish","4":"has-post-thumbnail","6":"product_brand-occre","7":"product_cat-bater-occre","9":"first","10":"instock","11":"taxable","12":"shipping-taxable","13":"purchasable","14":"product-type-simple"},"_links":{"self":[{"href":"https:\/\/bigfunhobby.com\/sv\/wp-json\/wp\/v2\/product\/8591","targetHints":{"allow":["GET"]}}],"collection":[{"href":"https:\/\/bigfunhobby.com\/sv\/wp-json\/wp\/v2\/product"}],"about":[{"href":"https:\/\/bigfunhobby.com\/sv\/wp-json\/wp\/v2\/types\/product"}],"replies":[{"embeddable":true,"href":"https:\/\/bigfunhobby.com\/sv\/wp-json\/wp\/v2\/comments?post=8591"}],"wp:featuredmedia":[{"embeddable":true,"href":"https:\/\/bigfunhobby.com\/sv\/wp-json\/wp\/v2\/media\/8590"}],"wp:attachment":[{"href":"https:\/\/bigfunhobby.com\/sv\/wp-json\/wp\/v2\/media?parent=8591"}],"wp:term":[{"taxonomy":"product_brand","embeddable":true,"href":"https:\/\/bigfunhobby.com\/sv\/wp-json\/wp\/v2\/product_brand?post=8591"},{"taxonomy":"product_cat","embeddable":true,"href":"https:\/\/bigfunhobby.com\/sv\/wp-json\/wp\/v2\/product_cat?post=8591"},{"taxonomy":"product_tag","embeddable":true,"href":"https:\/\/bigfunhobby.com\/sv\/wp-json\/wp\/v2\/product_tag?post=8591"}],"curies":[{"name":"wp","href":"https:\/\/api.w.org\/{rel}","templated":true}]}}