{"id":8593,"date":"2025-03-08T17:17:46","date_gmt":"2025-03-08T17:17:46","guid":{"rendered":"https:\/\/bigfunhobby.com\/butikk\/occre-organizer-module-for-strips\/"},"modified":"2026-03-03T12:26:19","modified_gmt":"2026-03-03T10:26:19","slug":"occre-organizer-module-for-strips","status":"publish","type":"product","link":"https:\/\/bigfunhobby.com\/sv\/butikk\/occre-organizer-module-for-strips\/","title":{"rendered":"OcCre &#8211; Organizer Module For Strips"},"content":{"rendered":"<p>OcCre &#8211; Organizer Module For Strips er en uunnv\u00e6rlig del av enhver modellbyggers verkt\u00f8ykasse. Uansett om du er en erfaren entusiast eller bare begynner, vil dette tilbeh\u00f8ret hjelpe deg med \u00e5 holde orden p\u00e5 dine materialer. <\/p>\n<p>Med dette modellbyggingsverkt\u00f8yet kan du enkelt lagre og organisere dine trestrimler, stenger og plater. Det har 9 rom i forskjellige st\u00f8rrelser, noe som gj\u00f8r det mulig \u00e5 sortere dine materialer etter type og m\u00e5l. Dette vil hjelpe deg \u00e5 unng\u00e5 \u00e5 miste strimler, blande sammen ulike typer, eller \u00e5 bryte materialene.<\/p>\n<ul>\n<li>Perfekt f\u00f6r b\u00e5de nyb\u00f6rjare och erfarna modellbyggare<\/li>\n<li>9 rom i forskjellige st\u00f8rrelser for effektiv organisering<\/li>\n<li>Beskytter materialene dine mot skade<\/li>\n<li>Perfekt komplement til Workshop Cabinet<\/li>\n<\/ul>\n<p>Dette er et must for alle som er interessert i byggesett i tre, plastmodeller, modelljernbane eller fjernstyrte kj\u00f8ret\u00f8y. Det er et viktig verkt\u00f8y for \u00e5 holde arbeidsomr\u00e5det ditt ryddig og organisert, noe som vil gi deg mer tid og energi til \u00e5 fokusere p\u00e5 selve byggeprosessen.<\/p>\n<p>Ikke la dine verdifulle byggematerialer ligge rundt i rot. Ta kontroll over din modellbyggingsprosess med OcCre &#8211; Organizer Module For Strips. Bestill ditt eksemplar i dag og opplev forskjellen selv.<\/p>","protected":false},"excerpt":{"rendered":"<p>OcCre &#8211; Organizer Module For Strips er det perfekte tilbeh\u00f8r for modellbyggere, med 9 rom for oppbevaring og organisering av trestrimler, stenger og plater.<\/p>","protected":false},"featured_media":8592,"comment_status":"open","ping_status":"closed","template":"","meta":[],"product_brand":[95],"product_cat":[58],"product_tag":[],"class_list":{"0":"post-8593","1":"product","2":"type-product","3":"status-publish","4":"has-post-thumbnail","6":"product_brand-occre","7":"product_cat-verktoy","9":"first","10":"outofstock","11":"taxable","12":"shipping-taxable","13":"purchasable","14":"product-type-simple"},"_links":{"self":[{"href":"https:\/\/bigfunhobby.com\/sv\/wp-json\/wp\/v2\/product\/8593","targetHints":{"allow":["GET"]}}],"collection":[{"href":"https:\/\/bigfunhobby.com\/sv\/wp-json\/wp\/v2\/product"}],"about":[{"href":"https:\/\/bigfunhobby.com\/sv\/wp-json\/wp\/v2\/types\/product"}],"replies":[{"embeddable":true,"href":"https:\/\/bigfunhobby.com\/sv\/wp-json\/wp\/v2\/comments?post=8593"}],"wp:featuredmedia":[{"embeddable":true,"href":"https:\/\/bigfunhobby.com\/sv\/wp-json\/wp\/v2\/media\/8592"}],"wp:attachment":[{"href":"https:\/\/bigfunhobby.com\/sv\/wp-json\/wp\/v2\/media?parent=8593"}],"wp:term":[{"taxonomy":"product_brand","embeddable":true,"href":"https:\/\/bigfunhobby.com\/sv\/wp-json\/wp\/v2\/product_brand?post=8593"},{"taxonomy":"product_cat","embeddable":true,"href":"https:\/\/bigfunhobby.com\/sv\/wp-json\/wp\/v2\/product_cat?post=8593"},{"taxonomy":"product_tag","embeddable":true,"href":"https:\/\/bigfunhobby.com\/sv\/wp-json\/wp\/v2\/product_tag?post=8593"}],"curies":[{"name":"wp","href":"https:\/\/api.w.org\/{rel}","templated":true}]}}