{"id":8596,"date":"2025-03-08T17:17:47","date_gmt":"2025-03-08T17:17:47","guid":{"rendered":"https:\/\/bigfunhobby.com\/butikk\/led-lighting-set-for-scale-models\/"},"modified":"2026-03-03T12:26:19","modified_gmt":"2026-03-03T10:26:19","slug":"led-lighting-set-for-scale-models","status":"publish","type":"product","link":"https:\/\/bigfunhobby.com\/sv\/butikk\/led-lighting-set-for-scale-models\/","title":{"rendered":"LED-belysningsset f\u00f6r skalmodeller"},"content":{"rendered":"<p>Dette LED-lyssettet for skalamodeller gir en ekstra dimensjon til dine modellprosjekter, ved \u00e5 tilby realistisk belysning. Enten det er et treskipsbyggesett, en plastmodell av et tog eller en annen type modellbygging, vil dette settet kunne gi prosjektet ditt en autentisk touch.<\/p>\n<p>Settet inneholder alt du trenger for \u00e5 belyse din modell:<\/p>\n<ul>\n<li>25 hvite lysdioder (LED)<\/li>\n<li>25 motstander<\/li>\n<li>2.5 meter r\u00f8d kabel<\/li>\n<li>2.5 meter svart kabel<\/li>\n<li>Varmekrympeslange<\/li>\n<li>Batteriholder med deksel og bryter<\/li>\n<li>Fargeinstruksjoner p\u00e5 fem spr\u00e5k<\/li>\n<li>Skjematisk oversikt over den grunnleggende elektriske kretsen<\/li>\n<\/ul>\n<p>LED-lys kan gi et realistisk uttrykk til alt fra modelljernbane og skalamodeller til byggesett i tre. Med dette settet f\u00e5r du det du trenger til \u00e5 gi modellene dine det lille ekstra. Uansett om du er nybegynner eller erfaren innen modellbygging, vil dette settet v\u00e6re en verdifull tilleggsressurs.<\/p>\n<p>Forbedre dine modellbyggingsprosjekter med dette omfattende LED-lyssettet. Bestill ditt sett i dag og ta modellbyggingen din til et nytt niv\u00e5.<\/p>","protected":false},"excerpt":{"rendered":"<p>LED-lyssett for skalamodeller, inkludert alt du trenger for \u00e5 gi dine modellskip, modelltog, og alle slags modellbyggingsprosjekter en realistisk belysning.<\/p>","protected":false},"featured_media":8595,"comment_status":"open","ping_status":"closed","template":"","meta":[],"product_brand":[95],"product_cat":[60],"product_tag":[],"class_list":{"0":"post-8596","1":"product","2":"type-product","3":"status-publish","4":"has-post-thumbnail","6":"product_brand-occre","7":"product_cat-tilbehor-trebyggesett","9":"first","10":"instock","11":"taxable","12":"shipping-taxable","13":"purchasable","14":"product-type-simple"},"_links":{"self":[{"href":"https:\/\/bigfunhobby.com\/sv\/wp-json\/wp\/v2\/product\/8596","targetHints":{"allow":["GET"]}}],"collection":[{"href":"https:\/\/bigfunhobby.com\/sv\/wp-json\/wp\/v2\/product"}],"about":[{"href":"https:\/\/bigfunhobby.com\/sv\/wp-json\/wp\/v2\/types\/product"}],"replies":[{"embeddable":true,"href":"https:\/\/bigfunhobby.com\/sv\/wp-json\/wp\/v2\/comments?post=8596"}],"wp:featuredmedia":[{"embeddable":true,"href":"https:\/\/bigfunhobby.com\/sv\/wp-json\/wp\/v2\/media\/8595"}],"wp:attachment":[{"href":"https:\/\/bigfunhobby.com\/sv\/wp-json\/wp\/v2\/media?parent=8596"}],"wp:term":[{"taxonomy":"product_brand","embeddable":true,"href":"https:\/\/bigfunhobby.com\/sv\/wp-json\/wp\/v2\/product_brand?post=8596"},{"taxonomy":"product_cat","embeddable":true,"href":"https:\/\/bigfunhobby.com\/sv\/wp-json\/wp\/v2\/product_cat?post=8596"},{"taxonomy":"product_tag","embeddable":true,"href":"https:\/\/bigfunhobby.com\/sv\/wp-json\/wp\/v2\/product_tag?post=8596"}],"curies":[{"name":"wp","href":"https:\/\/api.w.org\/{rel}","templated":true}]}}