{"id":8609,"date":"2025-03-08T17:17:48","date_gmt":"2025-03-08T17:17:48","guid":{"rendered":"https:\/\/bigfunhobby.com\/butikk\/05mm-raw-thread\/"},"modified":"2026-03-03T12:26:20","modified_gmt":"2026-03-03T10:26:20","slug":"05mm-ra-ganga","status":"publish","type":"product","link":"https:\/\/bigfunhobby.com\/sv\/butikk\/05mm-raw-thread\/","title":{"rendered":"0,5mm r\u00e5 g\u00e4nga"},"content":{"rendered":"<p> Denna 0,5 mm r\u00e5a bomullstr\u00e5d \u00e4r det perfekta tillbeh\u00f6ret f\u00f6r modellfartyg. Med sin naturliga f\u00e4rg och h\u00f6ga kvalitet \u00e4r den b\u00e5de estetiskt tilltalande och funktionell, vilket g\u00f6r den till ett perfekt val f\u00f6r b\u00e5de nyb\u00f6rjare och erfarna modellbyggare.<\/p>\n<p> <strong>Produktspecifikationer:<\/strong> <\/p>\n<ul>\n<li> Typ av tr\u00e5d: 0,5mm r\u00e5 bomullstr\u00e5d <\/li>\n<li> F\u00e4rg: R\u00e5\/naturlig <\/li>\n<li> Anv\u00e4ndning: L\u00e4mplig f\u00f6r modellfartyg <\/li>\n<li> Inneh\u00e5ll: 2 rullar per p\u00e5se <\/li>\n<\/ul>\n<p> Tr\u00e5den \u00e4r tillverkad av h\u00f6gkvalitativ bomull, vilket garanterar h\u00e5llbarhet och l\u00e5ngvarig anv\u00e4ndning. Den naturliga f\u00e4rgen ger en autentisk k\u00e4nsla, vilket \u00e4r viktigt f\u00f6r realistiska modellbyggen. <\/p>\n<p> Modellering har en l\u00e5ng historia och har alltid varit en popul\u00e4r hobby f\u00f6r m\u00e4nniskor i alla \u00e5ldrar. Oavsett om du \u00e4r en nyb\u00f6rjare som precis har kommit ig\u00e5ng med modellering eller en erfaren entusiast kommer den h\u00e4r bomullstr\u00e5den definitivt att f\u00f6rb\u00e4ttra dina byggprojekt. <\/p>\n<p> Missa inte chansen att uppgradera dina modelleringsprojekt. K\u00f6p den h\u00e4r 0,5 mm r\u00e5a bomullstr\u00e5den idag och ta dina modellfartyg till n\u00e4sta niv\u00e5! <\/p>","protected":false},"excerpt":{"rendered":"<p>0,5 mm r\u00e5 bomullstr\u00e5d f\u00f6r fartygsmodeller. Perfekt f\u00f6r b\u00e5de nyb\u00f6rjare och erfarna modellbyggare.<\/p>","protected":false},"featured_media":9971,"comment_status":"open","ping_status":"closed","template":"","meta":[],"product_brand":[95],"product_cat":[66,60],"product_tag":[],"class_list":{"0":"post-8609","1":"product","2":"type-product","3":"status-publish","4":"has-post-thumbnail","6":"product_brand-occre","7":"product_cat-blokker-sjakkler-tauverk","8":"product_cat-tilbehor-trebyggesett","10":"first","11":"outofstock","12":"taxable","13":"shipping-taxable","14":"purchasable","15":"product-type-simple"},"_links":{"self":[{"href":"https:\/\/bigfunhobby.com\/sv\/wp-json\/wp\/v2\/product\/8609","targetHints":{"allow":["GET"]}}],"collection":[{"href":"https:\/\/bigfunhobby.com\/sv\/wp-json\/wp\/v2\/product"}],"about":[{"href":"https:\/\/bigfunhobby.com\/sv\/wp-json\/wp\/v2\/types\/product"}],"replies":[{"embeddable":true,"href":"https:\/\/bigfunhobby.com\/sv\/wp-json\/wp\/v2\/comments?post=8609"}],"wp:featuredmedia":[{"embeddable":true,"href":"https:\/\/bigfunhobby.com\/sv\/wp-json\/wp\/v2\/media\/9971"}],"wp:attachment":[{"href":"https:\/\/bigfunhobby.com\/sv\/wp-json\/wp\/v2\/media?parent=8609"}],"wp:term":[{"taxonomy":"product_brand","embeddable":true,"href":"https:\/\/bigfunhobby.com\/sv\/wp-json\/wp\/v2\/product_brand?post=8609"},{"taxonomy":"product_cat","embeddable":true,"href":"https:\/\/bigfunhobby.com\/sv\/wp-json\/wp\/v2\/product_cat?post=8609"},{"taxonomy":"product_tag","embeddable":true,"href":"https:\/\/bigfunhobby.com\/sv\/wp-json\/wp\/v2\/product_tag?post=8609"}],"curies":[{"name":"wp","href":"https:\/\/api.w.org\/{rel}","templated":true}]}}