{"id":8614,"date":"2025-03-08T17:17:48","date_gmt":"2025-03-08T17:17:48","guid":{"rendered":"https:\/\/bigfunhobby.com\/butikk\/015mm-raw-thread\/"},"modified":"2026-03-11T17:26:09","modified_gmt":"2026-03-11T15:26:09","slug":"015mm-ra-ganga","status":"publish","type":"product","link":"https:\/\/bigfunhobby.com\/sv\/butikk\/015mm-raw-thread\/","title":{"rendered":"0,15 mm r\u00e5g\u00e4nga"},"content":{"rendered":"<p>V\u00e5r 0,15 mm r\u00e5a bomullstr\u00e5d \u00e4r s\u00e4rskilt l\u00e4mplig f\u00f6r detaljerade <strong>fartygsmodellering<\/strong>. Denna tr\u00e5d ger dina modeller ett autentiskt och realistiskt utseende, vilket g\u00f6r dem \u00e4nnu mer imponerande.<\/p>\n<p>Tr\u00e5den levereras i en f\u00f6rpackning med tv\u00e5 spolar, vilket s\u00e4kerst\u00e4ller att du har tillr\u00e4ckligt med material f\u00f6r att slutf\u00f6ra dina byggprojekt.<\/p>\n<p>Denna tr\u00e5d \u00e4r kompatibel med alla typer av <strong>modeller av tr\u00e4fartyg<\/strong> och kan anv\u00e4ndas av b\u00e5de nyb\u00f6rjare och erfarna modellbyggare. Den naturliga f\u00e4rgen bidrar till att ge dina modeller en realistisk och professionell finish.<\/p>\n<ul>\n<li>Produktnamn: 0,15 mm r\u00e5 tr\u00e5d<\/li>\n<li>Material: Bomull<\/li>\n<li>F\u00e4rg: R\u00e5\/Naturlig<\/li>\n<li>Inneh\u00e5ll: 2 spolar<\/li>\n<\/ul>\n<p>Att bygga modeller \u00e4r mer \u00e4n bara en hobby, det \u00e4r en konstform som har funnits i m\u00e5nga \u00e5r. Genom att anv\u00e4nda v\u00e5r 0,15 mm r\u00e5a tr\u00e5d i dina fartygsmodellprojekt blir du en del av denna rika tradition.<\/p>\n<p>Du hittar ocks\u00e5 ett brett utbud av andra material och verktyg som du beh\u00f6ver f\u00f6r ditt projekt. <strong>modellbygge<\/strong>. Oavsett om du letar efter specifika kit eller om du bara beh\u00f6ver fylla p\u00e5 med viktiga f\u00f6rn\u00f6denheter har vi allt du beh\u00f6ver.<\/p>\n<p>V\u00e4nta inte, p\u00e5b\u00f6rja ditt n\u00e4sta byggprojekt med v\u00e5r 0,15 mm r\u00e5a tr\u00e5d. <strong>Boka nu<\/strong> och ta din modellering till n\u00e4sta niv\u00e5.<\/p>","protected":false},"excerpt":{"rendered":"<p>0,15 mm r\u00e5 bomullstr\u00e5d \u00e4r perfekt f\u00f6r fartygsmodellering. Inneh\u00e5ller tv\u00e5 spolar i varje f\u00f6rpackning.<\/p>","protected":false},"featured_media":9967,"comment_status":"open","ping_status":"closed","template":"","meta":[],"product_brand":[95],"product_cat":[66,60],"product_tag":[],"class_list":{"0":"post-8614","1":"product","2":"type-product","3":"status-publish","4":"has-post-thumbnail","6":"product_brand-occre","7":"product_cat-blokker-sjakkler-tauverk","8":"product_cat-tilbehor-trebyggesett","10":"first","11":"instock","12":"taxable","13":"shipping-taxable","14":"purchasable","15":"product-type-simple"},"_links":{"self":[{"href":"https:\/\/bigfunhobby.com\/sv\/wp-json\/wp\/v2\/product\/8614","targetHints":{"allow":["GET"]}}],"collection":[{"href":"https:\/\/bigfunhobby.com\/sv\/wp-json\/wp\/v2\/product"}],"about":[{"href":"https:\/\/bigfunhobby.com\/sv\/wp-json\/wp\/v2\/types\/product"}],"replies":[{"embeddable":true,"href":"https:\/\/bigfunhobby.com\/sv\/wp-json\/wp\/v2\/comments?post=8614"}],"wp:featuredmedia":[{"embeddable":true,"href":"https:\/\/bigfunhobby.com\/sv\/wp-json\/wp\/v2\/media\/9967"}],"wp:attachment":[{"href":"https:\/\/bigfunhobby.com\/sv\/wp-json\/wp\/v2\/media?parent=8614"}],"wp:term":[{"taxonomy":"product_brand","embeddable":true,"href":"https:\/\/bigfunhobby.com\/sv\/wp-json\/wp\/v2\/product_brand?post=8614"},{"taxonomy":"product_cat","embeddable":true,"href":"https:\/\/bigfunhobby.com\/sv\/wp-json\/wp\/v2\/product_cat?post=8614"},{"taxonomy":"product_tag","embeddable":true,"href":"https:\/\/bigfunhobby.com\/sv\/wp-json\/wp\/v2\/product_tag?post=8614"}],"curies":[{"name":"wp","href":"https:\/\/api.w.org\/{rel}","templated":true}]}}