{"id":8641,"date":"2025-03-08T17:17:51","date_gmt":"2025-03-08T17:17:51","guid":{"rendered":"https:\/\/bigfunhobby.com\/butikk\/occre-paints-exhibitor\/"},"modified":"2026-03-03T12:26:22","modified_gmt":"2026-03-03T10:26:22","slug":"occre-paints-exhibitor","status":"publish","type":"product","link":"https:\/\/bigfunhobby.com\/sv\/butikk\/occre-paints-exhibitor\/","title":{"rendered":"OcCre &#8211; Paints Exhibitor"},"content":{"rendered":"<p>Er du en entusiast av modellbygging og leter etter den perfekte m\u00e5ten \u00e5 holde orden p\u00e5 dine malingsprodukter? Da er OcCre &#8211; Paints Exhibitor l\u00f8sningen for deg. Dette er et uunnv\u00e6rlig tilbeh\u00f8r for b\u00e5de nybegynnere og erfarne modellbyggere som \u00f8nsker \u00e5 holde orden p\u00e5 maling, beis, lakk og verkt\u00f8y.<\/p>\n<p>Spesifikasjonene for denne utstilleren inkluderer en praktisk skuff med plass til verkt\u00f8y, fargestoffer, sparkel og andre n\u00f8dvendige tilbeh\u00f8r. Den flotte utstillingskassen bidrar til \u00e5 holde alt pent organisert, og gir deg enkel oversikt over dine materialer.<\/p>\n<p>Dette produktet er laget for \u00e5 v\u00e6re robust og langvarig, slik at du kan v\u00e6re trygg p\u00e5 at det vil st\u00f8tte dine modellbyggingsprosjekter i mange \u00e5r fremover. Enten du jobber med treskipsmodeller, plastmodeller, modelljernbane eller fjernstyrte kj\u00f8ret\u00f8y, vil denne utstilleren v\u00e6re en uvurderlig hjelp i organiseringen.<\/p>\n<p>S\u00e5 hvorfor vente? Med OcCre &#8211; Paints Exhibitor vil du kunne fokusere mer p\u00e5 det kreative ved modellbygging, og mindre p\u00e5 \u00e5 lete etter riktig maling eller verkt\u00f8y. Ta steget for en mer organisert modellbyggingsprosess i dag. Kj\u00f8p her.<\/p>","protected":false},"excerpt":{"rendered":"<p>OcCre &#8211; Paints Exhibitor er det ultimate tilbeh\u00f8ret for \u00e5 organisere maling, beis, lakk og verkt\u00f8y for entusiastiske modellbyggere.<\/p>","protected":false},"featured_media":8640,"comment_status":"open","ping_status":"closed","template":"","meta":[],"product_brand":[95],"product_cat":[58],"product_tag":[],"class_list":{"0":"post-8641","1":"product","2":"type-product","3":"status-publish","4":"has-post-thumbnail","6":"product_brand-occre","7":"product_cat-verktoy","9":"first","10":"instock","11":"taxable","12":"shipping-taxable","13":"purchasable","14":"product-type-simple"},"_links":{"self":[{"href":"https:\/\/bigfunhobby.com\/sv\/wp-json\/wp\/v2\/product\/8641","targetHints":{"allow":["GET"]}}],"collection":[{"href":"https:\/\/bigfunhobby.com\/sv\/wp-json\/wp\/v2\/product"}],"about":[{"href":"https:\/\/bigfunhobby.com\/sv\/wp-json\/wp\/v2\/types\/product"}],"replies":[{"embeddable":true,"href":"https:\/\/bigfunhobby.com\/sv\/wp-json\/wp\/v2\/comments?post=8641"}],"wp:featuredmedia":[{"embeddable":true,"href":"https:\/\/bigfunhobby.com\/sv\/wp-json\/wp\/v2\/media\/8640"}],"wp:attachment":[{"href":"https:\/\/bigfunhobby.com\/sv\/wp-json\/wp\/v2\/media?parent=8641"}],"wp:term":[{"taxonomy":"product_brand","embeddable":true,"href":"https:\/\/bigfunhobby.com\/sv\/wp-json\/wp\/v2\/product_brand?post=8641"},{"taxonomy":"product_cat","embeddable":true,"href":"https:\/\/bigfunhobby.com\/sv\/wp-json\/wp\/v2\/product_cat?post=8641"},{"taxonomy":"product_tag","embeddable":true,"href":"https:\/\/bigfunhobby.com\/sv\/wp-json\/wp\/v2\/product_tag?post=8641"}],"curies":[{"name":"wp","href":"https:\/\/api.w.org\/{rel}","templated":true}]}}