{"id":8651,"date":"2025-03-08T17:17:55","date_gmt":"2025-03-08T17:17:55","guid":{"rendered":"https:\/\/bigfunhobby.com\/butikk\/occre-organizer-module\/"},"modified":"2026-03-03T12:26:22","modified_gmt":"2026-03-03T10:26:22","slug":"occre-organizer-module","status":"publish","type":"product","link":"https:\/\/bigfunhobby.com\/sv\/butikk\/occre-organizer-module\/","title":{"rendered":"OcCre &#8211; Organizer Module"},"content":{"rendered":"<p>\u00d8nsker du \u00e5 holde ditt modellbyggingsomr\u00e5de ryddig og organisert? Da er OcCre &#8211; Organizer Module det perfekte tillegget for deg. Denne modulen er spesielt designet for \u00e5 holde plastbrettene dine godt lagret og organisert, noe som er avgj\u00f8rende for b\u00e5de nybegynnere og erfarne modellbyggere.<\/p>\n<p>Dette er mer enn bare et vanlig oppbevaringsomr\u00e5de. Organizer Module har en skuff for \u00e5 oppbevare verkt\u00f8y, instruksjoner, og mer. Dette gir deg rask og enkel tilgang til alt du trenger for ditt byggesett, enten det er en treskipsmodell, plastmodell, modelljernbane eller et fjernstyrt kj\u00f8ret\u00f8y.<\/p>\n<p>Den \u00f8vre delen av modulen gir ogs\u00e5 ekstra lagringsplass for materialer, verkt\u00f8y, tilbeh\u00f8r og lignende. Dette gir deg muligheten til \u00e5 ha alt du trenger for din modellbygging p\u00e5 ett sted, noe som gj\u00f8r byggeprosessen mer effektiv og behagelig.<\/p>\n<p>Det er verdt \u00e5 merke seg at plastbrett for organisering ikke er inkludert. Men ikke bekymre deg, de kan enkelt kj\u00f8pes separat for \u00e5 komplettere din Organizer Module.<\/p>\n<p>OcCre &#8211; Organizer Module er ogs\u00e5 det perfekte tillegget til Workshop Cabinet. Sammen gir de deg et komplett og funksjonelt arbeidsomr\u00e5de til din modellbygging.<\/p>\n<p>Ikke vent lenger. Gj\u00f8r modellbyggingen din mer organisert og effektiv med OcCre &#8211; Organizer Module. Kj\u00f8p n\u00e5!<\/p>","protected":false},"excerpt":{"rendered":"<p>OcCre &#8211; Organizer Module er et ypperlig tillegg for \u00e5 holde plastbrett ordentlig lagret og organisert. Denne modulen har en skuff for \u00e5 oppbevare verkt\u00f8y, instruksjoner og mer.<\/p>","protected":false},"featured_media":8650,"comment_status":"open","ping_status":"closed","template":"","meta":[],"product_brand":[95],"product_cat":[58],"product_tag":[],"class_list":{"0":"post-8651","1":"product","2":"type-product","3":"status-publish","4":"has-post-thumbnail","6":"product_brand-occre","7":"product_cat-verktoy","9":"first","10":"instock","11":"taxable","12":"shipping-taxable","13":"purchasable","14":"product-type-simple"},"_links":{"self":[{"href":"https:\/\/bigfunhobby.com\/sv\/wp-json\/wp\/v2\/product\/8651","targetHints":{"allow":["GET"]}}],"collection":[{"href":"https:\/\/bigfunhobby.com\/sv\/wp-json\/wp\/v2\/product"}],"about":[{"href":"https:\/\/bigfunhobby.com\/sv\/wp-json\/wp\/v2\/types\/product"}],"replies":[{"embeddable":true,"href":"https:\/\/bigfunhobby.com\/sv\/wp-json\/wp\/v2\/comments?post=8651"}],"wp:featuredmedia":[{"embeddable":true,"href":"https:\/\/bigfunhobby.com\/sv\/wp-json\/wp\/v2\/media\/8650"}],"wp:attachment":[{"href":"https:\/\/bigfunhobby.com\/sv\/wp-json\/wp\/v2\/media?parent=8651"}],"wp:term":[{"taxonomy":"product_brand","embeddable":true,"href":"https:\/\/bigfunhobby.com\/sv\/wp-json\/wp\/v2\/product_brand?post=8651"},{"taxonomy":"product_cat","embeddable":true,"href":"https:\/\/bigfunhobby.com\/sv\/wp-json\/wp\/v2\/product_cat?post=8651"},{"taxonomy":"product_tag","embeddable":true,"href":"https:\/\/bigfunhobby.com\/sv\/wp-json\/wp\/v2\/product_tag?post=8651"}],"curies":[{"name":"wp","href":"https:\/\/api.w.org\/{rel}","templated":true}]}}