{"id":8658,"date":"2025-03-08T17:17:59","date_gmt":"2025-03-08T17:17:59","guid":{"rendered":"https:\/\/bigfunhobby.com\/butikk\/occre-caliper\/"},"modified":"2026-03-03T12:26:22","modified_gmt":"2026-03-03T10:26:22","slug":"occre-skjutmatt","status":"publish","type":"product","link":"https:\/\/bigfunhobby.com\/sv\/butikk\/occre-caliper\/","title":{"rendered":"OcCre - skjutm\u00e5tt"},"content":{"rendered":"<p>OcCre - Caliper \u00e4r ett oumb\u00e4rligt verktyg f\u00f6r alla som sysslar med modellbygge. Oavsett om du arbetar med skeppsmodeller i tr\u00e4, plastmodeller, modellj\u00e4rnv\u00e4gar eller fj\u00e4rrstyrda fordon hj\u00e4lper det h\u00e4r verktyget dig att uppn\u00e5 o\u00f6vertr\u00e4ffad noggrannhet.<\/p>\n<p>Verktyget \u00e4r utformat f\u00f6r att m\u00e4ta remsor och olika diametrar med stor precision. Detta g\u00f6r att du kan g\u00f6ra finjusteringar av dina byggsatser, vilket \u00e4r s\u00e4rskilt viktigt n\u00e4r du arbetar med detaljerade skalmodeller.<\/p>\n<ul>\n<li>Exakt m\u00e4tning av remsor med olika diametrar<\/li>\n<li>Perfekt f\u00f6r b\u00e5de nyb\u00f6rjare och erfarna modellbyggare<\/li>\n<li>Perfekt f\u00f6r arbete med skeppsmodeller i tr\u00e4, plastmodeller, modellj\u00e4rnv\u00e4gar och fj\u00e4rrstyrda fordon<\/li>\n<\/ul>\n<p>Modellering \u00e4r en konstform som kr\u00e4ver noggrannhet, och OcCre - Caliper \u00e4r verktyget som kan hj\u00e4lpa dig att uppn\u00e5 det. Oavsett om du \u00e4r en erfaren modellerare eller nyb\u00f6rjare kommer det h\u00e4r verktyget att g\u00f6ra processen med att bygga dina modeller mer exakt och givande.<\/p>\n<p>L\u00e4mna inget \u00e5t slumpen i ditt modelleringsprojekt. Best\u00e4ll OcCre - Caliper idag och ta din modellering till n\u00e4sta niv\u00e5!<\/p>","protected":false},"excerpt":{"rendered":"<p>OcCre - Caliper \u00e4r ett precisionsverktyg f\u00f6r exakt m\u00e4tning av remsor och olika diametrar, perfekt f\u00f6r modelleringsentusiaster.<\/p>","protected":false},"featured_media":8657,"comment_status":"open","ping_status":"closed","template":"","meta":[],"product_brand":[95],"product_cat":[58],"product_tag":[],"class_list":{"0":"post-8658","1":"product","2":"type-product","3":"status-publish","4":"has-post-thumbnail","6":"product_brand-occre","7":"product_cat-verktoy","9":"first","10":"instock","11":"taxable","12":"shipping-taxable","13":"purchasable","14":"product-type-simple"},"_links":{"self":[{"href":"https:\/\/bigfunhobby.com\/sv\/wp-json\/wp\/v2\/product\/8658","targetHints":{"allow":["GET"]}}],"collection":[{"href":"https:\/\/bigfunhobby.com\/sv\/wp-json\/wp\/v2\/product"}],"about":[{"href":"https:\/\/bigfunhobby.com\/sv\/wp-json\/wp\/v2\/types\/product"}],"replies":[{"embeddable":true,"href":"https:\/\/bigfunhobby.com\/sv\/wp-json\/wp\/v2\/comments?post=8658"}],"wp:featuredmedia":[{"embeddable":true,"href":"https:\/\/bigfunhobby.com\/sv\/wp-json\/wp\/v2\/media\/8657"}],"wp:attachment":[{"href":"https:\/\/bigfunhobby.com\/sv\/wp-json\/wp\/v2\/media?parent=8658"}],"wp:term":[{"taxonomy":"product_brand","embeddable":true,"href":"https:\/\/bigfunhobby.com\/sv\/wp-json\/wp\/v2\/product_brand?post=8658"},{"taxonomy":"product_cat","embeddable":true,"href":"https:\/\/bigfunhobby.com\/sv\/wp-json\/wp\/v2\/product_cat?post=8658"},{"taxonomy":"product_tag","embeddable":true,"href":"https:\/\/bigfunhobby.com\/sv\/wp-json\/wp\/v2\/product_tag?post=8658"}],"curies":[{"name":"wp","href":"https:\/\/api.w.org\/{rel}","templated":true}]}}