{"id":8666,"date":"2025-03-08T17:18:02","date_gmt":"2025-03-08T17:18:02","guid":{"rendered":"https:\/\/bigfunhobby.com\/butikk\/occre-awl\/"},"modified":"2025-12-04T11:00:56","modified_gmt":"2025-12-04T09:00:56","slug":"occre-awl","status":"publish","type":"product","link":"https:\/\/bigfunhobby.com\/sv\/butikk\/occre-awl\/","title":{"rendered":"OcCre &#8211; Awl"},"content":{"rendered":"<p>OcCre &#8211; Awl er et essensielt verkt\u00f8y for alle entusiaster av modellbygging. Dette verkt\u00f8yet er spesielt designet for \u00e5 merke hull i tre, noe som gj\u00f8r det uunnv\u00e6rlig ved bygging av treskipsmodeller og andre byggesett i tre. I tillegg kan det lett gjennomtrenges stoff, noe som \u00e5pner opp en verden av muligheter for kreativ bruk.<\/p>\n<p>Specifikationer:<\/p>\n<ul>\n<li>Utformet for \u00e5 merke hull i tre<\/li>\n<li>Kan gjennomtrenges stoff<\/li>\n<li>Laget for modellbygging<\/li>\n<\/ul>\n<p>Awl-verkt\u00f8yet er konstruert med tanke p\u00e5 modellbygging, og er laget for \u00e5 t\u00e5le de utfordringene som kommer med denne hobbyen. Dens allsidighet gj\u00f8r det til et must i verkt\u00f8ykassen til b\u00e5de nybegynnere og erfarne modellbyggere.<\/p>\n<p>Historisk sett har awl-verkt\u00f8y blitt brukt i tusenvis av \u00e5r i forskjellige former og for forskjellige form\u00e5l, fra skinnarbeid til modellbygging. Dette OcCre &#8211; Awl verkt\u00f8yet fortsetter denne tradisjonen ved \u00e5 tilby et h\u00f8ykvalitets verkt\u00f8y til modellbyggere.<\/p>\n<p>Ikke vent lenger. Fullf\u00f8r verkt\u00f8ykassen din med OcCre &#8211; Awl, og ta modellbyggingen din til neste niv\u00e5. Kj\u00f8p her.<\/p>","protected":false},"excerpt":{"rendered":"<p>OcCre &#8211; Awl er et multifunksjonelt verkt\u00f8y for merking av hull i tre og gjennomtrenging av stoff. Et uunnv\u00e6rlig verkt\u00f8y for enhver modellbygger.<\/p>","protected":false},"featured_media":8665,"comment_status":"open","ping_status":"closed","template":"","meta":[],"product_brand":[95],"product_cat":[58],"product_tag":[],"class_list":{"0":"post-8666","1":"product","2":"type-product","3":"status-publish","4":"has-post-thumbnail","6":"product_brand-occre","7":"product_cat-verktoy","9":"first","10":"instock","11":"taxable","12":"shipping-taxable","13":"purchasable","14":"product-type-simple"},"_links":{"self":[{"href":"https:\/\/bigfunhobby.com\/sv\/wp-json\/wp\/v2\/product\/8666","targetHints":{"allow":["GET"]}}],"collection":[{"href":"https:\/\/bigfunhobby.com\/sv\/wp-json\/wp\/v2\/product"}],"about":[{"href":"https:\/\/bigfunhobby.com\/sv\/wp-json\/wp\/v2\/types\/product"}],"replies":[{"embeddable":true,"href":"https:\/\/bigfunhobby.com\/sv\/wp-json\/wp\/v2\/comments?post=8666"}],"wp:featuredmedia":[{"embeddable":true,"href":"https:\/\/bigfunhobby.com\/sv\/wp-json\/wp\/v2\/media\/8665"}],"wp:attachment":[{"href":"https:\/\/bigfunhobby.com\/sv\/wp-json\/wp\/v2\/media?parent=8666"}],"wp:term":[{"taxonomy":"product_brand","embeddable":true,"href":"https:\/\/bigfunhobby.com\/sv\/wp-json\/wp\/v2\/product_brand?post=8666"},{"taxonomy":"product_cat","embeddable":true,"href":"https:\/\/bigfunhobby.com\/sv\/wp-json\/wp\/v2\/product_cat?post=8666"},{"taxonomy":"product_tag","embeddable":true,"href":"https:\/\/bigfunhobby.com\/sv\/wp-json\/wp\/v2\/product_tag?post=8666"}],"curies":[{"name":"wp","href":"https:\/\/api.w.org\/{rel}","templated":true}]}}